{"id":10051,"date":"2023-07-06T20:35:12","date_gmt":"2023-07-06T18:35:12","guid":{"rendered":"https:\/\/goetzens-auf-reisen.com\/?page_id=10051"},"modified":"2023-07-06T21:03:02","modified_gmt":"2023-07-06T19:03:02","slug":"halmsaengerartige","status":"publish","type":"page","link":"https:\/\/goetzens-auf-reisen.com\/?page_id=10051","title":{"rendered":"Halms\u00e4ngerartige"},"content":{"rendered":"\n<p><strong>Gattungen: <\/strong><br>Eigentliche Prinien (<em>Prinia<\/em>)<br>Bogenfl\u00fcgel (<em>Camaroptera<\/em>) <br>Zistens\u00e4nger (<em>Cisticola<\/em>)<br>Feins\u00e4nger (<em>Apalis<\/em>)<br>Namafeins\u00e4nger (<em>Phragmacia<\/em>)<br><\/p>\n\n\n<style type=\"text\/css\">\n#foogallery-gallery-6537 .fg-image { width: 750px; }<\/style>\n\t\t\t<div class=\"foogallery foogallery-container foogallery-image-viewer foogallery-link-image foogallery-lightbox-foogallery fg-center fg-image-viewer fg-ready fg-light fg-border-thin fg-shadow-outline fg-loading-default fg-loaded-fade-in fg-caption-hover fg-hover-fade fg-hover-zoom\" id=\"foogallery-gallery-6537\" data-foogallery=\"{&quot;item&quot;:{&quot;showCaptionTitle&quot;:true,&quot;showCaptionDescription&quot;:true},&quot;lazy&quot;:true,&quot;template&quot;:{&quot;loop&quot;:true}}\" data-foogallery-lightbox=\"{&quot;theme&quot;:&quot;fg-light&quot;,&quot;thumbs&quot;:&quot;left&quot;,&quot;thumbsCaptions&quot;:true,&quot;thumbsBestFit&quot;:false,&quot;thumbsSmall&quot;:false,&quot;thumbsCaptionsAlign&quot;:&quot;default&quot;,&quot;info&quot;:&quot;bottom&quot;,&quot;infoVisible&quot;:true,&quot;infoOverlay&quot;:true,&quot;infoAlign&quot;:&quot;center&quot;,&quot;transition&quot;:&quot;fade&quot;,&quot;hoverButtons&quot;:false,&quot;fitMedia&quot;:false,&quot;noScrollbars&quot;:true,&quot;preserveButtonSpace&quot;:true,&quot;buttons&quot;:{&quot;fullscreen&quot;:true,&quot;info&quot;:true,&quot;thumbs&quot;:false},&quot;video&quot;:{&quot;autoPlay&quot;:true}}\" style=\"--fg-title-line-clamp: 0; --fg-description-line-clamp: 0;\" >\n\t<div class=\"fiv-inner\">\n\t\t<div class=\"fiv-inner-container\">\n\t\t\t<div class=\"fg-item fg-type-image fg-idle\"><figure class=\"fg-item-inner\"><a href=\"https:\/\/goetzens-auf-reisen.com\/wp-content\/uploads\/2021\/11\/Rahmbrustprinie.jpg\" data-caption-title=\"Rahmbrustprinie\" data-caption-desc=\"Etosha 2021\" data-attachment-id=\"6538\" data-type=\"image\" class=\"fg-thumb\"><span class=\"fg-image-wrap\"><img fetchpriority=\"high\" decoding=\"async\" title=\"Rahmbrustprinie\" width=\"750\" height=\"500\" class=\"skip-lazy fg-image\" data-src-fg=\"https:\/\/goetzens-auf-reisen.com\/wp-content\/uploads\/cache\/2021\/11\/Rahmbrustprinie\/612041343.jpg\" src=\"data:image\/svg+xml,%3Csvg%20xmlns%3D%22http%3A%2F%2Fwww.w3.org%2F2000%2Fsvg%22%20width%3D%22750%22%20height%3D%22500%22%20viewBox%3D%220%200%20750%20500%22%3E%3C%2Fsvg%3E\" loading=\"eager\"><\/span><span class=\"fg-image-overlay\"><\/span><\/a><figcaption class=\"fg-caption\"><div class=\"fg-caption-inner\"><div class=\"fg-caption-title\">Rahmbrustprinie<\/div><div class=\"fg-caption-desc\">Etosha 2021<\/div><\/div><\/figcaption><\/figure><div class=\"fg-loader\"><\/div><\/div><div class=\"fg-item fg-type-image fg-idle\"><figure class=\"fg-item-inner\"><a href=\"https:\/\/goetzens-auf-reisen.com\/wp-content\/uploads\/2021\/11\/Brustbandprinie-n-br.-KTP-scaled.jpg\" data-caption-title=\"Brustbandprinie (n-br.)\" data-caption-desc=\"KTP 2023\" data-attachment-id=\"9249\" data-type=\"image\" class=\"fg-thumb\"><span class=\"fg-image-wrap\"><img decoding=\"async\" title=\"Brustbandprinie (n-br.)\" width=\"750\" height=\"500\" class=\"skip-lazy fg-image\" data-src-fg=\"https:\/\/goetzens-auf-reisen.com\/wp-content\/uploads\/cache\/2021\/11\/Brustbandprinie-n-br_-KTP-scaled\/3849320839.jpg\" src=\"data:image\/svg+xml,%3Csvg%20xmlns%3D%22http%3A%2F%2Fwww.w3.org%2F2000%2Fsvg%22%20width%3D%22750%22%20height%3D%22500%22%20viewBox%3D%220%200%20750%20500%22%3E%3C%2Fsvg%3E\" loading=\"eager\"><\/span><span class=\"fg-image-overlay\"><\/span><\/a><figcaption class=\"fg-caption\"><div class=\"fg-caption-inner\"><div class=\"fg-caption-title\">Brustbandprinie (n-br.)<\/div><div class=\"fg-caption-desc\">KTP 2023<\/div><\/div><\/figcaption><\/figure><div class=\"fg-loader\"><\/div><\/div><div class=\"fg-item fg-type-image fg-idle\"><figure class=\"fg-item-inner\"><a href=\"https:\/\/goetzens-auf-reisen.com\/wp-content\/uploads\/2021\/11\/Fleckenprinie-Namaqualand-scaled.jpg\" data-caption-title=\"Fleckenprinie\" data-caption-desc=\"Namaqualand 2023\" data-attachment-id=\"9250\" data-type=\"image\" class=\"fg-thumb\"><span class=\"fg-image-wrap\"><img decoding=\"async\" title=\"Fleckenprinie\" width=\"750\" height=\"500\" class=\"skip-lazy fg-image\" data-src-fg=\"https:\/\/goetzens-auf-reisen.com\/wp-content\/uploads\/cache\/2021\/11\/Fleckenprinie-Namaqualand-scaled\/1216890171.jpg\" src=\"data:image\/svg+xml,%3Csvg%20xmlns%3D%22http%3A%2F%2Fwww.w3.org%2F2000%2Fsvg%22%20width%3D%22750%22%20height%3D%22500%22%20viewBox%3D%220%200%20750%20500%22%3E%3C%2Fsvg%3E\" loading=\"eager\"><\/span><span class=\"fg-image-overlay\"><\/span><\/a><figcaption class=\"fg-caption\"><div class=\"fg-caption-inner\"><div class=\"fg-caption-title\">Fleckenprinie<\/div><div class=\"fg-caption-desc\">Namaqualand 2023<\/div><\/div><\/figcaption><\/figure><div class=\"fg-loader\"><\/div><\/div><div class=\"fg-item fg-type-image fg-idle\"><figure class=\"fg-item-inner\"><a href=\"https:\/\/goetzens-auf-reisen.com\/wp-content\/uploads\/2021\/11\/Savannenbogenfluegel-Etosha-scaled.jpg\" data-caption-title=\"Gr\u00fcnmantelbogenfl\u00fcgel, Bl\u00f6kgrasm\u00fccke\" data-caption-desc=\"Etosha 2023\" data-attachment-id=\"9228\" data-type=\"image\" class=\"fg-thumb\"><span class=\"fg-image-wrap\"><img decoding=\"async\" title=\"Gr\u00fcnmantelbogenfl\u00fcgel, Bl\u00f6kgrasm\u00fccke\" width=\"750\" height=\"500\" class=\"skip-lazy fg-image\" data-src-fg=\"https:\/\/goetzens-auf-reisen.com\/wp-content\/uploads\/cache\/2021\/11\/Savannenbogenfluegel-Etosha-scaled\/2654354535.jpg\" src=\"data:image\/svg+xml,%3Csvg%20xmlns%3D%22http%3A%2F%2Fwww.w3.org%2F2000%2Fsvg%22%20width%3D%22750%22%20height%3D%22500%22%20viewBox%3D%220%200%20750%20500%22%3E%3C%2Fsvg%3E\" loading=\"eager\"><\/span><span class=\"fg-image-overlay\"><\/span><\/a><figcaption class=\"fg-caption\"><div class=\"fg-caption-inner\"><div class=\"fg-caption-title\">Gr\u00fcnmantelbogenfl\u00fcgel, Bl\u00f6kgrasm\u00fccke<\/div><div class=\"fg-caption-desc\">Etosha 2023<\/div><\/div><\/figcaption><\/figure><div class=\"fg-loader\"><\/div><\/div><div class=\"fg-item fg-type-image fg-idle\"><figure class=\"fg-item-inner\"><a href=\"https:\/\/goetzens-auf-reisen.com\/wp-content\/uploads\/2022\/09\/Vleyzistensaenger-scaled.jpg\" data-caption-title=\"Vleyzistens\u00e4nger\" data-caption-desc=\"Golden-Gate-Highland NP, 2022\" data-attachment-id=\"8231\" data-type=\"image\" class=\"fg-thumb\"><span class=\"fg-image-wrap\"><img decoding=\"async\" title=\"Vleyzistens\u00e4nger\" width=\"750\" height=\"500\" class=\"skip-lazy fg-image\" data-src-fg=\"https:\/\/goetzens-auf-reisen.com\/wp-content\/uploads\/cache\/2022\/09\/Vleyzistensaenger-scaled\/3326409613.jpg\" src=\"data:image\/svg+xml,%3Csvg%20xmlns%3D%22http%3A%2F%2Fwww.w3.org%2F2000%2Fsvg%22%20width%3D%22750%22%20height%3D%22500%22%20viewBox%3D%220%200%20750%20500%22%3E%3C%2Fsvg%3E\" loading=\"eager\"><\/span><span class=\"fg-image-overlay\"><\/span><\/a><figcaption class=\"fg-caption\"><div class=\"fg-caption-inner\"><div class=\"fg-caption-title\">Vleyzistens\u00e4nger<\/div><div class=\"fg-caption-desc\">Golden-Gate-Highland NP, 2022<\/div><\/div><\/figcaption><\/figure><div class=\"fg-loader\"><\/div><\/div><div class=\"fg-item fg-type-image fg-idle\"><figure class=\"fg-item-inner\"><a href=\"https:\/\/goetzens-auf-reisen.com\/wp-content\/uploads\/2021\/11\/Braunkopfzistensaenger-scaled.jpg\" data-caption-title=\"Braunkopfzistens\u00e4nger\" data-caption-desc=\"Royal Natal NP, 2022\" data-attachment-id=\"8233\" data-type=\"image\" class=\"fg-thumb\"><span class=\"fg-image-wrap\"><img decoding=\"async\" title=\"Braunkopfzistens\u00e4nger\" width=\"750\" height=\"500\" class=\"skip-lazy fg-image\" data-src-fg=\"https:\/\/goetzens-auf-reisen.com\/wp-content\/uploads\/cache\/2021\/11\/Braunkopfzistensaenger-scaled\/227428723.jpg\" src=\"data:image\/svg+xml,%3Csvg%20xmlns%3D%22http%3A%2F%2Fwww.w3.org%2F2000%2Fsvg%22%20width%3D%22750%22%20height%3D%22500%22%20viewBox%3D%220%200%20750%20500%22%3E%3C%2Fsvg%3E\" loading=\"eager\"><\/span><span class=\"fg-image-overlay\"><\/span><\/a><figcaption class=\"fg-caption\"><div class=\"fg-caption-inner\"><div class=\"fg-caption-title\">Braunkopfzistens\u00e4nger<\/div><div class=\"fg-caption-desc\">Royal Natal NP, 2022<\/div><\/div><\/figcaption><\/figure><div class=\"fg-loader\"><\/div><\/div><div class=\"fg-item fg-type-image fg-idle\"><figure class=\"fg-item-inner\"><a href=\"https:\/\/goetzens-auf-reisen.com\/wp-content\/uploads\/2021\/11\/Luapulazistensaenger-DivunduAa-scaled.jpg\" data-caption-title=\"Luapulazistens\u00e4nger\" data-caption-desc=\"Divundu,NAM, 04-2025\" data-attachment-id=\"13537\" data-type=\"image\" class=\"fg-thumb\"><span class=\"fg-image-wrap\"><img decoding=\"async\" title=\"Luapulazistens\u00e4nger\" width=\"750\" height=\"500\" class=\"skip-lazy fg-image\" data-src-fg=\"https:\/\/goetzens-auf-reisen.com\/wp-content\/uploads\/cache\/2021\/11\/Luapulazistensaenger-DivunduAa-scaled\/73688982.jpg\" src=\"data:image\/svg+xml,%3Csvg%20xmlns%3D%22http%3A%2F%2Fwww.w3.org%2F2000%2Fsvg%22%20width%3D%22750%22%20height%3D%22500%22%20viewBox%3D%220%200%20750%20500%22%3E%3C%2Fsvg%3E\" loading=\"eager\"><\/span><span class=\"fg-image-overlay\"><\/span><\/a><figcaption class=\"fg-caption\"><div class=\"fg-caption-inner\"><div class=\"fg-caption-title\">Luapulazistens\u00e4nger<\/div><div class=\"fg-caption-desc\">Divundu,NAM, 04-2025<\/div><\/div><\/figcaption><\/figure><div class=\"fg-loader\"><\/div><\/div><div class=\"fg-item fg-type-image fg-idle\"><figure class=\"fg-item-inner\"><a href=\"https:\/\/goetzens-auf-reisen.com\/wp-content\/uploads\/2021\/11\/Rotscheitelzistensaenger4-scaled.jpg\" data-caption-title=\"Rotscheitelzistens\u00e4nger\" data-caption-desc=\"Hluhluwe, 2022\" data-attachment-id=\"8278\" data-type=\"image\" class=\"fg-thumb\"><span class=\"fg-image-wrap\"><img decoding=\"async\" title=\"Rotscheitelzistens\u00e4nger\" width=\"750\" height=\"500\" class=\"skip-lazy fg-image\" data-src-fg=\"https:\/\/goetzens-auf-reisen.com\/wp-content\/uploads\/cache\/2021\/11\/Rotscheitelzistensaenger4-scaled\/3740840702.jpg\" src=\"data:image\/svg+xml,%3Csvg%20xmlns%3D%22http%3A%2F%2Fwww.w3.org%2F2000%2Fsvg%22%20width%3D%22750%22%20height%3D%22500%22%20viewBox%3D%220%200%20750%20500%22%3E%3C%2Fsvg%3E\" loading=\"eager\"><\/span><span class=\"fg-image-overlay\"><\/span><\/a><figcaption class=\"fg-caption\"><div class=\"fg-caption-inner\"><div class=\"fg-caption-title\">Rotscheitelzistens\u00e4nger<\/div><div class=\"fg-caption-desc\">Hluhluwe, 2022<\/div><\/div><\/figcaption><\/figure><div class=\"fg-loader\"><\/div><\/div><div class=\"fg-item fg-type-image fg-idle\"><figure class=\"fg-item-inner\"><a href=\"https:\/\/goetzens-auf-reisen.com\/wp-content\/uploads\/2021\/11\/Rudds-Apalis-w.-scaled.jpg\" data-caption-title=\"Flechtenfeins\u00e4nger (w.)\" data-caption-desc=\"Sant Lucia, 2022\" data-attachment-id=\"8333\" data-type=\"image\" class=\"fg-thumb\"><span class=\"fg-image-wrap\"><img decoding=\"async\" title=\"Flechtenfeins\u00e4nger (w.)\" width=\"750\" height=\"500\" class=\"skip-lazy fg-image\" data-src-fg=\"https:\/\/goetzens-auf-reisen.com\/wp-content\/uploads\/cache\/2021\/11\/Rudds-Apalis-w_-scaled\/326876894.jpg\" src=\"data:image\/svg+xml,%3Csvg%20xmlns%3D%22http%3A%2F%2Fwww.w3.org%2F2000%2Fsvg%22%20width%3D%22750%22%20height%3D%22500%22%20viewBox%3D%220%200%20750%20500%22%3E%3C%2Fsvg%3E\" loading=\"eager\"><\/span><span class=\"fg-image-overlay\"><\/span><\/a><figcaption class=\"fg-caption\"><div class=\"fg-caption-inner\"><div class=\"fg-caption-title\">Flechtenfeins\u00e4nger (w.)<\/div><div class=\"fg-caption-desc\">Sant Lucia, 2022<\/div><\/div><\/figcaption><\/figure><div class=\"fg-loader\"><\/div><\/div><div class=\"fg-item fg-type-image fg-idle\"><figure class=\"fg-item-inner\"><a href=\"https:\/\/goetzens-auf-reisen.com\/wp-content\/uploads\/2021\/11\/Halsbandfeinsaenger-Panorama-Route-scaled.jpg\" data-caption-title=\"Halsbandfeins\u00e4nger\" data-caption-desc=\"Panorama Route, 2022\" data-attachment-id=\"8387\" data-type=\"image\" class=\"fg-thumb\"><span class=\"fg-image-wrap\"><img decoding=\"async\" title=\"Halsbandfeins\u00e4nger\" width=\"750\" height=\"500\" class=\"skip-lazy fg-image\" data-src-fg=\"https:\/\/goetzens-auf-reisen.com\/wp-content\/uploads\/cache\/2021\/11\/Halsbandfeinsaenger-Panorama-Route-scaled\/1281511757.jpg\" src=\"data:image\/svg+xml,%3Csvg%20xmlns%3D%22http%3A%2F%2Fwww.w3.org%2F2000%2Fsvg%22%20width%3D%22750%22%20height%3D%22500%22%20viewBox%3D%220%200%20750%20500%22%3E%3C%2Fsvg%3E\" loading=\"eager\"><\/span><span class=\"fg-image-overlay\"><\/span><\/a><figcaption class=\"fg-caption\"><div class=\"fg-caption-inner\"><div class=\"fg-caption-title\">Halsbandfeins\u00e4nger<\/div><div class=\"fg-caption-desc\">Panorama Route, 2022<\/div><\/div><\/figcaption><\/figure><div class=\"fg-loader\"><\/div><\/div><div class=\"fg-item fg-type-image fg-idle\"><figure class=\"fg-item-inner\"><a href=\"https:\/\/goetzens-auf-reisen.com\/wp-content\/uploads\/2021\/11\/Gruenmantelbogenfluegel-scaled.jpg\" data-caption-title=\"Gelbbrust-Feins\u00e4nger\" data-caption-desc=\"Kruger NP, 2022\" data-attachment-id=\"8334\" data-type=\"image\" class=\"fg-thumb\"><span class=\"fg-image-wrap\"><img decoding=\"async\" title=\"Gelbbrust-Feins\u00e4nger\" width=\"750\" height=\"500\" class=\"skip-lazy fg-image\" data-src-fg=\"https:\/\/goetzens-auf-reisen.com\/wp-content\/uploads\/cache\/2021\/11\/Gruenmantelbogenfluegel-scaled\/236482674.jpg\" src=\"data:image\/svg+xml,%3Csvg%20xmlns%3D%22http%3A%2F%2Fwww.w3.org%2F2000%2Fsvg%22%20width%3D%22750%22%20height%3D%22500%22%20viewBox%3D%220%200%20750%20500%22%3E%3C%2Fsvg%3E\" loading=\"eager\"><\/span><span class=\"fg-image-overlay\"><\/span><\/a><figcaption class=\"fg-caption\"><div class=\"fg-caption-inner\"><div class=\"fg-caption-title\">Gelbbrust-Feins\u00e4nger<\/div><div class=\"fg-caption-desc\">Kruger NP, 2022<\/div><\/div><\/figcaption><\/figure><div class=\"fg-loader\"><\/div><\/div><div class=\"fg-item fg-type-image fg-idle\"><figure class=\"fg-item-inner\"><a href=\"https:\/\/goetzens-auf-reisen.com\/wp-content\/uploads\/2021\/11\/Namafeinsaenger-Cederberge-scaled.jpg\" data-caption-title=\"Namafeins\u00e4nger\" data-caption-desc=\"Cederberge 2023\" data-attachment-id=\"9281\" data-type=\"image\" class=\"fg-thumb\"><span class=\"fg-image-wrap\"><img decoding=\"async\" title=\"Namafeins\u00e4nger\" width=\"750\" height=\"500\" class=\"skip-lazy fg-image\" data-src-fg=\"https:\/\/goetzens-auf-reisen.com\/wp-content\/uploads\/cache\/2021\/11\/Namafeinsaenger-Cederberge-scaled\/17544618.jpg\" src=\"data:image\/svg+xml,%3Csvg%20xmlns%3D%22http%3A%2F%2Fwww.w3.org%2F2000%2Fsvg%22%20width%3D%22750%22%20height%3D%22500%22%20viewBox%3D%220%200%20750%20500%22%3E%3C%2Fsvg%3E\" loading=\"eager\"><\/span><span class=\"fg-image-overlay\"><\/span><\/a><figcaption class=\"fg-caption\"><div class=\"fg-caption-inner\"><div class=\"fg-caption-title\">Namafeins\u00e4nger<\/div><div class=\"fg-caption-desc\">Cederberge 2023<\/div><\/div><\/figcaption><\/figure><div class=\"fg-loader\"><\/div><\/div>\t\t<\/div>\n\t\t<div class=\"fiv-ctrls\">\n\t\t\t<button type=\"button\" class=\"fiv-prev\" title=\"Zur\u00fcck\"><span>Zur\u00fcck<\/span><\/button>\n\t\t\t<label class=\"fiv-count\"><span class=\"fiv-count-current\">1<\/span>von<span class=\"fiv-count-total\">12<\/span><\/label>\n\t\t\t<button type=\"button\" class=\"fiv-next\" title=\"Vor\"><span>Vor<\/span><\/button>\n\t\t<\/div>\n\t<\/div>\n<\/div>\n\n\n<div class=\"wp-block-buttons is-content-justification-center is-layout-flex wp-container-core-buttons-is-layout-16018d1d wp-block-buttons-is-layout-flex\">\n<div class=\"wp-block-button has-custom-width wp-block-button__width-50 has-custom-font-size is-style-outline is-style-outline--2\" style=\"font-size:15px\"><a class=\"wp-block-button__link has-cyan-bluish-gray-color has-text-color wp-element-button\" href=\"https:\/\/goetzens-auf-reisen.com\/?page_id=2832\">&lt;&lt; zur\u00fcck zu V\u00f6gel<\/a><\/div>\n<\/div>\n\n\n\n<div class=\"wp-block-buttons has-custom-font-size is-content-justification-center is-layout-flex wp-container-core-buttons-is-layout-16018d1d wp-block-buttons-is-layout-flex\" style=\"font-size:15px\">\n<div class=\"wp-block-button has-custom-width wp-block-button__width-50 is-style-outline is-style-outline--3\"><a class=\"wp-block-button__link has-cyan-bluish-gray-color has-text-color wp-element-button\" href=\"https:\/\/goetzens-auf-reisen.com\/?page_id=4572\">&lt;&lt; zur\u00fcck zu Sperlingsv\u00f6gel<\/a><\/div>\n<\/div>\n","protected":false},"excerpt":{"rendered":"<p>Gattungen: Eigentliche Prinien (Prinia)Bogenfl\u00fcgel (Camaroptera) Zistens\u00e4nger (Cisticola)Feins\u00e4nger (Apalis)Namafeins\u00e4nger (Phragmacia)<\/p>\n","protected":false},"author":1,"featured_media":0,"parent":0,"menu_order":0,"comment_status":"closed","ping_status":"closed","template":"","meta":{"footnotes":""},"class_list":["post-10051","page","type-page","status-publish","hentry"],"_links":{"self":[{"href":"https:\/\/goetzens-auf-reisen.com\/index.php?rest_route=\/wp\/v2\/pages\/10051","targetHints":{"allow":["GET"]}}],"collection":[{"href":"https:\/\/goetzens-auf-reisen.com\/index.php?rest_route=\/wp\/v2\/pages"}],"about":[{"href":"https:\/\/goetzens-auf-reisen.com\/index.php?rest_route=\/wp\/v2\/types\/page"}],"author":[{"embeddable":true,"href":"https:\/\/goetzens-auf-reisen.com\/index.php?rest_route=\/wp\/v2\/users\/1"}],"replies":[{"embeddable":true,"href":"https:\/\/goetzens-auf-reisen.com\/index.php?rest_route=%2Fwp%2Fv2%2Fcomments&post=10051"}],"version-history":[{"count":1,"href":"https:\/\/goetzens-auf-reisen.com\/index.php?rest_route=\/wp\/v2\/pages\/10051\/revisions"}],"predecessor-version":[{"id":10052,"href":"https:\/\/goetzens-auf-reisen.com\/index.php?rest_route=\/wp\/v2\/pages\/10051\/revisions\/10052"}],"wp:attachment":[{"href":"https:\/\/goetzens-auf-reisen.com\/index.php?rest_route=%2Fwp%2Fv2%2Fmedia&parent=10051"}],"curies":[{"name":"wp","href":"https:\/\/api.w.org\/{rel}","templated":true}]}}