{"id":10097,"date":"2023-07-06T21:53:28","date_gmt":"2023-07-06T19:53:28","guid":{"rendered":"https:\/\/goetzens-auf-reisen.com\/?page_id=10097"},"modified":"2024-04-26T17:27:11","modified_gmt":"2024-04-26T15:27:11","slug":"rabenvoegel","status":"publish","type":"page","link":"https:\/\/goetzens-auf-reisen.com\/?page_id=10097","title":{"rendered":"Rabenv\u00f6gel"},"content":{"rendered":"\n<p><strong>Gattung: <\/strong><br>Raben und Kr\u00e4hen (<em>Corvus<\/em>)<br>H\u00e4her (<em>Garrulus<\/em>)<br>Echte Elstern (<em>Pica<\/em>)<br>Langschwanzh\u00e4her (<em>Calocitta<\/em>)<br>Braunh\u00e4her (<em>Psilorhinus<\/em>)<br>Dohlenh\u00e4her (<em>Cyanolyca<\/em>)<\/p>\n\n\n\n<p><br><\/p>\n\n\n<style type=\"text\/css\">\n#foogallery-gallery-4637 .fg-image { width: 750px; }<\/style>\n\t\t\t<div class=\"foogallery foogallery-container foogallery-image-viewer foogallery-link-image foogallery-lightbox-foogallery fg-center fg-image-viewer fg-ready fg-light fg-loading-default fg-loaded-fade-in fg-hover-zoomed fg-caption-hover fg-hover-fade fg-hover-zoom3 fg-transparent-overlays\" id=\"foogallery-gallery-4637\" data-foogallery=\"{&quot;item&quot;:{&quot;showCaptionTitle&quot;:true,&quot;showCaptionDescription&quot;:true},&quot;lazy&quot;:true,&quot;template&quot;:{&quot;loop&quot;:false}}\" data-foogallery-lightbox=\"{&quot;theme&quot;:&quot;fg-light&quot;,&quot;thumbs&quot;:&quot;left&quot;,&quot;thumbsCaptions&quot;:true,&quot;thumbsBestFit&quot;:false,&quot;thumbsSmall&quot;:false,&quot;thumbsCaptionsAlign&quot;:&quot;default&quot;,&quot;info&quot;:&quot;bottom&quot;,&quot;infoVisible&quot;:true,&quot;infoOverlay&quot;:true,&quot;infoAlign&quot;:&quot;center&quot;,&quot;transition&quot;:&quot;fade&quot;,&quot;hoverButtons&quot;:false,&quot;fitMedia&quot;:false,&quot;noScrollbars&quot;:true,&quot;preserveButtonSpace&quot;:true,&quot;buttons&quot;:{&quot;fullscreen&quot;:true,&quot;info&quot;:true,&quot;thumbs&quot;:false},&quot;video&quot;:{&quot;autoPlay&quot;:true}}\" style=\"--fg-title-line-clamp: 0; --fg-description-line-clamp: 0;\" >\n\t<div class=\"fiv-inner\">\n\t\t<div class=\"fiv-inner-container\">\n\t\t\t<div class=\"fg-item fg-type-image fg-idle\"><figure class=\"fg-item-inner\"><a href=\"https:\/\/goetzens-auf-reisen.com\/wp-content\/uploads\/2024\/07\/DD5A5113-topaz-2-scaled.jpeg\" data-caption-title=\"Kolkrabe\" data-caption-desc=\"Kleine Brufert, 2024\" data-attachment-id=\"13030\" data-type=\"image\" class=\"fg-thumb\"><span class=\"fg-image-wrap\"><img fetchpriority=\"high\" decoding=\"async\" title=\"Kolkrabe\" width=\"750\" height=\"500\" class=\"skip-lazy fg-image\" data-src-fg=\"https:\/\/goetzens-auf-reisen.com\/wp-content\/uploads\/cache\/2024\/07\/DD5A5113-topaz-2-scaled\/1858412297.jpeg\" src=\"data:image\/svg+xml,%3Csvg%20xmlns%3D%22http%3A%2F%2Fwww.w3.org%2F2000%2Fsvg%22%20width%3D%22750%22%20height%3D%22500%22%20viewBox%3D%220%200%20750%20500%22%3E%3C%2Fsvg%3E\" loading=\"eager\"><\/span><span class=\"fg-image-overlay\"><\/span><\/a><figcaption class=\"fg-caption\"><div class=\"fg-caption-inner\"><div class=\"fg-caption-title\">Kolkrabe<\/div><div class=\"fg-caption-desc\">Kleine Brufert, 2024<\/div><\/div><\/figcaption><\/figure><div class=\"fg-loader\"><\/div><\/div><div class=\"fg-item fg-type-image fg-idle\"><figure class=\"fg-item-inner\"><a href=\"https:\/\/goetzens-auf-reisen.com\/wp-content\/uploads\/2021\/05\/Kapkraehe-2-KTP-scaled.jpg\" data-caption-title=\"Kapkr\u00e4he\" data-caption-desc=\"KTP (SA), 2023\" data-attachment-id=\"9259\" data-type=\"image\" class=\"fg-thumb\"><span class=\"fg-image-wrap\"><img decoding=\"async\" title=\"Kapkr\u00e4he\" width=\"750\" height=\"500\" class=\"skip-lazy fg-image\" data-src-fg=\"https:\/\/goetzens-auf-reisen.com\/wp-content\/uploads\/cache\/2021\/05\/Kapkraehe-2-KTP-scaled\/1406647562.jpg\" src=\"data:image\/svg+xml,%3Csvg%20xmlns%3D%22http%3A%2F%2Fwww.w3.org%2F2000%2Fsvg%22%20width%3D%22750%22%20height%3D%22500%22%20viewBox%3D%220%200%20750%20500%22%3E%3C%2Fsvg%3E\" loading=\"eager\"><\/span><span class=\"fg-image-overlay\"><\/span><\/a><figcaption class=\"fg-caption\"><div class=\"fg-caption-inner\"><div class=\"fg-caption-title\">Kapkr\u00e4he<\/div><div class=\"fg-caption-desc\">KTP (SA), 2023<\/div><\/div><\/figcaption><\/figure><div class=\"fg-loader\"><\/div><\/div><div class=\"fg-item fg-type-image fg-idle\"><figure class=\"fg-item-inner\"><a href=\"https:\/\/goetzens-auf-reisen.com\/wp-content\/uploads\/2021\/01\/imageT1005a.jpg\" data-caption-title=\"Schildrabe\" data-caption-desc=\"Etosha 2020\" data-attachment-id=\"4031\" data-type=\"image\" class=\"fg-thumb\"><span class=\"fg-image-wrap\"><img decoding=\"async\" title=\"Schildrabe\" width=\"750\" height=\"500\" class=\"skip-lazy fg-image\" data-src-fg=\"https:\/\/goetzens-auf-reisen.com\/wp-content\/uploads\/cache\/2021\/01\/imageT1005a\/1188159548.jpg\" src=\"data:image\/svg+xml,%3Csvg%20xmlns%3D%22http%3A%2F%2Fwww.w3.org%2F2000%2Fsvg%22%20width%3D%22750%22%20height%3D%22500%22%20viewBox%3D%220%200%20750%20500%22%3E%3C%2Fsvg%3E\" loading=\"eager\"><\/span><span class=\"fg-image-overlay\"><\/span><\/a><figcaption class=\"fg-caption\"><div class=\"fg-caption-inner\"><div class=\"fg-caption-title\">Schildrabe<\/div><div class=\"fg-caption-desc\">Etosha 2020<\/div><\/div><\/figcaption><\/figure><div class=\"fg-loader\"><\/div><\/div><div class=\"fg-item fg-type-image fg-idle\"><figure class=\"fg-item-inner\"><a href=\"https:\/\/goetzens-auf-reisen.com\/wp-content\/uploads\/2021\/05\/Rabenkraehe-DD5A8003-A-scaled.jpg\" data-caption-title=\"Aaskr\u00e4ge (ssp. Corvus corone corone = Rabenkr\u00e4he)\" data-caption-desc=\"Baltrum, 10-2025\" data-attachment-id=\"14027\" data-type=\"image\" class=\"fg-thumb\"><span class=\"fg-image-wrap\"><img decoding=\"async\" title=\"Aaskr\u00e4ge (ssp. Corvus corone corone = Rabenkr\u00e4he)\" width=\"750\" height=\"500\" class=\"skip-lazy fg-image\" data-src-fg=\"https:\/\/goetzens-auf-reisen.com\/wp-content\/uploads\/cache\/2021\/05\/Rabenkraehe-DD5A8003-A-scaled\/544082933.jpg\" src=\"data:image\/svg+xml,%3Csvg%20xmlns%3D%22http%3A%2F%2Fwww.w3.org%2F2000%2Fsvg%22%20width%3D%22750%22%20height%3D%22500%22%20viewBox%3D%220%200%20750%20500%22%3E%3C%2Fsvg%3E\" loading=\"eager\"><\/span><span class=\"fg-image-overlay\"><\/span><\/a><figcaption class=\"fg-caption\"><div class=\"fg-caption-inner\"><div class=\"fg-caption-title\">Aaskr\u00e4ge (ssp. Corvus corone corone = Rabenkr\u00e4he)<\/div><div class=\"fg-caption-desc\">Baltrum, 10-2025<\/div><\/div><\/figcaption><\/figure><div class=\"fg-loader\"><\/div><\/div><div class=\"fg-item fg-type-image fg-idle\"><figure class=\"fg-item-inner\"><a href=\"https:\/\/goetzens-auf-reisen.com\/wp-content\/uploads\/2021\/05\/DD5A9103A-scaled.jpg\" data-caption-title=\"Saatkr\u00e4he\" data-caption-desc=\"vor unserem Haus, 02-2025\" data-attachment-id=\"13228\" data-type=\"image\" class=\"fg-thumb\"><span class=\"fg-image-wrap\"><img decoding=\"async\" title=\"Saatkr\u00e4he\" width=\"750\" height=\"500\" class=\"skip-lazy fg-image\" data-src-fg=\"https:\/\/goetzens-auf-reisen.com\/wp-content\/uploads\/cache\/2021\/05\/DD5A9103A-scaled\/2098435914.jpg\" src=\"data:image\/svg+xml,%3Csvg%20xmlns%3D%22http%3A%2F%2Fwww.w3.org%2F2000%2Fsvg%22%20width%3D%22750%22%20height%3D%22500%22%20viewBox%3D%220%200%20750%20500%22%3E%3C%2Fsvg%3E\" loading=\"eager\"><\/span><span class=\"fg-image-overlay\"><\/span><\/a><figcaption class=\"fg-caption\"><div class=\"fg-caption-inner\"><div class=\"fg-caption-title\">Saatkr\u00e4he<\/div><div class=\"fg-caption-desc\">vor unserem Haus, 02-2025<\/div><\/div><\/figcaption><\/figure><div class=\"fg-loader\"><\/div><\/div><div class=\"fg-item fg-type-image fg-idle\"><figure class=\"fg-item-inner\"><a href=\"https:\/\/goetzens-auf-reisen.com\/wp-content\/uploads\/2021\/05\/Nebelkraehe-Koriska-topaz-scaled.jpeg\" data-caption-title=\"Aaskr\u00e4ge ( ssp. Corvus corone cornix = Nebelkr\u00e4he)\" data-caption-desc=\"Koriska (F), 2013\" data-attachment-id=\"11913\" data-type=\"image\" class=\"fg-thumb\"><span class=\"fg-image-wrap\"><img decoding=\"async\" title=\"Aaskr\u00e4ge ( ssp. Corvus corone cornix = Nebelkr\u00e4he)\" width=\"750\" height=\"500\" class=\"skip-lazy fg-image\" data-src-fg=\"https:\/\/goetzens-auf-reisen.com\/wp-content\/uploads\/cache\/2021\/05\/Nebelkraehe-Koriska-topaz-scaled\/3149972460.jpeg\" src=\"data:image\/svg+xml,%3Csvg%20xmlns%3D%22http%3A%2F%2Fwww.w3.org%2F2000%2Fsvg%22%20width%3D%22750%22%20height%3D%22500%22%20viewBox%3D%220%200%20750%20500%22%3E%3C%2Fsvg%3E\" loading=\"eager\"><\/span><span class=\"fg-image-overlay\"><\/span><\/a><figcaption class=\"fg-caption\"><div class=\"fg-caption-inner\"><div class=\"fg-caption-title\">Aaskr\u00e4ge ( ssp. Corvus corone cornix = Nebelkr\u00e4he)<\/div><div class=\"fg-caption-desc\">Koriska (F), 2013<\/div><\/div><\/figcaption><\/figure><div class=\"fg-loader\"><\/div><\/div><div class=\"fg-item fg-type-image fg-idle\"><figure class=\"fg-item-inner\"><a href=\"https:\/\/goetzens-auf-reisen.com\/wp-content\/uploads\/2021\/05\/Dohle-Schweden-topaz-scaled.jpeg\" data-caption-title=\"Dohle (Nominatform: Corvus monedula monedula)\" data-caption-desc=\"Schweden, 2006\" data-attachment-id=\"11911\" data-type=\"image\" class=\"fg-thumb\"><span class=\"fg-image-wrap\"><img decoding=\"async\" title=\"Dohle (Nominatform: Corvus monedula monedula)\" width=\"750\" height=\"500\" class=\"skip-lazy fg-image\" data-src-fg=\"https:\/\/goetzens-auf-reisen.com\/wp-content\/uploads\/cache\/2021\/05\/Dohle-Schweden-topaz-scaled\/3469778910.jpeg\" src=\"data:image\/svg+xml,%3Csvg%20xmlns%3D%22http%3A%2F%2Fwww.w3.org%2F2000%2Fsvg%22%20width%3D%22750%22%20height%3D%22500%22%20viewBox%3D%220%200%20750%20500%22%3E%3C%2Fsvg%3E\" loading=\"eager\"><\/span><span class=\"fg-image-overlay\"><\/span><\/a><figcaption class=\"fg-caption\"><div class=\"fg-caption-inner\"><div class=\"fg-caption-title\">Dohle (Nominatform: Corvus monedula monedula)<\/div><div class=\"fg-caption-desc\">Schweden, 2006<\/div><\/div><\/figcaption><\/figure><div class=\"fg-loader\"><\/div><\/div><div class=\"fg-item fg-type-image fg-idle\"><figure class=\"fg-item-inner\"><a href=\"https:\/\/goetzens-auf-reisen.com\/wp-content\/uploads\/2023\/02\/Dohle-scaled.jpg\" data-caption-title=\"Dohle (ssp. spermologus)\n- vergesellschaftet mit Saatkr\u00e4hen\" data-caption-desc=\"Steinmauern 2023\" data-attachment-id=\"8744\" data-type=\"image\" class=\"fg-thumb\"><span class=\"fg-image-wrap\"><img decoding=\"async\" title=\"Dohle (ssp. spermologus)\n- vergesellschaftet mit Saatkr\u00e4hen\" width=\"750\" height=\"500\" class=\"skip-lazy fg-image\" data-src-fg=\"https:\/\/goetzens-auf-reisen.com\/wp-content\/uploads\/cache\/2023\/02\/Dohle-scaled\/878950098.jpg\" src=\"data:image\/svg+xml,%3Csvg%20xmlns%3D%22http%3A%2F%2Fwww.w3.org%2F2000%2Fsvg%22%20width%3D%22750%22%20height%3D%22500%22%20viewBox%3D%220%200%20750%20500%22%3E%3C%2Fsvg%3E\" loading=\"eager\"><\/span><span class=\"fg-image-overlay\"><\/span><\/a><figcaption class=\"fg-caption\"><div class=\"fg-caption-inner\"><div class=\"fg-caption-title\">Dohle (ssp. spermologus)\n&#8211; vergesellschaftet mit Saatkr\u00e4hen<\/div><div class=\"fg-caption-desc\">Steinmauern 2023<\/div><\/div><\/figcaption><\/figure><div class=\"fg-loader\"><\/div><\/div><div class=\"fg-item fg-type-image fg-idle\"><figure class=\"fg-item-inner\"><a href=\"https:\/\/goetzens-auf-reisen.com\/wp-content\/uploads\/2021\/06\/eichelhaeher-scaled.jpg\" data-caption-title=\"Eichelh\u00e4her\" data-caption-desc=\"Steinmauern 2020\" data-attachment-id=\"4794\" data-type=\"image\" class=\"fg-thumb\"><span class=\"fg-image-wrap\"><img decoding=\"async\" title=\"Eichelh\u00e4her\" width=\"750\" height=\"500\" class=\"skip-lazy fg-image\" data-src-fg=\"https:\/\/goetzens-auf-reisen.com\/wp-content\/uploads\/cache\/2021\/06\/eichelhaeher-scaled\/2114378334.jpg\" src=\"data:image\/svg+xml,%3Csvg%20xmlns%3D%22http%3A%2F%2Fwww.w3.org%2F2000%2Fsvg%22%20width%3D%22750%22%20height%3D%22500%22%20viewBox%3D%220%200%20750%20500%22%3E%3C%2Fsvg%3E\" loading=\"eager\"><\/span><span class=\"fg-image-overlay\"><\/span><\/a><figcaption class=\"fg-caption\"><div class=\"fg-caption-inner\"><div class=\"fg-caption-title\">Eichelh\u00e4her<\/div><div class=\"fg-caption-desc\">Steinmauern 2020<\/div><\/div><\/figcaption><\/figure><div class=\"fg-loader\"><\/div><\/div><div class=\"fg-item fg-type-image fg-idle\"><figure class=\"fg-item-inner\"><a href=\"https:\/\/goetzens-auf-reisen.com\/wp-content\/uploads\/2021\/05\/Elster-topaz-scaled.jpg\" data-caption-title=\"Elster\" data-caption-desc=\"Steinmauern, Jan. 2024\" data-attachment-id=\"10889\" data-type=\"image\" class=\"fg-thumb\"><span class=\"fg-image-wrap\"><img decoding=\"async\" title=\"Elster\" width=\"750\" height=\"500\" class=\"skip-lazy fg-image\" data-src-fg=\"https:\/\/goetzens-auf-reisen.com\/wp-content\/uploads\/cache\/2021\/05\/Elster-topaz-scaled\/2717928132.jpg\" src=\"data:image\/svg+xml,%3Csvg%20xmlns%3D%22http%3A%2F%2Fwww.w3.org%2F2000%2Fsvg%22%20width%3D%22750%22%20height%3D%22500%22%20viewBox%3D%220%200%20750%20500%22%3E%3C%2Fsvg%3E\" loading=\"eager\"><\/span><span class=\"fg-image-overlay\"><\/span><\/a><figcaption class=\"fg-caption\"><div class=\"fg-caption-inner\"><div class=\"fg-caption-title\">Elster<\/div><div class=\"fg-caption-desc\">Steinmauern, Jan. 2024<\/div><\/div><\/figcaption><\/figure><div class=\"fg-loader\"><\/div><\/div><div class=\"fg-item fg-type-image fg-idle\"><figure class=\"fg-item-inner\"><a href=\"https:\/\/goetzens-auf-reisen.com\/wp-content\/uploads\/2021\/05\/Blaukappenhaeher-Monteverde-topaz-2-scaled.jpeg\" data-caption-title=\"Blaukappenh\u00e4her\" data-caption-desc=\"Monteverde (CR), 2024\" data-attachment-id=\"11909\" data-type=\"image\" class=\"fg-thumb\"><span class=\"fg-image-wrap\"><img decoding=\"async\" title=\"Blaukappenh\u00e4her\" width=\"750\" height=\"500\" class=\"skip-lazy fg-image\" data-src-fg=\"https:\/\/goetzens-auf-reisen.com\/wp-content\/uploads\/cache\/2021\/05\/Blaukappenhaeher-Monteverde-topaz-2-scaled\/2524440052.jpeg\" src=\"data:image\/svg+xml,%3Csvg%20xmlns%3D%22http%3A%2F%2Fwww.w3.org%2F2000%2Fsvg%22%20width%3D%22750%22%20height%3D%22500%22%20viewBox%3D%220%200%20750%20500%22%3E%3C%2Fsvg%3E\" loading=\"eager\"><\/span><span class=\"fg-image-overlay\"><\/span><\/a><figcaption class=\"fg-caption\"><div class=\"fg-caption-inner\"><div class=\"fg-caption-title\">Blaukappenh\u00e4her<\/div><div class=\"fg-caption-desc\">Monteverde (CR), 2024<\/div><\/div><\/figcaption><\/figure><div class=\"fg-loader\"><\/div><\/div><div class=\"fg-item fg-type-image fg-idle\"><figure class=\"fg-item-inner\"><a href=\"https:\/\/goetzens-auf-reisen.com\/wp-content\/uploads\/2021\/05\/Braunhaeher-Monteverde-topaz-scaled.jpeg\" data-caption-title=\"Braunh\u00e4her (ad.)\" data-caption-desc=\"Monteverde (CR), 2024\" data-attachment-id=\"11910\" data-type=\"image\" class=\"fg-thumb\"><span class=\"fg-image-wrap\"><img decoding=\"async\" title=\"Braunh\u00e4her (ad.)\" width=\"750\" height=\"500\" class=\"skip-lazy fg-image\" data-src-fg=\"https:\/\/goetzens-auf-reisen.com\/wp-content\/uploads\/cache\/2021\/05\/Braunhaeher-Monteverde-topaz-scaled\/510503943.jpeg\" src=\"data:image\/svg+xml,%3Csvg%20xmlns%3D%22http%3A%2F%2Fwww.w3.org%2F2000%2Fsvg%22%20width%3D%22750%22%20height%3D%22500%22%20viewBox%3D%220%200%20750%20500%22%3E%3C%2Fsvg%3E\" loading=\"eager\"><\/span><span class=\"fg-image-overlay\"><\/span><\/a><figcaption class=\"fg-caption\"><div class=\"fg-caption-inner\"><div class=\"fg-caption-title\">Braunh\u00e4her (ad.)<\/div><div class=\"fg-caption-desc\">Monteverde (CR), 2024<\/div><\/div><\/figcaption><\/figure><div class=\"fg-loader\"><\/div><\/div><div class=\"fg-item fg-type-image fg-idle\"><figure class=\"fg-item-inner\"><a href=\"https:\/\/goetzens-auf-reisen.com\/wp-content\/uploads\/2021\/05\/xDD5A8351-scaled.jpg\" data-caption-title=\"Braunh\u00e4her (1. Jahr)\" data-caption-desc=\"Orange Walk Town (BZE), 03-2026\" data-attachment-id=\"14940\" data-type=\"image\" class=\"fg-thumb\"><span class=\"fg-image-wrap\"><img decoding=\"async\" title=\"Braunh\u00e4her (1. Jahr)\" width=\"750\" height=\"500\" class=\"skip-lazy fg-image\" data-src-fg=\"https:\/\/goetzens-auf-reisen.com\/wp-content\/uploads\/cache\/2021\/05\/xDD5A8351-scaled\/37490257.jpg\" src=\"data:image\/svg+xml,%3Csvg%20xmlns%3D%22http%3A%2F%2Fwww.w3.org%2F2000%2Fsvg%22%20width%3D%22750%22%20height%3D%22500%22%20viewBox%3D%220%200%20750%20500%22%3E%3C%2Fsvg%3E\" loading=\"eager\"><\/span><span class=\"fg-image-overlay\"><\/span><\/a><figcaption class=\"fg-caption\"><div class=\"fg-caption-inner\"><div class=\"fg-caption-title\">Braunh\u00e4her (1. Jahr)<\/div><div class=\"fg-caption-desc\">Orange Walk Town (BZE), 03-2026<\/div><\/div><\/figcaption><\/figure><div class=\"fg-loader\"><\/div><\/div><div class=\"fg-item fg-type-image fg-idle\"><figure class=\"fg-item-inner\"><a href=\"https:\/\/goetzens-auf-reisen.com\/wp-content\/uploads\/2021\/05\/xDD5A7163-TZ-scaled.jpg\" data-caption-title=\"Yukatanblaurabe (ad.)\" data-caption-desc=\"Crooked Tree (BZE), 03-2026\" data-attachment-id=\"14941\" data-type=\"image\" class=\"fg-thumb\"><span class=\"fg-image-wrap\"><img decoding=\"async\" title=\"Yukatanblaurabe (ad.)\" width=\"750\" height=\"500\" class=\"skip-lazy fg-image\" data-src-fg=\"https:\/\/goetzens-auf-reisen.com\/wp-content\/uploads\/cache\/2021\/05\/xDD5A7163-TZ-scaled\/2535116757.jpg\" src=\"data:image\/svg+xml,%3Csvg%20xmlns%3D%22http%3A%2F%2Fwww.w3.org%2F2000%2Fsvg%22%20width%3D%22750%22%20height%3D%22500%22%20viewBox%3D%220%200%20750%20500%22%3E%3C%2Fsvg%3E\" loading=\"eager\"><\/span><span class=\"fg-image-overlay\"><\/span><\/a><figcaption class=\"fg-caption\"><div class=\"fg-caption-inner\"><div class=\"fg-caption-title\">Yukatanblaurabe (ad.)<\/div><div class=\"fg-caption-desc\">Crooked Tree (BZE), 03-2026<\/div><\/div><\/figcaption><\/figure><div class=\"fg-loader\"><\/div><\/div><div class=\"fg-item fg-type-image fg-idle\"><figure class=\"fg-item-inner\"><a href=\"https:\/\/goetzens-auf-reisen.com\/wp-content\/uploads\/2021\/05\/xDD5A7194-TZ-scaled.jpg\" data-caption-title=\"Yukatanblaurabe (1. Jahr)\" data-caption-desc=\"Crooked Tree (BZE), 03-2026\" data-attachment-id=\"14942\" data-type=\"image\" class=\"fg-thumb\"><span class=\"fg-image-wrap\"><img decoding=\"async\" title=\"Yukatanblaurabe (1. Jahr)\" width=\"750\" height=\"500\" class=\"skip-lazy fg-image\" data-src-fg=\"https:\/\/goetzens-auf-reisen.com\/wp-content\/uploads\/cache\/2021\/05\/xDD5A7194-TZ-scaled\/2699779426.jpg\" src=\"data:image\/svg+xml,%3Csvg%20xmlns%3D%22http%3A%2F%2Fwww.w3.org%2F2000%2Fsvg%22%20width%3D%22750%22%20height%3D%22500%22%20viewBox%3D%220%200%20750%20500%22%3E%3C%2Fsvg%3E\" loading=\"eager\"><\/span><span class=\"fg-image-overlay\"><\/span><\/a><figcaption class=\"fg-caption\"><div class=\"fg-caption-inner\"><div class=\"fg-caption-title\">Yukatanblaurabe (1. Jahr)<\/div><div class=\"fg-caption-desc\">Crooked Tree (BZE), 03-2026<\/div><\/div><\/figcaption><\/figure><div class=\"fg-loader\"><\/div><\/div><div class=\"fg-item fg-type-image fg-idle\"><figure class=\"fg-item-inner\"><a href=\"https:\/\/goetzens-auf-reisen.com\/wp-content\/uploads\/2021\/05\/Langschwanzhaeher-PlayaGrande-topaz-scaled.jpeg\" data-caption-title=\"Langschwanzh\u00e4her\" data-caption-desc=\"Playa Grande (CR), 2024\" data-attachment-id=\"11912\" data-type=\"image\" class=\"fg-thumb\"><span class=\"fg-image-wrap\"><img decoding=\"async\" title=\"Langschwanzh\u00e4her\" width=\"750\" height=\"500\" class=\"skip-lazy fg-image\" data-src-fg=\"https:\/\/goetzens-auf-reisen.com\/wp-content\/uploads\/cache\/2021\/05\/Langschwanzhaeher-PlayaGrande-topaz-scaled\/3341744129.jpeg\" src=\"data:image\/svg+xml,%3Csvg%20xmlns%3D%22http%3A%2F%2Fwww.w3.org%2F2000%2Fsvg%22%20width%3D%22750%22%20height%3D%22500%22%20viewBox%3D%220%200%20750%20500%22%3E%3C%2Fsvg%3E\" loading=\"eager\"><\/span><span class=\"fg-image-overlay\"><\/span><\/a><figcaption class=\"fg-caption\"><div class=\"fg-caption-inner\"><div class=\"fg-caption-title\">Langschwanzh\u00e4her<\/div><div class=\"fg-caption-desc\">Playa Grande (CR), 2024<\/div><\/div><\/figcaption><\/figure><div class=\"fg-loader\"><\/div><\/div>\t\t<\/div>\n\t\t<div class=\"fiv-ctrls\">\n\t\t\t<button type=\"button\" class=\"fiv-prev\" title=\"Zur\u00fcck\"><span>Zur\u00fcck<\/span><\/button>\n\t\t\t<label class=\"fiv-count\"><span class=\"fiv-count-current\">1<\/span>von<span class=\"fiv-count-total\">16<\/span><\/label>\n\t\t\t<button type=\"button\" class=\"fiv-next\" title=\"Vor\"><span>Vor<\/span><\/button>\n\t\t<\/div>\n\t<\/div>\n<\/div>\n\n\n<div class=\"wp-block-buttons is-content-justification-center is-layout-flex wp-container-core-buttons-is-layout-16018d1d wp-block-buttons-is-layout-flex\">\n<div class=\"wp-block-button has-custom-width wp-block-button__width-50 has-custom-font-size is-style-outline is-style-outline--2\" style=\"font-size:15px\"><a class=\"wp-block-button__link has-cyan-bluish-gray-color has-text-color wp-element-button\" href=\"https:\/\/goetzens-auf-reisen.com\/?page_id=2832\">&lt;&lt; zur\u00fcck zu V\u00f6gel<\/a><\/div>\n<\/div>\n\n\n\n<div class=\"wp-block-buttons has-custom-font-size is-content-justification-center is-layout-flex wp-container-core-buttons-is-layout-16018d1d wp-block-buttons-is-layout-flex\" style=\"font-size:15px\">\n<div class=\"wp-block-button has-custom-width wp-block-button__width-50 is-style-outline is-style-outline--3\"><a class=\"wp-block-button__link has-cyan-bluish-gray-color has-text-color wp-element-button\" href=\"https:\/\/goetzens-auf-reisen.com\/?page_id=4572\">&lt;&lt; zur\u00fcck zu Sperlingsv\u00f6gel<\/a><\/div>\n<\/div>\n\n\n\n<div style=\"height:51px\" aria-hidden=\"true\" class=\"wp-block-spacer\"><\/div>\n\n\n\n<h2 class=\"wp-block-heading\">weitere Bilder<\/h2>\n\n\n\n<figure class=\"wp-block-gallery has-nested-images columns-default is-cropped wp-block-gallery-4 is-layout-flex wp-block-gallery-is-layout-flex\">\n<figure class=\"wp-block-image size-large is-style-default\"><a href=\"https:\/\/goetzens-auf-reisen.com\/wp-content\/uploads\/2023\/07\/Schildrabe-Panorama-Route-SA-2022-scaled.jpg\"><img loading=\"lazy\" decoding=\"async\" width=\"1024\" height=\"683\" data-id=\"10277\" src=\"https:\/\/goetzens-auf-reisen.com\/wp-content\/uploads\/2023\/07\/Schildrabe-Panorama-Route-SA-2022-1024x683.jpg\" alt=\"\" class=\"wp-image-10277\" srcset=\"https:\/\/goetzens-auf-reisen.com\/wp-content\/uploads\/2023\/07\/Schildrabe-Panorama-Route-SA-2022-1024x683.jpg 1024w, https:\/\/goetzens-auf-reisen.com\/wp-content\/uploads\/2023\/07\/Schildrabe-Panorama-Route-SA-2022-300x200.jpg 300w, https:\/\/goetzens-auf-reisen.com\/wp-content\/uploads\/2023\/07\/Schildrabe-Panorama-Route-SA-2022-768x512.jpg 768w, https:\/\/goetzens-auf-reisen.com\/wp-content\/uploads\/2023\/07\/Schildrabe-Panorama-Route-SA-2022-1536x1024.jpg 1536w, https:\/\/goetzens-auf-reisen.com\/wp-content\/uploads\/2023\/07\/Schildrabe-Panorama-Route-SA-2022-2048x1365.jpg 2048w\" sizes=\"auto, (max-width: 767px) 89vw, (max-width: 1000px) 54vw, (max-width: 1071px) 543px, 580px\" \/><\/a><figcaption class=\"wp-element-caption\">Schildrabe, Panorama Route 2022<\/figcaption><\/figure>\n<\/figure>\n","protected":false},"excerpt":{"rendered":"<p>Gattung: Raben und Kr\u00e4hen (Corvus)H\u00e4her (Garrulus)Echte Elstern (Pica)Langschwanzh\u00e4her (Calocitta)Braunh\u00e4her (Psilorhinus)Dohlenh\u00e4her (Cyanolyca) weitere Bilder<\/p>\n","protected":false},"author":1,"featured_media":0,"parent":0,"menu_order":0,"comment_status":"closed","ping_status":"closed","template":"","meta":{"footnotes":""},"class_list":["post-10097","page","type-page","status-publish","hentry"],"_links":{"self":[{"href":"https:\/\/goetzens-auf-reisen.com\/index.php?rest_route=\/wp\/v2\/pages\/10097","targetHints":{"allow":["GET"]}}],"collection":[{"href":"https:\/\/goetzens-auf-reisen.com\/index.php?rest_route=\/wp\/v2\/pages"}],"about":[{"href":"https:\/\/goetzens-auf-reisen.com\/index.php?rest_route=\/wp\/v2\/types\/page"}],"author":[{"embeddable":true,"href":"https:\/\/goetzens-auf-reisen.com\/index.php?rest_route=\/wp\/v2\/users\/1"}],"replies":[{"embeddable":true,"href":"https:\/\/goetzens-auf-reisen.com\/index.php?rest_route=%2Fwp%2Fv2%2Fcomments&post=10097"}],"version-history":[{"count":3,"href":"https:\/\/goetzens-auf-reisen.com\/index.php?rest_route=\/wp\/v2\/pages\/10097\/revisions"}],"predecessor-version":[{"id":11915,"href":"https:\/\/goetzens-auf-reisen.com\/index.php?rest_route=\/wp\/v2\/pages\/10097\/revisions\/11915"}],"wp:attachment":[{"href":"https:\/\/goetzens-auf-reisen.com\/index.php?rest_route=%2Fwp%2Fv2%2Fmedia&parent=10097"}],"curies":[{"name":"wp","href":"https:\/\/api.w.org\/{rel}","templated":true}]}}