{"id":12887,"date":"2024-06-27T10:49:13","date_gmt":"2024-06-27T08:49:13","guid":{"rendered":"https:\/\/goetzens-auf-reisen.com\/?page_id=12887"},"modified":"2024-06-27T10:49:14","modified_gmt":"2024-06-27T08:49:14","slug":"datenschutzerklaerung","status":"publish","type":"page","link":"https:\/\/goetzens-auf-reisen.com\/?page_id=12887","title":{"rendered":"Datenschutzerkl\u00e4rung"},"content":{"rendered":"\n<h2 class=\"wp-block-heading\">Wer wir sind<\/h2>\n\n\n\n<p>Die Website wird betrieben von Andrea und Wolfgang G\u00f6tz. Die Adresse unserer Website ist: https:\/\/goetzens-auf-reisen.com.<\/p>\n\n\n\n<p>Kontaktadresse: wgo@goetzens-auf-reisen.com<\/p>\n\n\n\n<h2 class=\"wp-block-heading\">Kommentare<\/h2>\n\n\n\n<p>Bie unserer Website k\u00f6nnen Besucher <strong>keine <\/strong>Kommentare schreiben. Es gibt kein Kontaktformular, mit dem wir Daten sammeln.<\/p>\n\n\n\n<h2 class=\"wp-block-heading\">Medien<\/h2>\n\n\n\n<p>Externe Benutzer k\u00f6nnen keine Medien auf diese Website hochladen.<\/p>\n\n\n\n<h2 class=\"wp-block-heading\">Cookies<\/h2>\n\n\n\n<p>Diese Website verwendet <strong>keine<\/strong> Cookies.<\/p>\n\n\n\n<h2 class=\"wp-block-heading\">Eingebettete Inhalte von anderen Websites<\/h2>\n\n\n\n<p>Beitr\u00e4ge auf dieser Website k\u00f6nnen eingebettete Inhalte beinhalten (z.\u00a0B. Videos, Bilder, Beitr\u00e4ge etc.). Eingebettete Inhalte von anderen Websites verhalten sich exakt so, als ob der Besucher die andere Website besucht h\u00e4tte.<\/p>\n\n\n\n<p>Diese Websites k\u00f6nnen Daten \u00fcber dich sammeln, Cookies benutzen, zus\u00e4tzliche Tracking-Dienste von Dritten einbetten und deine Interaktion mit diesem eingebetteten Inhalt aufzeichnen, inklusive deiner Interaktion mit dem eingebetteten Inhalt, falls du ein Konto hast und auf dieser Website angemeldet bist.<\/p>\n\n\n\n<h2 class=\"wp-block-heading\">Mit wem wir deine Daten teilen<\/h2>\n\n\n\n<p>Wir erheben keine Daten und k\u00f6nnen daher auch definitiv mit niemandem Daten teilen.<\/p>\n\n\n\n<h2 class=\"wp-block-heading\">Wie lange wir deine Daten speichern<\/h2>\n\n\n\n<p>Wir erheben keine Daten und k\u00f6nnen daher auch definitiv keine erhobenen Daten speichern.<\/p>\n\n\n\n<p><\/p>\n\n\n\n<p> <\/p>\n","protected":false},"excerpt":{"rendered":"<p>Wer wir sind Die Website wird betrieben von Andrea und Wolfgang G\u00f6tz. Die Adresse unserer Website ist: https:\/\/goetzens-auf-reisen.com. Kontaktadresse: wgo@goetzens-auf-reisen.com Kommentare Bie unserer Website k\u00f6nnen Besucher keine Kommentare schreiben. Es gibt kein Kontaktformular, mit dem wir Daten sammeln. Medien Externe Benutzer k\u00f6nnen keine Medien auf diese Website hochladen. Cookies Diese Website verwendet keine Cookies. Eingebettete &hellip; <\/p>\n<p class=\"link-more\"><a href=\"https:\/\/goetzens-auf-reisen.com\/?page_id=12887\" class=\"more-link\"><span class=\"screen-reader-text\">\u201eDatenschutzerkl\u00e4rung\u201c<\/span> weiterlesen<\/a><\/p>\n","protected":false},"author":1,"featured_media":0,"parent":0,"menu_order":0,"comment_status":"closed","ping_status":"closed","template":"","meta":{"footnotes":""},"class_list":["post-12887","page","type-page","status-publish","hentry"],"_links":{"self":[{"href":"https:\/\/goetzens-auf-reisen.com\/index.php?rest_route=\/wp\/v2\/pages\/12887","targetHints":{"allow":["GET"]}}],"collection":[{"href":"https:\/\/goetzens-auf-reisen.com\/index.php?rest_route=\/wp\/v2\/pages"}],"about":[{"href":"https:\/\/goetzens-auf-reisen.com\/index.php?rest_route=\/wp\/v2\/types\/page"}],"author":[{"embeddable":true,"href":"https:\/\/goetzens-auf-reisen.com\/index.php?rest_route=\/wp\/v2\/users\/1"}],"replies":[{"embeddable":true,"href":"https:\/\/goetzens-auf-reisen.com\/index.php?rest_route=%2Fwp%2Fv2%2Fcomments&post=12887"}],"version-history":[{"count":2,"href":"https:\/\/goetzens-auf-reisen.com\/index.php?rest_route=\/wp\/v2\/pages\/12887\/revisions"}],"predecessor-version":[{"id":12889,"href":"https:\/\/goetzens-auf-reisen.com\/index.php?rest_route=\/wp\/v2\/pages\/12887\/revisions\/12889"}],"wp:attachment":[{"href":"https:\/\/goetzens-auf-reisen.com\/index.php?rest_route=%2Fwp%2Fv2%2Fmedia&parent=12887"}],"curies":[{"name":"wp","href":"https:\/\/api.w.org\/{rel}","templated":true}]}}