{"id":133,"date":"2019-08-08T16:02:21","date_gmt":"2019-08-08T14:02:21","guid":{"rendered":"http:\/\/goetzens-auf-reisen.com\/?page_id=133"},"modified":"2024-06-26T12:27:57","modified_gmt":"2024-06-26T10:27:57","slug":"wein-land-2","status":"publish","type":"page","link":"https:\/\/goetzens-auf-reisen.com\/?page_id=133","title":{"rendered":"WEIN-Land"},"content":{"rendered":"\n<div class=\"wp-block-cover aligncenter is-light has-parallax is-position-center-center\" style=\"min-height:447px;aspect-ratio:unset;\"><span aria-hidden=\"true\" class=\"wp-block-cover__background has-background-dim-0 has-background-dim\"><\/span><div class=\"wp-block-cover__image-background wp-image-2152 has-parallax\" style=\"background-position:50% 50%;background-image:url(http:\/\/goetzens-auf-reisen.com\/wp-content\/uploads\/2020\/06\/IMG_0410.jpg)\"><\/div><div class=\"wp-block-cover__inner-container is-layout-flow wp-block-cover-is-layout-flow\">\n<p class=\"has-text-align-center has-large-font-size\"><\/p>\n<\/div><\/div>\n\n\n\n<div style=\"height:41px\" aria-hidden=\"true\" class=\"wp-block-spacer\"><\/div>\n\n\n\n<p class=\"has-drop-cap\">Wenngleich wir keine unserer Reisen als &#8222;Weinreise&#8220; bezeichnen w\u00fcrden, so hat der Wein dennoch die Wahl unserer Reiseziele beeinflusst als auch die eine oder andere Reise mit gepr\u00e4gt. Denn f\u00fcr uns z\u00e4hlt es zu den Reiseh\u00f6hepunkten, Weing\u00fcter zu besuchen, an einer Kellerf\u00fchrung oder Weinbergf\u00fchrung teilzunehmen, Weine zu probieren und vielleicht auch auf einem Weingut zu essen, denn wo es guten Wein gibt, ist gutes Essen meist auch nicht weit entfernt. Hat man dann sogar noch die M\u00f6glichkeit, den Winzer pers\u00f6nlich vor Ort kennenzulernen und mit ihm \u00fcber seine Weine ein wenig zu fachsimpeln, ist das Erlebnis perfekt.<\/p>\n\n\n\n<p>Weinreben stehen oft in besonders sch\u00f6nen Landschaften. Ich denke da sofort an die extremen Steillagen im Dourotal in Portugal, an die Berge der Cape Wine Region bei Stellebosch und Franschhoek und an die sanften H\u00fcgel des Wairautals in Neuseeland. Allesamt wundervolle Orte, an denen der Weinanbau absolut landschaftspr\u00e4gend ist.<\/p>\n\n\n\n<p>Und eines ist auch nicht zu verachten:  wo Wein gedeiht, herrscht ein Klima, das unseren Geschmack aufs Beste trifft und zum Reisen ideal ist!<\/p>\n\n\n\n<div class=\"wp-block-media-text alignwide has-pale-cyan-blue-background-color has-background\"><figure class=\"wp-block-media-text__media\"><img loading=\"lazy\" decoding=\"async\" width=\"1024\" height=\"682\" src=\"http:\/\/goetzens-auf-reisen.com\/wp-content\/uploads\/2019\/08\/IMG_2252-1024x682.jpg\" alt=\"\" class=\"wp-image-179 size-full\" srcset=\"https:\/\/goetzens-auf-reisen.com\/wp-content\/uploads\/2019\/08\/IMG_2252-1024x682.jpg 1024w, https:\/\/goetzens-auf-reisen.com\/wp-content\/uploads\/2019\/08\/IMG_2252-300x200.jpg 300w, https:\/\/goetzens-auf-reisen.com\/wp-content\/uploads\/2019\/08\/IMG_2252-768x512.jpg 768w\" sizes=\"auto, (max-width: 767px) 89vw, (max-width: 1000px) 54vw, (max-width: 1071px) 543px, 580px\" \/><\/figure><div class=\"wp-block-media-text__content\">\n<p class=\"has-text-align-center\" style=\"font-size:22px\"><a href=\"http:\/\/goetzens-auf-reisen.com\/?page_id=137\">S\u00fcdafrika<\/a><\/p>\n<\/div><\/div>\n\n\n\n<div class=\"wp-block-media-text alignwide has-media-on-the-right has-pale-cyan-blue-background-color has-background\"><div class=\"wp-block-media-text__content\">\n<p class=\"has-text-align-center\" style=\"font-size:22px\"><a href=\"http:\/\/goetzens-auf-reisen.com\/?page_id=43\">Neuseeland<\/a><\/p>\n<\/div><figure class=\"wp-block-media-text__media\"><img loading=\"lazy\" decoding=\"async\" width=\"768\" height=\"512\" src=\"http:\/\/goetzens-auf-reisen.com\/wp-content\/uploads\/2019\/08\/image-768x512.jpeg\" alt=\"\" class=\"wp-image-180 size-full\" srcset=\"https:\/\/goetzens-auf-reisen.com\/wp-content\/uploads\/2019\/08\/image-768x512.jpeg 768w, https:\/\/goetzens-auf-reisen.com\/wp-content\/uploads\/2019\/08\/image-768x512-300x200.jpeg 300w\" sizes=\"auto, (max-width: 767px) 89vw, (max-width: 1000px) 54vw, (max-width: 1071px) 543px, 580px\" \/><\/figure><\/div>\n\n\n\n<div class=\"wp-block-media-text alignwide has-pale-cyan-blue-background-color has-background\"><figure class=\"wp-block-media-text__media\"><img loading=\"lazy\" decoding=\"async\" width=\"1024\" height=\"576\" src=\"http:\/\/goetzens-auf-reisen.com\/wp-content\/uploads\/2019\/08\/IMG_1084-1024x576.jpg\" alt=\"\" class=\"wp-image-181 size-full\" srcset=\"https:\/\/goetzens-auf-reisen.com\/wp-content\/uploads\/2019\/08\/IMG_1084-1024x576.jpg 1024w, https:\/\/goetzens-auf-reisen.com\/wp-content\/uploads\/2019\/08\/IMG_1084-300x169.jpg 300w, https:\/\/goetzens-auf-reisen.com\/wp-content\/uploads\/2019\/08\/IMG_1084-768x432.jpg 768w, https:\/\/goetzens-auf-reisen.com\/wp-content\/uploads\/2019\/08\/IMG_1084.jpg 1920w\" sizes=\"auto, (max-width: 767px) 89vw, (max-width: 1000px) 54vw, (max-width: 1071px) 543px, 580px\" \/><\/figure><div class=\"wp-block-media-text__content\">\n<p class=\"has-text-align-center\" style=\"font-size:22px\"><a href=\"http:\/\/goetzens-auf-reisen.com\/?page_id=135\">Portugal<\/a><\/p>\n<\/div><\/div>\n\n\n\n<div class=\"wp-block-media-text alignwide has-media-on-the-right has-pale-cyan-blue-background-color has-background\"><div class=\"wp-block-media-text__content\">\n<p class=\"has-text-align-center\" style=\"font-size:22px\"><a href=\"https:\/\/goetzens-auf-reisen.com\/?page_id=4914\" data-type=\"page\" data-id=\"4914\">Namibia<\/a><\/p>\n<\/div><figure class=\"wp-block-media-text__media\"><img loading=\"lazy\" decoding=\"async\" width=\"1024\" height=\"683\" src=\"https:\/\/goetzens-auf-reisen.com\/wp-content\/uploads\/2021\/08\/image10880-1024x683.jpg\" alt=\"\" class=\"wp-image-4928 size-full\" srcset=\"https:\/\/goetzens-auf-reisen.com\/wp-content\/uploads\/2021\/08\/image10880-1024x683.jpg 1024w, https:\/\/goetzens-auf-reisen.com\/wp-content\/uploads\/2021\/08\/image10880-300x200.jpg 300w, https:\/\/goetzens-auf-reisen.com\/wp-content\/uploads\/2021\/08\/image10880-768x512.jpg 768w, https:\/\/goetzens-auf-reisen.com\/wp-content\/uploads\/2021\/08\/image10880-1536x1024.jpg 1536w, https:\/\/goetzens-auf-reisen.com\/wp-content\/uploads\/2021\/08\/image10880.jpg 1773w\" sizes=\"auto, (max-width: 767px) 89vw, (max-width: 1000px) 54vw, (max-width: 1071px) 543px, 580px\" \/><\/figure><\/div>\n","protected":false},"excerpt":{"rendered":"<p>Wenngleich wir keine unserer Reisen als &#8222;Weinreise&#8220; bezeichnen w\u00fcrden, so hat der Wein dennoch die Wahl unserer Reiseziele beeinflusst als auch die eine oder andere Reise mit gepr\u00e4gt. Denn f\u00fcr uns z\u00e4hlt es zu den Reiseh\u00f6hepunkten, Weing\u00fcter zu besuchen, an einer Kellerf\u00fchrung oder Weinbergf\u00fchrung teilzunehmen, Weine zu probieren und vielleicht auch auf einem Weingut zu &hellip; <\/p>\n<p class=\"link-more\"><a href=\"https:\/\/goetzens-auf-reisen.com\/?page_id=133\" class=\"more-link\"><span class=\"screen-reader-text\">\u201eWEIN-Land\u201c<\/span> weiterlesen<\/a><\/p>\n","protected":false},"author":1,"featured_media":0,"parent":0,"menu_order":0,"comment_status":"closed","ping_status":"closed","template":"","meta":{"footnotes":""},"class_list":["post-133","page","type-page","status-publish","hentry"],"_links":{"self":[{"href":"https:\/\/goetzens-auf-reisen.com\/index.php?rest_route=\/wp\/v2\/pages\/133","targetHints":{"allow":["GET"]}}],"collection":[{"href":"https:\/\/goetzens-auf-reisen.com\/index.php?rest_route=\/wp\/v2\/pages"}],"about":[{"href":"https:\/\/goetzens-auf-reisen.com\/index.php?rest_route=\/wp\/v2\/types\/page"}],"author":[{"embeddable":true,"href":"https:\/\/goetzens-auf-reisen.com\/index.php?rest_route=\/wp\/v2\/users\/1"}],"replies":[{"embeddable":true,"href":"https:\/\/goetzens-auf-reisen.com\/index.php?rest_route=%2Fwp%2Fv2%2Fcomments&post=133"}],"version-history":[{"count":16,"href":"https:\/\/goetzens-auf-reisen.com\/index.php?rest_route=\/wp\/v2\/pages\/133\/revisions"}],"predecessor-version":[{"id":12886,"href":"https:\/\/goetzens-auf-reisen.com\/index.php?rest_route=\/wp\/v2\/pages\/133\/revisions\/12886"}],"wp:attachment":[{"href":"https:\/\/goetzens-auf-reisen.com\/index.php?rest_route=%2Fwp%2Fv2%2Fmedia&parent=133"}],"curies":[{"name":"wp","href":"https:\/\/api.w.org\/{rel}","templated":true}]}}