{"id":135,"date":"2019-08-08T16:03:25","date_gmt":"2019-08-08T14:03:25","guid":{"rendered":"http:\/\/goetzens-auf-reisen.com\/?page_id=135"},"modified":"2023-12-15T11:31:42","modified_gmt":"2023-12-15T10:31:42","slug":"wein-land-portugal","status":"publish","type":"page","link":"https:\/\/goetzens-auf-reisen.com\/?page_id=135","title":{"rendered":"Wein-Land Portugal"},"content":{"rendered":"\n<p class=\"has-drop-cap\">Portugals Weine bestechen durch eine un\u00fcberschaubare Vielfalt von Rebsorten, durch ihre Authentizit\u00e4t und durch unvergleichliche Aromen. Portugal, das Land der Entdecker ist auch ein Land f\u00fcr Wein-Entdecker. Es gibt so viel mehr als nur die bekannten Portweine, die edlen Tropfen aus dem Douro, die Fruchtigen aus dem Alentejo oder die frischen Vinhos Verdes aus dem Norden Portugals. Und eines ist auch nicht zu verachten: es gibt unz\u00e4hlige Weine zu absolut bezahlbaren Preisen!<\/p>\n\n\n\n<p>So haben wir dem Thema &#8222;Wein&#8220; auf unserer dreiw\u00f6chigen Rundreise 2016 einen angemessenen Platz einger\u00e4umt, indem wir Weing\u00fcter besuchten, den einen oder anderen guten Tropfen tranken und sogar auf (ehemaligen) Weing\u00fctern wohnten.<\/p>\n\n\n\n<div class=\"wp-block-media-text alignwide is-stacked-on-mobile has-very-light-gray-background-color has-background\"><figure class=\"wp-block-media-text__media\"><img loading=\"lazy\" decoding=\"async\" width=\"1024\" height=\"768\" src=\"http:\/\/goetzens-auf-reisen.com\/wp-content\/uploads\/2019\/08\/IMG_0369-1024x768.jpg\" alt=\"\" class=\"wp-image-400 size-full\" srcset=\"https:\/\/goetzens-auf-reisen.com\/wp-content\/uploads\/2019\/08\/IMG_0369.jpg 1024w, https:\/\/goetzens-auf-reisen.com\/wp-content\/uploads\/2019\/08\/IMG_0369-300x225.jpg 300w, https:\/\/goetzens-auf-reisen.com\/wp-content\/uploads\/2019\/08\/IMG_0369-768x576.jpg 768w\" sizes=\"auto, (max-width: 767px) 89vw, (max-width: 1000px) 54vw, (max-width: 1071px) 543px, 580px\" \/><\/figure><div class=\"wp-block-media-text__content\">\n<p class=\"has-small-font-size\">Von Porto aus machten wir eine F\u00fchrung durch die Reifekeller mit Weinprobe bei <a aria-label=\"Taylor's Port (\u00f6ffnet in neuem Tab)\" href=\"http:\/\/www.taylor.pt\/de\" target=\"_blank\" rel=\"noreferrer noopener\">Taylor&#8217;s<strong> <\/strong>Port<\/a> in Vila Nova de Gaia.<\/p>\n<\/div><\/div>\n\n\n\n<div class=\"wp-block-media-text alignwide is-stacked-on-mobile has-very-light-gray-background-color has-background\"><figure class=\"wp-block-media-text__media\"><img loading=\"lazy\" decoding=\"async\" width=\"1024\" height=\"768\" src=\"http:\/\/goetzens-auf-reisen.com\/wp-content\/uploads\/2019\/08\/P1070561-1024x768.jpg\" alt=\"\" class=\"wp-image-401 size-full\" srcset=\"https:\/\/goetzens-auf-reisen.com\/wp-content\/uploads\/2019\/08\/P1070561.jpg 1024w, https:\/\/goetzens-auf-reisen.com\/wp-content\/uploads\/2019\/08\/P1070561-300x225.jpg 300w, https:\/\/goetzens-auf-reisen.com\/wp-content\/uploads\/2019\/08\/P1070561-768x576.jpg 768w\" sizes=\"auto, (max-width: 767px) 89vw, (max-width: 1000px) 54vw, (max-width: 1071px) 543px, 580px\" \/><\/figure><div class=\"wp-block-media-text__content\">\n<p class=\"has-small-font-size\">Im Lima-Tal wohnten wir im <a aria-label=\"Eido do Carvalhoso (\u00f6ffnet in neuem Tab)\" href=\"https:\/\/www.eidodocarvalhoso.com\/de-de\" target=\"_blank\" rel=\"noreferrer noopener\">Eido do Carvalhoso<\/a> in Arcos de Valdevez bei einem Nebenerwerbs-Winzer, dessen Weine doch &#8222;recht gew\u00f6hnungsbed\u00fcrftig&#8220; waren.<\/p>\n<\/div><\/div>\n\n\n\n<div class=\"wp-block-media-text alignwide is-stacked-on-mobile has-very-light-gray-background-color has-background\"><figure class=\"wp-block-media-text__media\"><img loading=\"lazy\" decoding=\"async\" width=\"1024\" height=\"768\" src=\"http:\/\/goetzens-auf-reisen.com\/wp-content\/uploads\/2019\/08\/IMG_0948-1024x768.jpg\" alt=\"\" class=\"wp-image-402 size-full\" srcset=\"https:\/\/goetzens-auf-reisen.com\/wp-content\/uploads\/2019\/08\/IMG_0948.jpg 1024w, https:\/\/goetzens-auf-reisen.com\/wp-content\/uploads\/2019\/08\/IMG_0948-300x225.jpg 300w, https:\/\/goetzens-auf-reisen.com\/wp-content\/uploads\/2019\/08\/IMG_0948-768x576.jpg 768w\" sizes=\"auto, (max-width: 767px) 89vw, (max-width: 1000px) 54vw, (max-width: 1071px) 543px, 580px\" \/><\/figure><div class=\"wp-block-media-text__content\">\n<p class=\"has-small-font-size\">Fonseca Guimaraens, eines der f\u00fchrenden Portweinh\u00e4user, besitzt im Dourotal die <a aria-label=\"Quinta do Panascal (\u00f6ffnet in neuem Tab)\" href=\"http:\/\/www.fonseca.pt\/en\/visitors-centre\/\" target=\"_blank\" rel=\"noreferrer noopener\">Quinta do Panascal<\/a>. Das Besucherzentrum erm\u00f6glicht eine Weinbergf\u00fchrung  mit Audioguide und man kann dort hervorragende Ports probieren.<\/p>\n<\/div><\/div>\n\n\n\n<div class=\"wp-block-media-text alignwide is-stacked-on-mobile has-very-light-gray-background-color has-background\"><figure class=\"wp-block-media-text__media\"><img loading=\"lazy\" decoding=\"async\" width=\"1024\" height=\"768\" src=\"http:\/\/goetzens-auf-reisen.com\/wp-content\/uploads\/2019\/08\/IMG_0992-1024x768.jpg\" alt=\"\" class=\"wp-image-403 size-full\" srcset=\"https:\/\/goetzens-auf-reisen.com\/wp-content\/uploads\/2019\/08\/IMG_0992.jpg 1024w, https:\/\/goetzens-auf-reisen.com\/wp-content\/uploads\/2019\/08\/IMG_0992-300x225.jpg 300w, https:\/\/goetzens-auf-reisen.com\/wp-content\/uploads\/2019\/08\/IMG_0992-768x576.jpg 768w\" sizes=\"auto, (max-width: 767px) 89vw, (max-width: 1000px) 54vw, (max-width: 1071px) 543px, 580px\" \/><\/figure><div class=\"wp-block-media-text__content\">\n<p class=\"has-small-font-size\">In direkter Nachbarschaft zu unserer Unterkunft in Tabua\u00e7o liegt die <a aria-label=\"Quinta do P\u00f4pa (\u00f6ffnet in neuem Tab)\" href=\"http:\/\/www.quintadopopa.com\/en\/\" target=\"_blank\" rel=\"noreferrer noopener\">Quinta do P\u00f4pa<\/a>, wo wir neben einer Kellerf\u00fchrung ausgezeichnete Rotweine (keine Ports) verkosten konnten. Besonders bemerkenswert der PaPo Tinto.<\/p>\n<\/div><\/div>\n\n\n\n<div class=\"wp-block-media-text alignwide is-stacked-on-mobile has-very-light-gray-background-color has-background\"><figure class=\"wp-block-media-text__media\"><img loading=\"lazy\" decoding=\"async\" width=\"1024\" height=\"768\" src=\"http:\/\/goetzens-auf-reisen.com\/wp-content\/uploads\/2019\/08\/P1070601-1024x768.jpg\" alt=\"\" class=\"wp-image-404 size-full\" srcset=\"https:\/\/goetzens-auf-reisen.com\/wp-content\/uploads\/2019\/08\/P1070601.jpg 1024w, https:\/\/goetzens-auf-reisen.com\/wp-content\/uploads\/2019\/08\/P1070601-300x225.jpg 300w, https:\/\/goetzens-auf-reisen.com\/wp-content\/uploads\/2019\/08\/P1070601-768x576.jpg 768w\" sizes=\"auto, (max-width: 767px) 89vw, (max-width: 1000px) 54vw, (max-width: 1071px) 543px, 580px\" \/><\/figure><div class=\"wp-block-media-text__content\">\n<p class=\"has-small-font-size\">Carlos von der Quinta de Santo Antonio hat noch ein paar F\u00e4sser Portwein, die im Keller stehen, seit er das Weingut gekauft hat, um es zu einem B&amp;B um- und auszubauen. Hier durften wir einen \u00fcber 100 Jahre alten Port versuchen.<\/p>\n<\/div><\/div>\n\n\n\n<p>Und zum Essen gibt&#8217;s nat\u00fcrlich auch immer das passende Tr\u00f6pfchen, sei es der einfache Landwein aus dem Krug oder das Fl\u00e4schchen im Restaurant.<\/p>\n\n\n\n<figure class=\"wp-block-gallery has-nested-images columns-default is-cropped wp-block-gallery-2 is-layout-flex wp-block-gallery-is-layout-flex\">\n<figure class=\"wp-block-image size-large is-style-default\"><img loading=\"lazy\" decoding=\"async\" width=\"1024\" height=\"768\" data-id=\"406\" src=\"https:\/\/goetzens-auf-reisen.com\/wp-content\/uploads\/2019\/08\/P1070661-1024x768.jpg\" alt=\"\" class=\"wp-image-406\" srcset=\"https:\/\/goetzens-auf-reisen.com\/wp-content\/uploads\/2019\/08\/P1070661.jpg 1024w, https:\/\/goetzens-auf-reisen.com\/wp-content\/uploads\/2019\/08\/P1070661-300x225.jpg 300w, https:\/\/goetzens-auf-reisen.com\/wp-content\/uploads\/2019\/08\/P1070661-768x576.jpg 768w\" sizes=\"auto, (max-width: 767px) 89vw, (max-width: 1000px) 54vw, (max-width: 1071px) 543px, 580px\" \/><figcaption class=\"wp-element-caption\">Bei Leopildina in Const\u00e2ncia<\/figcaption><\/figure>\n\n\n\n<figure class=\"wp-block-image size-large is-style-default\"><img loading=\"lazy\" decoding=\"async\" width=\"1024\" height=\"768\" data-id=\"407\" src=\"https:\/\/goetzens-auf-reisen.com\/wp-content\/uploads\/2019\/08\/P1070976-1024x768.jpg\" alt=\"\" class=\"wp-image-407\" srcset=\"https:\/\/goetzens-auf-reisen.com\/wp-content\/uploads\/2019\/08\/P1070976.jpg 1024w, https:\/\/goetzens-auf-reisen.com\/wp-content\/uploads\/2019\/08\/P1070976-300x225.jpg 300w, https:\/\/goetzens-auf-reisen.com\/wp-content\/uploads\/2019\/08\/P1070976-768x576.jpg 768w\" sizes=\"auto, (max-width: 767px) 89vw, (max-width: 1000px) 54vw, (max-width: 1071px) 543px, 580px\" \/><figcaption class=\"wp-element-caption\">Fado in Lissabon<\/figcaption><\/figure>\n<\/figure>\n","protected":false},"excerpt":{"rendered":"<p>Portugals Weine bestechen durch eine un\u00fcberschaubare Vielfalt von Rebsorten, durch ihre Authentizit\u00e4t und durch unvergleichliche Aromen. Portugal, das Land der Entdecker ist auch ein Land f\u00fcr Wein-Entdecker. Es gibt so viel mehr als nur die bekannten Portweine, die edlen Tropfen aus dem Douro, die Fruchtigen aus dem Alentejo oder die frischen Vinhos Verdes aus dem &hellip; <\/p>\n<p class=\"link-more\"><a href=\"https:\/\/goetzens-auf-reisen.com\/?page_id=135\" class=\"more-link\"><span class=\"screen-reader-text\">\u201eWein-Land Portugal\u201c<\/span> weiterlesen<\/a><\/p>\n","protected":false},"author":1,"featured_media":10861,"parent":133,"menu_order":3,"comment_status":"closed","ping_status":"closed","template":"","meta":{"footnotes":""},"class_list":["post-135","page","type-page","status-publish","has-post-thumbnail","hentry"],"_links":{"self":[{"href":"https:\/\/goetzens-auf-reisen.com\/index.php?rest_route=\/wp\/v2\/pages\/135","targetHints":{"allow":["GET"]}}],"collection":[{"href":"https:\/\/goetzens-auf-reisen.com\/index.php?rest_route=\/wp\/v2\/pages"}],"about":[{"href":"https:\/\/goetzens-auf-reisen.com\/index.php?rest_route=\/wp\/v2\/types\/page"}],"author":[{"embeddable":true,"href":"https:\/\/goetzens-auf-reisen.com\/index.php?rest_route=\/wp\/v2\/users\/1"}],"replies":[{"embeddable":true,"href":"https:\/\/goetzens-auf-reisen.com\/index.php?rest_route=%2Fwp%2Fv2%2Fcomments&post=135"}],"version-history":[{"count":11,"href":"https:\/\/goetzens-auf-reisen.com\/index.php?rest_route=\/wp\/v2\/pages\/135\/revisions"}],"predecessor-version":[{"id":10860,"href":"https:\/\/goetzens-auf-reisen.com\/index.php?rest_route=\/wp\/v2\/pages\/135\/revisions\/10860"}],"up":[{"embeddable":true,"href":"https:\/\/goetzens-auf-reisen.com\/index.php?rest_route=\/wp\/v2\/pages\/133"}],"wp:featuredmedia":[{"embeddable":true,"href":"https:\/\/goetzens-auf-reisen.com\/index.php?rest_route=\/wp\/v2\/media\/10861"}],"wp:attachment":[{"href":"https:\/\/goetzens-auf-reisen.com\/index.php?rest_route=%2Fwp%2Fv2%2Fmedia&parent=135"}],"curies":[{"name":"wp","href":"https:\/\/api.w.org\/{rel}","templated":true}]}}