{"id":18,"date":"2019-08-07T14:34:29","date_gmt":"2019-08-07T14:34:29","guid":{"rendered":"http:\/\/goetzens-auf-reisen.com\/?page_id=18"},"modified":"2024-07-04T08:52:05","modified_gmt":"2024-07-04T06:52:05","slug":"neuseeland","status":"publish","type":"page","link":"https:\/\/goetzens-auf-reisen.com\/?page_id=18","title":{"rendered":"Neuseeland"},"content":{"rendered":"\n<p>Auf der Weltkarte liegt Neuseeland ganz unten rechts und schnell wird klar, dass hier die Uhren anders ticken. Wenn hierzulande Tag ist, schlafen die Neuseel\u00e4nder, und umgekehrt. Der neuseel\u00e4ndische Sommer ist dann, wenn wir Schnee schippen m\u00fcssen, daf\u00fcr k\u00f6nnen die Kiwis Weihnachten mit einem Barbecue am Strand feiern.<\/p>\n\n\n\n<figure class=\"wp-block-video\"><video height=\"1080\" style=\"aspect-ratio: 1920 \/ 1080;\" width=\"1920\" autoplay controls loop muted src=\"http:\/\/goetzens-auf-reisen.com\/wp-content\/uploads\/2019\/08\/webblogNZ.mp4\"><\/video><\/figure>\n\n\n\n<p>Touristen aus der ganzen Welt str\u00f6men haupts\u00e4chlich wegen der atemberaubenden Natur nach Neuseeland, denn davon gibt es hier jede Menge und an Abwechslung ist sie kaum zu \u00fcberbieten. Von&nbsp;<strong>Traumstr\u00e4nden \u00fcber Berge und Vulkane<\/strong>&nbsp;bis hin zu&nbsp;<strong>hei\u00dfen Quellen und Geysiren<\/strong>&nbsp;ist hier alles vertreten. Wir haben dieses faszinierende Land 2012 und 2017 bereist. Viel Spa\u00df beim Lesen unseres Reiseblogs!<\/p>\n\n\n\n<p class=\"has-text-align-center has-very-dark-gray-color has-very-light-gray-background-color has-text-color has-background\"><a href=\"https:\/\/goetzens-auf-reisen.com\/?page_id=2108\" data-type=\"page\" data-id=\"2108\">unsere Reise 2012<\/a> <br><a href=\"https:\/\/goetzens-auf-reisen.com\/?page_id=2111\" data-type=\"page\" data-id=\"2111\">unsere Reise 2017<\/a> <\/p>\n\n\n\n<figure class=\"wp-block-gallery has-nested-images columns-3 is-cropped wp-block-gallery-2 is-layout-flex wp-block-gallery-is-layout-flex\">\n<figure class=\"wp-block-image size-large is-style-default\"><a href=\"https:\/\/goetzens-auf-reisen.com\/wp-content\/uploads\/2020\/02\/IMG_1083.jpg\"><img loading=\"lazy\" decoding=\"async\" width=\"1000\" height=\"667\" data-id=\"1141\" src=\"http:\/\/goetzens-auf-reisen.com\/wp-content\/uploads\/2020\/02\/IMG_1083.jpg\" alt=\"\" class=\"wp-image-1141\" srcset=\"https:\/\/goetzens-auf-reisen.com\/wp-content\/uploads\/2020\/02\/IMG_1083.jpg 1000w, https:\/\/goetzens-auf-reisen.com\/wp-content\/uploads\/2020\/02\/IMG_1083-300x200.jpg 300w, https:\/\/goetzens-auf-reisen.com\/wp-content\/uploads\/2020\/02\/IMG_1083-768x512.jpg 768w\" sizes=\"auto, (max-width: 767px) 89vw, (max-width: 1000px) 54vw, (max-width: 1071px) 543px, 580px\" \/><\/a><\/figure>\n\n\n\n<figure class=\"wp-block-image size-large is-style-default\"><a href=\"https:\/\/goetzens-auf-reisen.com\/wp-content\/uploads\/2019\/10\/IMG_1662-a.jpg\"><img loading=\"lazy\" decoding=\"async\" width=\"1024\" height=\"684\" data-id=\"848\" src=\"http:\/\/goetzens-auf-reisen.com\/wp-content\/uploads\/2019\/10\/IMG_1662-a-1024x684.jpg\" alt=\"\" class=\"wp-image-848\" srcset=\"https:\/\/goetzens-auf-reisen.com\/wp-content\/uploads\/2019\/10\/IMG_1662-a-1024x684.jpg 1024w, https:\/\/goetzens-auf-reisen.com\/wp-content\/uploads\/2019\/10\/IMG_1662-a-300x200.jpg 300w, https:\/\/goetzens-auf-reisen.com\/wp-content\/uploads\/2019\/10\/IMG_1662-a-768x513.jpg 768w, https:\/\/goetzens-auf-reisen.com\/wp-content\/uploads\/2019\/10\/IMG_1662-a.jpg 1200w\" sizes=\"auto, (max-width: 767px) 89vw, (max-width: 1000px) 54vw, (max-width: 1071px) 543px, 580px\" \/><\/a><\/figure>\n\n\n\n<figure class=\"wp-block-image size-large is-style-default\"><a href=\"https:\/\/goetzens-auf-reisen.com\/wp-content\/uploads\/2020\/01\/IMG_1862a.jpg\"><img loading=\"lazy\" decoding=\"async\" width=\"1024\" height=\"683\" data-id=\"941\" src=\"http:\/\/goetzens-auf-reisen.com\/wp-content\/uploads\/2020\/01\/IMG_1862a-1024x683.jpg\" alt=\"\" class=\"wp-image-941\" srcset=\"https:\/\/goetzens-auf-reisen.com\/wp-content\/uploads\/2020\/01\/IMG_1862a-1024x683.jpg 1024w, https:\/\/goetzens-auf-reisen.com\/wp-content\/uploads\/2020\/01\/IMG_1862a-300x200.jpg 300w, https:\/\/goetzens-auf-reisen.com\/wp-content\/uploads\/2020\/01\/IMG_1862a-768x512.jpg 768w, https:\/\/goetzens-auf-reisen.com\/wp-content\/uploads\/2020\/01\/IMG_1862a.jpg 1200w\" sizes=\"auto, (max-width: 767px) 89vw, (max-width: 1000px) 54vw, (max-width: 1071px) 543px, 580px\" \/><\/a><\/figure>\n<\/figure>\n\n\n\n<figure class=\"wp-block-gallery has-nested-images columns-default is-cropped wp-block-gallery-3 is-layout-flex wp-block-gallery-is-layout-flex\">\n<figure class=\"wp-block-image size-large is-style-default\"><a href=\"https:\/\/goetzens-auf-reisen.com\/wp-content\/uploads\/2024\/07\/treuesize-NZ.jpg\"><img loading=\"lazy\" decoding=\"async\" width=\"745\" height=\"890\" data-id=\"12929\" src=\"https:\/\/goetzens-auf-reisen.com\/wp-content\/uploads\/2024\/07\/treuesize-NZ.jpg\" alt=\"\" class=\"wp-image-12929\" srcset=\"https:\/\/goetzens-auf-reisen.com\/wp-content\/uploads\/2024\/07\/treuesize-NZ.jpg 745w, https:\/\/goetzens-auf-reisen.com\/wp-content\/uploads\/2024\/07\/treuesize-NZ-251x300.jpg 251w\" sizes=\"auto, (max-width: 706px) 89vw, (max-width: 767px) 82vw, 740px\" \/><\/a><figcaption class=\"wp-element-caption\">Gr\u00f6\u00dfenvergleich mit Deutschland<\/figcaption><\/figure>\n\n\n\n<figure class=\"wp-block-image size-large is-style-default\"><a href=\"http:\/\/goetzens-auf-reisen.com\/wp-content\/uploads\/2024\/07\/nz-2012-und-2017.jpg\"><img loading=\"lazy\" decoding=\"async\" width=\"893\" height=\"1024\" data-id=\"12936\" src=\"http:\/\/goetzens-auf-reisen.com\/wp-content\/uploads\/2024\/07\/nz-2012-und-2017-893x1024.jpg\" alt=\"\" class=\"wp-image-12936\" srcset=\"https:\/\/goetzens-auf-reisen.com\/wp-content\/uploads\/2024\/07\/nz-2012-und-2017-893x1024.jpg 893w, https:\/\/goetzens-auf-reisen.com\/wp-content\/uploads\/2024\/07\/nz-2012-und-2017-262x300.jpg 262w, https:\/\/goetzens-auf-reisen.com\/wp-content\/uploads\/2024\/07\/nz-2012-und-2017-768x881.jpg 768w, https:\/\/goetzens-auf-reisen.com\/wp-content\/uploads\/2024\/07\/nz-2012-und-2017.jpg 1022w\" sizes=\"auto, (max-width: 767px) 89vw, (max-width: 1000px) 54vw, (max-width: 1071px) 543px, 580px\" \/><\/a><figcaption class=\"wp-element-caption\">rot = 2012 \/ blau = 2019<\/figcaption><\/figure>\n<\/figure>\n","protected":false},"excerpt":{"rendered":"<p>Auf der Weltkarte liegt Neuseeland ganz unten rechts und schnell wird klar, dass hier die Uhren anders ticken. Wenn hierzulande Tag ist, schlafen die Neuseel\u00e4nder, und umgekehrt. Der neuseel\u00e4ndische Sommer ist dann, wenn wir Schnee schippen m\u00fcssen, daf\u00fcr k\u00f6nnen die Kiwis Weihnachten mit einem Barbecue am Strand feiern. Touristen aus der ganzen Welt str\u00f6men haupts\u00e4chlich &hellip; <\/p>\n<p class=\"link-more\"><a href=\"https:\/\/goetzens-auf-reisen.com\/?page_id=18\" class=\"more-link\"><span class=\"screen-reader-text\">\u201eNeuseeland\u201c<\/span> weiterlesen<\/a><\/p>\n","protected":false},"author":1,"featured_media":0,"parent":0,"menu_order":0,"comment_status":"closed","ping_status":"closed","template":"","meta":{"footnotes":""},"class_list":["post-18","page","type-page","status-publish","hentry"],"_links":{"self":[{"href":"https:\/\/goetzens-auf-reisen.com\/index.php?rest_route=\/wp\/v2\/pages\/18","targetHints":{"allow":["GET"]}}],"collection":[{"href":"https:\/\/goetzens-auf-reisen.com\/index.php?rest_route=\/wp\/v2\/pages"}],"about":[{"href":"https:\/\/goetzens-auf-reisen.com\/index.php?rest_route=\/wp\/v2\/types\/page"}],"author":[{"embeddable":true,"href":"https:\/\/goetzens-auf-reisen.com\/index.php?rest_route=\/wp\/v2\/users\/1"}],"replies":[{"embeddable":true,"href":"https:\/\/goetzens-auf-reisen.com\/index.php?rest_route=%2Fwp%2Fv2%2Fcomments&post=18"}],"version-history":[{"count":50,"href":"https:\/\/goetzens-auf-reisen.com\/index.php?rest_route=\/wp\/v2\/pages\/18\/revisions"}],"predecessor-version":[{"id":12937,"href":"https:\/\/goetzens-auf-reisen.com\/index.php?rest_route=\/wp\/v2\/pages\/18\/revisions\/12937"}],"wp:attachment":[{"href":"https:\/\/goetzens-auf-reisen.com\/index.php?rest_route=%2Fwp%2Fv2%2Fmedia&parent=18"}],"curies":[{"name":"wp","href":"https:\/\/api.w.org\/{rel}","templated":true}]}}