{"id":2736,"date":"2020-08-24T16:30:30","date_gmt":"2020-08-24T14:30:30","guid":{"rendered":"http:\/\/goetzens-auf-reisen.com\/?page_id=2736"},"modified":"2026-04-09T16:38:59","modified_gmt":"2026-04-09T14:38:59","slug":"saeugetiere-2","status":"publish","type":"page","link":"https:\/\/goetzens-auf-reisen.com\/?page_id=2736","title":{"rendered":"S\u00e4ugetiere"},"content":{"rendered":"\n<p>Auf dieser Seite seht ihr alle S\u00e4ugetierarten, die wir in unseren Urlauben und Ausfl\u00fcgen in der Heimat gesichtet und fotografiert haben.<\/p>\n\n\n\n<p><strong><strong>Inhalt nach Ordnungen und Familien: <\/strong><\/strong><\/p>\n\n\n\n<figure class=\"wp-block-table is-style-stripes\"><table><tbody><tr><td> <a href=\"https:\/\/goetzens-auf-reisen.com\/?page_id=12693\" data-type=\"page\" data-id=\"12693\">Schliefer<\/a><\/td><td>Schliefer<\/td><\/tr><tr><td> <a href=\"https:\/\/goetzens-auf-reisen.com\/?page_id=12695\" data-type=\"page\" data-id=\"12695\">R\u00fcsseltiere<\/a><\/td><td>Elefanten<\/td><\/tr><tr><td>Seek\u00fche<\/td><td>Rundschwanzseek\u00fche<\/td><\/tr><tr><td> <a href=\"https:\/\/goetzens-auf-reisen.com\/?page_id=12697\" data-type=\"page\" data-id=\"12697\">Hasenartige<\/a><\/td><td>Hasen<\/td><\/tr><tr><td> <a href=\"https:\/\/goetzens-auf-reisen.com\/?page_id=12722\" data-type=\"page\" data-id=\"12722\">Primaten<\/a><\/td><td>Meerkatzen, Klammerschwanzaffen, Kapuzinerartige<\/td><\/tr><tr><td> <a href=\"https:\/\/goetzens-auf-reisen.com\/?page_id=12699\" data-type=\"page\" data-id=\"12699\">Nagetiere<\/a><\/td><td>Agutis, Langschwanzm\u00e4use, H\u00f6rnchen<\/td><\/tr><tr><td> <a href=\"https:\/\/goetzens-auf-reisen.com\/?page_id=12701\" data-type=\"page\" data-id=\"12701\">Paarhufer<\/a><\/td><td>Horntr\u00e4ger (Antilopen, Rinder), Hirsche, Giraffen, Schweine, Nabelschweine, Flusspferde, Furchenwale, Delfine, Pottwale<\/td><\/tr><tr><td> <a href=\"https:\/\/goetzens-auf-reisen.com\/?page_id=12705\" data-type=\"page\" data-id=\"12705\">Raubtiere<\/a><\/td><td>Ohrenrobben, Hunde, Katzen, Mangusten, Hy\u00e4nen, Marder, Kleinb\u00e4ren, Schleichkatzen<\/td><\/tr><tr><td> <a href=\"https:\/\/goetzens-auf-reisen.com\/?page_id=12711\" data-type=\"page\" data-id=\"12711\">Fledertiere<\/a><\/td><td>Glattnasen-Freischw\u00e4nze<\/td><\/tr><tr><td> <a href=\"https:\/\/goetzens-auf-reisen.com\/?page_id=12713\" data-type=\"page\" data-id=\"12713\">Unpaarhufer<\/a><\/td><td>Pferde, Nash\u00f6rner, Tapire<\/td><\/tr><tr><td> <a href=\"https:\/\/goetzens-auf-reisen.com\/?page_id=12715\" data-type=\"page\" data-id=\"12715\">Zahnarme<\/a><\/td><td>Dreifingerfaultiere, Zweifingerfaultiere, Ameisenb\u00e4ren<\/td><\/tr><\/tbody><\/table><\/figure>\n","protected":false},"excerpt":{"rendered":"<p>Auf dieser Seite seht ihr alle S\u00e4ugetierarten, die wir in unseren Urlauben und Ausfl\u00fcgen in der Heimat gesichtet und fotografiert haben. Inhalt nach Ordnungen und Familien: Schliefer Schliefer R\u00fcsseltiere Elefanten Seek\u00fche Rundschwanzseek\u00fche Hasenartige Hasen Primaten Meerkatzen, Klammerschwanzaffen, Kapuzinerartige Nagetiere Agutis, Langschwanzm\u00e4use, H\u00f6rnchen Paarhufer Horntr\u00e4ger (Antilopen, Rinder), Hirsche, Giraffen, Schweine, Nabelschweine, Flusspferde, Furchenwale, Delfine, Pottwale Raubtiere &hellip; <\/p>\n<p class=\"link-more\"><a href=\"https:\/\/goetzens-auf-reisen.com\/?page_id=2736\" class=\"more-link\"><span class=\"screen-reader-text\">\u201eS\u00e4ugetiere\u201c<\/span> weiterlesen<\/a><\/p>\n","protected":false},"author":1,"featured_media":4703,"parent":45,"menu_order":1,"comment_status":"closed","ping_status":"closed","template":"","meta":{"footnotes":""},"class_list":["post-2736","page","type-page","status-publish","has-post-thumbnail","hentry"],"_links":{"self":[{"href":"https:\/\/goetzens-auf-reisen.com\/index.php?rest_route=\/wp\/v2\/pages\/2736","targetHints":{"allow":["GET"]}}],"collection":[{"href":"https:\/\/goetzens-auf-reisen.com\/index.php?rest_route=\/wp\/v2\/pages"}],"about":[{"href":"https:\/\/goetzens-auf-reisen.com\/index.php?rest_route=\/wp\/v2\/types\/page"}],"author":[{"embeddable":true,"href":"https:\/\/goetzens-auf-reisen.com\/index.php?rest_route=\/wp\/v2\/users\/1"}],"replies":[{"embeddable":true,"href":"https:\/\/goetzens-auf-reisen.com\/index.php?rest_route=%2Fwp%2Fv2%2Fcomments&post=2736"}],"version-history":[{"count":117,"href":"https:\/\/goetzens-auf-reisen.com\/index.php?rest_route=\/wp\/v2\/pages\/2736\/revisions"}],"predecessor-version":[{"id":14897,"href":"https:\/\/goetzens-auf-reisen.com\/index.php?rest_route=\/wp\/v2\/pages\/2736\/revisions\/14897"}],"up":[{"embeddable":true,"href":"https:\/\/goetzens-auf-reisen.com\/index.php?rest_route=\/wp\/v2\/pages\/45"}],"wp:featuredmedia":[{"embeddable":true,"href":"https:\/\/goetzens-auf-reisen.com\/index.php?rest_route=\/wp\/v2\/media\/4703"}],"wp:attachment":[{"href":"https:\/\/goetzens-auf-reisen.com\/index.php?rest_route=%2Fwp%2Fv2%2Fmedia&parent=2736"}],"curies":[{"name":"wp","href":"https:\/\/api.w.org\/{rel}","templated":true}]}}