{"id":2832,"date":"2020-09-03T20:19:28","date_gmt":"2020-09-03T18:19:28","guid":{"rendered":"http:\/\/goetzens-auf-reisen.com\/?page_id=2832"},"modified":"2025-12-31T15:57:37","modified_gmt":"2025-12-31T14:57:37","slug":"voegel","status":"publish","type":"page","link":"https:\/\/goetzens-auf-reisen.com\/?page_id=2832","title":{"rendered":"V\u00f6gel"},"content":{"rendered":"\n<p>Auf dieser Seite seht ihr alle Vogelarten, die wir in unseren Urlauben und zuhause gesichtet haben. Stand 31.12.2025 sind dies 695 Arten.<\/p>\n\n\n\n<p class=\"has-medium-font-size\"><strong>Inhalt nach Ordnungen und Familien: <\/strong><\/p>\n\n\n\n<figure class=\"wp-block-table is-style-stripes\"><table><tbody><tr><td><a href=\"https:\/\/goetzens-auf-reisen.com\/?page_id=9859\" data-type=\"page\" data-id=\"9859\">Eulen<\/a><\/td><td>Eigentliche Eulen<\/td><\/tr><tr><td><a href=\"https:\/\/goetzens-auf-reisen.com\/?page_id=9876\">Falkenartige<\/a><\/td><td>Falkenartige<\/td><\/tr><tr><td><a href=\"https:\/\/goetzens-auf-reisen.com\/?page_id=9832\">Flamingos<\/a><\/td><td>Flamingos<\/td><\/tr><tr><td><a href=\"https:\/\/goetzens-auf-reisen.com\/?page_id=9888\">Flugh\u00fchner<\/a><\/td><td>Flugh\u00fchner<\/td><\/tr><tr><td><a href=\"https:\/\/goetzens-auf-reisen.com\/?page_id=9794\">G\u00e4nsev\u00f6gel<\/a><\/td><td>Entenv\u00f6gel<\/td><\/tr><tr><td><a href=\"https:\/\/goetzens-auf-reisen.com\/?page_id=14015\" data-type=\"page\" data-id=\"14015\">Glanzvogelartige<\/a><\/td><td>Faulv\u00f6gel<\/td><\/tr><tr><td><a href=\"https:\/\/goetzens-auf-reisen.com\/?page_id=9853\">Greifv\u00f6gel<\/a><\/td><td>Fischadler, Habichtartige, Sekret\u00e4re<\/td><\/tr><tr><td><a href=\"https:\/\/goetzens-auf-reisen.com\/?page_id=9868\">Hornv\u00f6gel und Hopfe<\/a><\/td><td>Wiedehopfe, Baumhopfe, Nashornv\u00f6gel<\/td><\/tr><tr><td><a href=\"https:\/\/goetzens-auf-reisen.com\/?page_id=9787\">H\u00fchnerv\u00f6gel<\/a><\/td><td>Hokkoh\u00fchner, Perlh\u00fchner, Zahnwachteln, Fasanenartige<\/td><\/tr><tr><td><a href=\"https:\/\/goetzens-auf-reisen.com\/?page_id=9815\">Kiwis<\/a><\/td><td>Kiwis<\/td><\/tr><tr><td><a href=\"https:\/\/goetzens-auf-reisen.com\/?page_id=9828\">Kranichv\u00f6gel<\/a><\/td><td>Kraniche, Rallenkraniche, Rallen<\/td><\/tr><tr><td><a href=\"https:\/\/goetzens-auf-reisen.com\/?page_id=9811\">Kuckucksv\u00f6gel<\/a><\/td><td>Kuckucke<\/td><\/tr><tr><td><a href=\"https:\/\/goetzens-auf-reisen.com\/?page_id=9834\">Lappentaucher<\/a><\/td><td>Lappentaucher<\/td><\/tr><tr><td><a href=\"https:\/\/goetzens-auf-reisen.com\/?page_id=9863\">Mausv\u00f6gel<\/a><\/td><td>Mausv\u00f6gel<\/td><\/tr><tr><td><a href=\"https:\/\/goetzens-auf-reisen.com\/?page_id=14009\" data-type=\"page\" data-id=\"14009\">Neuweltgeier<\/a><\/td><td>Neuweltgeier<\/td><\/tr><tr><td><a href=\"https:\/\/goetzens-auf-reisen.com\/?page_id=9879\">Papageien<\/a><\/td><td>Neuseelandpapageien, Eigentliche Papageien, Altweltpapageien<\/td><\/tr><tr><td><a href=\"https:\/\/goetzens-auf-reisen.com\/?page_id=9848\">Pelikane<\/a><\/td><td>Ibisse und L\u00f6ffler, Reiher, Pelikane, Hammerk\u00f6pfe<\/td><\/tr><tr><td><a href=\"https:\/\/goetzens-auf-reisen.com\/?page_id=2936\">Pinguine<\/a><\/td><td>Pinguine<\/td><\/tr><tr><td><a href=\"https:\/\/goetzens-auf-reisen.com\/?page_id=9870\">Rackenartige<\/a><\/td><td>Bienenfresser, Racken, S\u00e4geracken, Eisv\u00f6gel<\/td><\/tr><tr><td><strong><a href=\"https:\/\/goetzens-auf-reisen.com\/?page_id=4643\">Regenpfeiferartige<\/a>&nbsp;&gt;&gt;<\/strong><\/td><td>Alkenv\u00f6gel, Austernfischer, Blatth\u00fchnchen, Brachschwalbenartige, M\u00f6wen &amp; Seeschwalben, Regenpfeifer, S\u00e4belschn\u00e4bler, Schnepfenv\u00f6gel, Triele<\/td><\/tr><tr><td><a href=\"https:\/\/goetzens-auf-reisen.com\/?page_id=9839\" data-type=\"page\" data-id=\"9839\">R\u00f6hrennasen<\/a><\/td><td>Albatrosse, Sturmv\u00f6gel<\/td><\/tr><tr><td><a href=\"https:\/\/goetzens-auf-reisen.com\/?page_id=9797\">Nachtschwalbenartige<\/a><\/td><td>Nachtschwalben<\/td><\/tr><tr><td><a href=\"https:\/\/goetzens-auf-reisen.com\/?page_id=9917\" data-type=\"page\" data-id=\"9917\">Seglerv\u00f6gel<\/a><\/td><td>Kolibris, Segler<\/td><\/tr><tr><td><a href=\"https:\/\/goetzens-auf-reisen.com\/?page_id=9873\" data-type=\"page\" data-id=\"9873\">Spechtv\u00f6gel<\/a><\/td><td>Afrikanische Bartv\u00f6gel, Tukane, Honiganzeiger, Spechte<\/td><\/tr><tr><td><strong><a href=\"https:\/\/goetzens-auf-reisen.com\/?page_id=4572\">Sperlingsv\u00f6gel<\/a>&nbsp;&gt;&gt;<\/strong><\/td><td>59 von 145 Familien (Stand 11.2025)<\/td><\/tr><tr><td><a href=\"https:\/\/goetzens-auf-reisen.com\/?page_id=12054\" data-type=\"page\" data-id=\"12054\">Stei\u00dfh\u00fchner<\/a><\/td><td>Stei\u00dfh\u00fchner<\/td><\/tr><tr><td><a href=\"https:\/\/goetzens-auf-reisen.com\/?page_id=9842\">Schreitv\u00f6gel<\/a><\/td><td>St\u00f6rche<\/td><\/tr><tr><td><a href=\"https:\/\/goetzens-auf-reisen.com\/?page_id=9782\" data-type=\"page\" data-id=\"9782\">Strau\u00dfe<\/a><\/td><td>Strau\u00dfe<\/td><\/tr><tr><td><a href=\"https:\/\/goetzens-auf-reisen.com\/?page_id=9818\">Suliformes<\/a><\/td><td>Fregattv\u00f6gel, Kormorane, T\u00f6lpel, Schlangenhalsv\u00f6gel<\/td><\/tr><tr><td><a href=\"https:\/\/goetzens-auf-reisen.com\/?page_id=9825\">Taubenv\u00f6gel<\/a><\/td><td>Tauben<\/td><\/tr><tr><td><a href=\"https:\/\/goetzens-auf-reisen.com\/?page_id=11906\" data-type=\"page\" data-id=\"11906\">Tagschl\u00e4fer<\/a><\/td><td>Tagschl\u00e4fer<\/td><\/tr><tr><td><a href=\"https:\/\/goetzens-auf-reisen.com\/?page_id=9807\">Trappen<\/a><\/td><td>Trappen<\/td><\/tr><tr><td><a href=\"https:\/\/goetzens-auf-reisen.com\/?page_id=9866\">Trogone<\/a><\/td><td>Trogone<\/td><\/tr><tr><td><a href=\"https:\/\/goetzens-auf-reisen.com\/?page_id=9800\">Turakos<\/a><\/td><td>Turakos<\/td><\/tr><\/tbody><\/table><\/figure>\n\n\n\n<p><\/p>\n","protected":false},"excerpt":{"rendered":"<p>Auf dieser Seite seht ihr alle Vogelarten, die wir in unseren Urlauben und zuhause gesichtet haben. Stand 31.12.2025 sind dies 695 Arten. Inhalt nach Ordnungen und Familien: Eulen Eigentliche Eulen Falkenartige Falkenartige Flamingos Flamingos Flugh\u00fchner Flugh\u00fchner G\u00e4nsev\u00f6gel Entenv\u00f6gel Glanzvogelartige Faulv\u00f6gel Greifv\u00f6gel Fischadler, Habichtartige, Sekret\u00e4re Hornv\u00f6gel und Hopfe Wiedehopfe, Baumhopfe, Nashornv\u00f6gel H\u00fchnerv\u00f6gel Hokkoh\u00fchner, Perlh\u00fchner, Zahnwachteln, Fasanenartige &hellip; <\/p>\n<p class=\"link-more\"><a href=\"https:\/\/goetzens-auf-reisen.com\/?page_id=2832\" class=\"more-link\"><span class=\"screen-reader-text\">\u201eV\u00f6gel\u201c<\/span> weiterlesen<\/a><\/p>\n","protected":false},"author":1,"featured_media":12785,"parent":45,"menu_order":2,"comment_status":"closed","ping_status":"closed","template":"","meta":{"footnotes":""},"class_list":["post-2832","page","type-page","status-publish","has-post-thumbnail","hentry"],"_links":{"self":[{"href":"https:\/\/goetzens-auf-reisen.com\/index.php?rest_route=\/wp\/v2\/pages\/2832","targetHints":{"allow":["GET"]}}],"collection":[{"href":"https:\/\/goetzens-auf-reisen.com\/index.php?rest_route=\/wp\/v2\/pages"}],"about":[{"href":"https:\/\/goetzens-auf-reisen.com\/index.php?rest_route=\/wp\/v2\/types\/page"}],"author":[{"embeddable":true,"href":"https:\/\/goetzens-auf-reisen.com\/index.php?rest_route=\/wp\/v2\/users\/1"}],"replies":[{"embeddable":true,"href":"https:\/\/goetzens-auf-reisen.com\/index.php?rest_route=%2Fwp%2Fv2%2Fcomments&post=2832"}],"version-history":[{"count":476,"href":"https:\/\/goetzens-auf-reisen.com\/index.php?rest_route=\/wp\/v2\/pages\/2832\/revisions"}],"predecessor-version":[{"id":14166,"href":"https:\/\/goetzens-auf-reisen.com\/index.php?rest_route=\/wp\/v2\/pages\/2832\/revisions\/14166"}],"up":[{"embeddable":true,"href":"https:\/\/goetzens-auf-reisen.com\/index.php?rest_route=\/wp\/v2\/pages\/45"}],"wp:featuredmedia":[{"embeddable":true,"href":"https:\/\/goetzens-auf-reisen.com\/index.php?rest_route=\/wp\/v2\/media\/12785"}],"wp:attachment":[{"href":"https:\/\/goetzens-auf-reisen.com\/index.php?rest_route=%2Fwp%2Fv2%2Fmedia&parent=2832"}],"curies":[{"name":"wp","href":"https:\/\/api.w.org\/{rel}","templated":true}]}}