{"id":3109,"date":"2020-11-08T20:25:35","date_gmt":"2020-11-08T19:25:35","guid":{"rendered":"http:\/\/goetzens-auf-reisen.com\/?page_id=3109"},"modified":"2025-04-22T15:16:06","modified_gmt":"2025-04-22T13:16:06","slug":"namibia-2","status":"publish","type":"page","link":"https:\/\/goetzens-auf-reisen.com\/?page_id=3109","title":{"rendered":"Namibia"},"content":{"rendered":"\n<figure class=\"wp-block-pullquote\"><blockquote><p>An kaum einem Ort auf dieser Welt treffen so viele Gegens\u00e4tze aufeinander wie in Namibia. Mit der W\u00fcste im R\u00fccken genie\u00dfen Sie den Ausblick auf das Meer, w\u00e4hrend nur weniger Kilometer weiter die Elefantenherden am Wasserloch ihren Durst stillen. Gerade dieser Kontrastreichtum macht Namibia zu einem Reiseziel, das immer beliebter wird und einen gro\u00dfen touristischen Aufschwung versp\u00fcrt \u2013 Und trotzdem f\u00fchlt man sich in diesem Land nicht wie einer unter vielen. Denn auf einer Fl\u00e4che, die mehr als doppelt so gro\u00df ist wie Deutschland, leben nur 2,2 Millionen Einwohner. So kann es durchaus dann einmal sein, dass Ihnen auf einer kilometerlangen Stra\u00dfe \u00fcber l\u00e4ngere Zeit kein einziger Mensch entgegenkommt \u2013 Erholung pur und ein einmaliges Erlebnis von Abgeschiedenheit.<\/p><cite>Quelle: https:\/\/www.namibia-reise.de\/<\/cite><\/blockquote><\/figure>\n\n\n\n<figure class=\"wp-block-video\"><video height=\"480\" style=\"aspect-ratio: 854 \/ 480;\" width=\"854\" autoplay controls loop muted poster=\"http:\/\/goetzens-auf-reisen.com\/wp-content\/uploads\/2020\/11\/IMG_0618-2.jpg\" src=\"http:\/\/goetzens-auf-reisen.com\/wp-content\/uploads\/2021\/12\/NAMIBA.mp4\"><\/video><\/figure>\n\n\n\n<div style=\"height:29px\" aria-hidden=\"true\" class=\"wp-block-spacer\"><\/div>\n\n\n\n<p>Ein Land &#8230;<br> &#8230; voller Gegens\u00e4tze: alleine, was die Landschaften betrifft.<br>&#8230; mit einer aufregenden Tierwelt sondergleichen.<br>&#8230; mit Menschen, die uns faszinieren.<br>&#8230; in dem man hervorragend Urlaub machen kann.<br>&#8230; in dem es unvergessliche Sonnenunterg\u00e4nge<strong> <\/strong>gibt.<\/p>\n\n\n\n<p>Mit der Erfahrung aus den beiden Urlauben in S\u00fcdafrika 2015 und 2019 wuchs unser Wunsch, mehr vom s\u00fcdlichen Afrika kennenzulernen. Mehr W\u00fcste, mehr Tiere, mehr Savanne, &#8230; und am besten mitten hinein in die Natur und ganz nahe ran an die Tiere!<\/p>\n\n\n\n<figure class=\"wp-block-gallery has-nested-images columns-default is-cropped wp-block-gallery-2 is-layout-flex wp-block-gallery-is-layout-flex\">\n<figure class=\"wp-block-image size-large is-style-default\"><a href=\"https:\/\/goetzens-auf-reisen.com\/wp-content\/uploads\/2023\/10\/karte_namibia_route-2021-2021-2023.jpg\"><img loading=\"lazy\" decoding=\"async\" width=\"1024\" height=\"1024\" data-id=\"10790\" src=\"http:\/\/goetzens-auf-reisen.com\/wp-content\/uploads\/2023\/10\/karte_namibia_route-2021-2021-2023-1024x1024.jpg\" alt=\"\" class=\"wp-image-10790\" srcset=\"https:\/\/goetzens-auf-reisen.com\/wp-content\/uploads\/2023\/10\/karte_namibia_route-2021-2021-2023-1024x1024.jpg 1024w, https:\/\/goetzens-auf-reisen.com\/wp-content\/uploads\/2023\/10\/karte_namibia_route-2021-2021-2023-300x300.jpg 300w, https:\/\/goetzens-auf-reisen.com\/wp-content\/uploads\/2023\/10\/karte_namibia_route-2021-2021-2023-150x150.jpg 150w, https:\/\/goetzens-auf-reisen.com\/wp-content\/uploads\/2023\/10\/karte_namibia_route-2021-2021-2023-768x767.jpg 768w, https:\/\/goetzens-auf-reisen.com\/wp-content\/uploads\/2023\/10\/karte_namibia_route-2021-2021-2023-100x100.jpg 100w, https:\/\/goetzens-auf-reisen.com\/wp-content\/uploads\/2023\/10\/karte_namibia_route-2021-2021-2023.jpg 1170w\" sizes=\"auto, (max-width: 767px) 89vw, (max-width: 1000px) 54vw, (max-width: 1071px) 543px, 580px\" \/><\/a><figcaption class=\"wp-element-caption\">rot =2020  \/ violett = 2021 \/ blau = 2023<\/figcaption><\/figure>\n\n\n\n<figure class=\"wp-block-image size-large is-style-default\"><a href=\"https:\/\/goetzens-auf-reisen.com\/wp-content\/uploads\/2024\/07\/NAM-DEU-Vergleich.png\"><img loading=\"lazy\" decoding=\"async\" width=\"1024\" height=\"940\" data-id=\"12956\" src=\"https:\/\/goetzens-auf-reisen.com\/wp-content\/uploads\/2024\/07\/NAM-DEU-Vergleich-1024x940.png\" alt=\"\" class=\"wp-image-12956\" srcset=\"https:\/\/goetzens-auf-reisen.com\/wp-content\/uploads\/2024\/07\/NAM-DEU-Vergleich-1024x940.png 1024w, https:\/\/goetzens-auf-reisen.com\/wp-content\/uploads\/2024\/07\/NAM-DEU-Vergleich-300x275.png 300w, https:\/\/goetzens-auf-reisen.com\/wp-content\/uploads\/2024\/07\/NAM-DEU-Vergleich-768x705.png 768w, https:\/\/goetzens-auf-reisen.com\/wp-content\/uploads\/2024\/07\/NAM-DEU-Vergleich.png 1325w\" sizes=\"auto, (max-width: 767px) 89vw, (max-width: 1000px) 54vw, (max-width: 1071px) 543px, 580px\" \/><\/a><figcaption class=\"wp-element-caption\">Gr\u00f6\u00dfenvergleich Namibia Deutschland<\/figcaption><\/figure>\n<\/figure>\n\n\n\n<div style=\"height:16px\" aria-hidden=\"true\" class=\"wp-block-spacer\"><\/div>\n\n\n\n<p>Wie gut, dass Namibia eines der ganz wenigen L\u00e4nder dieser Erde ist, das das Robert-Koch-Institut im November 2020 nicht als Risikogebiet einstuft. Also eines der ganz wenigen m\u00f6glichen Ziele f\u00fcr eine Fernreise zu diesem Zeitpunkt. Durch die wegen Corona ausbleibenden Touristen hatten wir gut vier Wochen lang dieses traumhafte Urlaubsland fast exklusiv f\u00fcr uns.<\/p>\n\n\n\n<p class=\"has-black-color has-cyan-bluish-gray-background-color has-text-color has-background\"><a href=\"https:\/\/goetzens-auf-reisen.com\/?page_id=3111\" data-type=\"page\" data-id=\"3111\">zur Route, zu den Links zu den Unterk\u00fcnften und zum Tourbericht 2020 &gt;&gt; <\/a><\/p>\n\n\n\n<div style=\"height:27px\" aria-hidden=\"true\" class=\"wp-block-spacer\"><\/div>\n\n\n\n<p>Nachdem uns Namibia 2020 so sehr gefallen und uns in seinen Bann gezogen hat, wuchs das Fernweh mehr und mehr. Der verrregnete und kalte Sommer 2021 trug seinen Teil dazu bei, dass es uns wieder in den S\u00fcdwesten Afrikas zog. Aber der &#8222;explosionsartige&#8220; Anstieg der Corona-Zahlen und die Schreckensmeldungen in diesem Zusammenhang, lie\u00df die Hoffnung sinken, dass es mit uns und Namibia in 2021 klappen k\u00f6nnte. Da die Inzidenzwerte Ende Juli\/Anfang August steil nach unten gingen, wagten wir es zu planen und die Fl\u00fcge und den Bushcamper f\u00fcr 5.10. bis 8.11. zu buchen. 4 1\/2 weitere Wochen in diesem herrlichen Land standen uns bevor!<\/p>\n\n\n\n<p class=\"has-black-color has-cyan-bluish-gray-background-color has-text-color has-background\"><a href=\"https:\/\/goetzens-auf-reisen.com\/?page_id=4940\" data-type=\"page\" data-id=\"4940\">zur Route, zu den Links zu den Unterk\u00fcnften und zum Tourbericht 2021 &gt;&gt;<\/a> <\/p>\n\n\n\n<div style=\"height:27px\" aria-hidden=\"true\" class=\"wp-block-spacer\"><\/div>\n\n\n\n<p>Im Anschluss an unsere Reise von Kapstadt \u00fcber die Zederberge und das Namaqualand in den KTP begaben wir uns 2023 mit der Familie und mit Freunden auf einen 14-t\u00e4gigen Rundkurs durch das zentrale Namibia. Die &#8222;Klassiker&#8220; durften auf der Reise nat\u00fcrlich nicht fehlen: Etosha, Swakopmund und Sossusvlei. <\/p>\n\n\n\n<p class=\"has-black-color has-cyan-bluish-gray-background-color has-text-color has-background\"><a href=\"https:\/\/goetzens-auf-reisen.com\/?page_id=8643\" data-type=\"page\" data-id=\"8643\">zur Route, zu den Links zu den Unterk\u00fcnften und zum Tourbericht 2023 &gt;&gt; <\/a><\/p>\n\n\n\n<div style=\"height:27px\" aria-hidden=\"true\" class=\"wp-block-spacer\"><\/div>\n\n\n\n<p>Und M\u00e4rz\/April 2025 geht es schon wieder nach Namibia. Zusammen mit 3 weiteren Paaren begeben wir uns auf eine dreiw\u00f6chige &#8222;klassische Rundreise + Caprivistreifen&#8220;. Wir wollen das Land gerne einmal weniger ausgetrocknet erleben und erfahen diesmal, dass Namibia auch anders kann &#8230;<\/p>\n\n\n\n<p class=\"has-black-color has-cyan-bluish-gray-background-color has-text-color has-background\"><a href=\"https:\/\/goetzens-auf-reisen.com\/?page_id=13623\" data-type=\"page\" data-id=\"13623\">zur Route, zu den Links zu den Unterk\u00fcnften und zum Tourbericht 2025 >> <\/a><\/p>\n\n\n\n<p><\/p>\n","protected":false},"excerpt":{"rendered":"<p>An kaum einem Ort auf dieser Welt treffen so viele Gegens\u00e4tze aufeinander wie in Namibia. Mit der W\u00fcste im R\u00fccken genie\u00dfen Sie den Ausblick auf das Meer, w\u00e4hrend nur weniger Kilometer weiter die Elefantenherden am Wasserloch ihren Durst stillen. Gerade dieser Kontrastreichtum macht Namibia zu einem Reiseziel, das immer beliebter wird und einen gro\u00dfen touristischen &hellip; <\/p>\n<p class=\"link-more\"><a href=\"https:\/\/goetzens-auf-reisen.com\/?page_id=3109\" class=\"more-link\"><span class=\"screen-reader-text\">\u201eNamibia\u201c<\/span> weiterlesen<\/a><\/p>\n","protected":false},"author":1,"featured_media":0,"parent":0,"menu_order":0,"comment_status":"closed","ping_status":"closed","template":"","meta":{"footnotes":""},"class_list":["post-3109","page","type-page","status-publish","hentry"],"_links":{"self":[{"href":"https:\/\/goetzens-auf-reisen.com\/index.php?rest_route=\/wp\/v2\/pages\/3109","targetHints":{"allow":["GET"]}}],"collection":[{"href":"https:\/\/goetzens-auf-reisen.com\/index.php?rest_route=\/wp\/v2\/pages"}],"about":[{"href":"https:\/\/goetzens-auf-reisen.com\/index.php?rest_route=\/wp\/v2\/types\/page"}],"author":[{"embeddable":true,"href":"https:\/\/goetzens-auf-reisen.com\/index.php?rest_route=\/wp\/v2\/users\/1"}],"replies":[{"embeddable":true,"href":"https:\/\/goetzens-auf-reisen.com\/index.php?rest_route=%2Fwp%2Fv2%2Fcomments&post=3109"}],"version-history":[{"count":28,"href":"https:\/\/goetzens-auf-reisen.com\/index.php?rest_route=\/wp\/v2\/pages\/3109\/revisions"}],"predecessor-version":[{"id":13644,"href":"https:\/\/goetzens-auf-reisen.com\/index.php?rest_route=\/wp\/v2\/pages\/3109\/revisions\/13644"}],"wp:attachment":[{"href":"https:\/\/goetzens-auf-reisen.com\/index.php?rest_route=%2Fwp%2Fv2%2Fmedia&parent=3109"}],"curies":[{"name":"wp","href":"https:\/\/api.w.org\/{rel}","templated":true}]}}