{"id":45,"date":"2019-08-08T08:58:05","date_gmt":"2019-08-08T06:58:05","guid":{"rendered":"http:\/\/goetzens-auf-reisen.com\/?page_id=45"},"modified":"2024-07-15T08:19:14","modified_gmt":"2024-07-15T06:19:14","slug":"tier-land","status":"publish","type":"page","link":"https:\/\/goetzens-auf-reisen.com\/?page_id=45","title":{"rendered":"TIER-reich"},"content":{"rendered":"\n<p class=\"has-drop-cap\">Hier seht ihr eine Sammlung der &#8211; wie wir finden &#8211; sch\u00f6nsten Tierbilder, die Andrea auf unseren Reisen fotografiert hat.<\/p>\n\n\n\n<div style=\"height:40px\" aria-hidden=\"true\" class=\"wp-block-spacer\"><\/div>\n\n\n\n<div class=\"wp-block-columns is-layout-flex wp-container-core-columns-is-layout-9d6595d7 wp-block-columns-is-layout-flex\">\n<div class=\"wp-block-column is-layout-flow wp-block-column-is-layout-flow\" style=\"flex-basis:10%\"><\/div>\n\n\n\n<div class=\"wp-block-column is-layout-flow wp-block-column-is-layout-flow\" style=\"flex-basis:70%\">\n<div class=\"wp-block-media-text alignwide has-white-color has-cyan-bluish-gray-background-color has-text-color has-background has-link-color wp-elements-24b859a2106489a3c6cd1f72e5576491\" style=\"grid-template-columns:49% auto\"><figure class=\"wp-block-media-text__media\"><img loading=\"lazy\" decoding=\"async\" width=\"1024\" height=\"682\" src=\"http:\/\/goetzens-auf-reisen.com\/wp-content\/uploads\/2019\/08\/IMG_1109-1024x682.jpg\" alt=\"\" class=\"wp-image-72 size-full\" srcset=\"https:\/\/goetzens-auf-reisen.com\/wp-content\/uploads\/2019\/08\/IMG_1109-1024x682.jpg 1024w, https:\/\/goetzens-auf-reisen.com\/wp-content\/uploads\/2019\/08\/IMG_1109-300x200.jpg 300w, https:\/\/goetzens-auf-reisen.com\/wp-content\/uploads\/2019\/08\/IMG_1109-768x512.jpg 768w\" sizes=\"auto, (max-width: 767px) 89vw, (max-width: 1000px) 54vw, (max-width: 1071px) 543px, 580px\" \/><\/figure><div class=\"wp-block-media-text__content\">\n<p class=\"has-text-align-center has-medium-font-size\"><a href=\"https:\/\/goetzens-auf-reisen.com\/?page_id=2736\" data-type=\"page\" data-id=\"2736\"><strong>S\u00e4ugetiere<\/strong><\/a><\/p>\n<\/div><\/div>\n\n\n\n<div class=\"wp-block-media-text alignwide has-media-on-the-right has-white-color has-cyan-bluish-gray-background-color has-text-color has-background has-link-color wp-elements-36ebdae49b863a06d5180e7864dc7ee4\" style=\"grid-template-columns:auto 51%\"><div class=\"wp-block-media-text__content\">\n<p class=\"has-text-align-center has-medium-font-size\"><strong><a href=\"https:\/\/goetzens-auf-reisen.com\/?page_id=2832\">V\u00f6gel<\/a><\/strong><\/p>\n<\/div><figure class=\"wp-block-media-text__media\"><img loading=\"lazy\" decoding=\"async\" width=\"1024\" height=\"683\" src=\"http:\/\/goetzens-auf-reisen.com\/wp-content\/uploads\/2024\/04\/Halsbandarassari-topaz-1024x683.jpeg\" alt=\"\" class=\"wp-image-12435 size-full\" srcset=\"https:\/\/goetzens-auf-reisen.com\/wp-content\/uploads\/2024\/04\/Halsbandarassari-topaz-1024x683.jpeg 1024w, https:\/\/goetzens-auf-reisen.com\/wp-content\/uploads\/2024\/04\/Halsbandarassari-topaz-300x200.jpeg 300w, https:\/\/goetzens-auf-reisen.com\/wp-content\/uploads\/2024\/04\/Halsbandarassari-topaz-768x512.jpeg 768w, https:\/\/goetzens-auf-reisen.com\/wp-content\/uploads\/2024\/04\/Halsbandarassari-topaz-1536x1024.jpeg 1536w, https:\/\/goetzens-auf-reisen.com\/wp-content\/uploads\/2024\/04\/Halsbandarassari-topaz-2048x1365.jpeg 2048w\" sizes=\"auto, (max-width: 767px) 89vw, (max-width: 1000px) 54vw, (max-width: 1071px) 543px, 580px\" \/><\/figure><\/div>\n\n\n\n<div class=\"wp-block-media-text alignwide has-white-color has-cyan-bluish-gray-background-color has-text-color has-background has-link-color wp-elements-bd2b992ce1f949e4a0a7ce33238b6da4\" style=\"grid-template-columns:49% auto\"><figure class=\"wp-block-media-text__media\"><img loading=\"lazy\" decoding=\"async\" width=\"1024\" height=\"598\" src=\"http:\/\/goetzens-auf-reisen.com\/wp-content\/uploads\/2019\/08\/IMG_1104-1024x598.jpg\" alt=\"\" class=\"wp-image-121 size-full\" srcset=\"https:\/\/goetzens-auf-reisen.com\/wp-content\/uploads\/2019\/08\/IMG_1104-1024x598.jpg 1024w, https:\/\/goetzens-auf-reisen.com\/wp-content\/uploads\/2019\/08\/IMG_1104-300x175.jpg 300w, https:\/\/goetzens-auf-reisen.com\/wp-content\/uploads\/2019\/08\/IMG_1104-768x448.jpg 768w, https:\/\/goetzens-auf-reisen.com\/wp-content\/uploads\/2019\/08\/IMG_1104.jpg 1793w\" sizes=\"auto, (max-width: 767px) 89vw, (max-width: 1000px) 54vw, (max-width: 1071px) 543px, 580px\" \/><\/figure><div class=\"wp-block-media-text__content\">\n<p class=\"has-text-align-center has-medium-font-size\"><a href=\"http:\/\/goetzens-auf-reisen.com\/?page_id=128\"><strong>Reptilien<\/strong><\/a><\/p>\n<\/div><\/div>\n\n\n\n<div class=\"wp-block-media-text alignwide has-media-on-the-right has-cyan-bluish-gray-background-color has-background\" style=\"grid-template-columns:auto 51%\"><div class=\"wp-block-media-text__content\">\n<p class=\"has-text-align-center has-white-color has-cyan-bluish-gray-background-color has-text-color has-background has-link-color has-medium-font-size wp-elements-3ecdc3bdcbc5d632a0aef6c317de6419\"><a href=\"https:\/\/goetzens-auf-reisen.com\/?page_id=12654\" data-type=\"page\" data-id=\"12654\"><strong>Amphibien<\/strong><\/a><\/p>\n<\/div><figure class=\"wp-block-media-text__media\"><img loading=\"lazy\" decoding=\"async\" width=\"1024\" height=\"768\" src=\"http:\/\/goetzens-auf-reisen.com\/wp-content\/uploads\/2024\/02\/IMG_7342-1024x768.jpeg\" alt=\"\" class=\"wp-image-10967 size-full\" srcset=\"https:\/\/goetzens-auf-reisen.com\/wp-content\/uploads\/2024\/02\/IMG_7342-1024x768.jpeg 1024w, https:\/\/goetzens-auf-reisen.com\/wp-content\/uploads\/2024\/02\/IMG_7342-300x225.jpeg 300w, https:\/\/goetzens-auf-reisen.com\/wp-content\/uploads\/2024\/02\/IMG_7342-768x576.jpeg 768w, https:\/\/goetzens-auf-reisen.com\/wp-content\/uploads\/2024\/02\/IMG_7342-1536x1152.jpeg 1536w, https:\/\/goetzens-auf-reisen.com\/wp-content\/uploads\/2024\/02\/IMG_7342-2048x1536.jpeg 2048w\" sizes=\"auto, (max-width: 767px) 89vw, (max-width: 1000px) 54vw, (max-width: 1071px) 543px, 580px\" \/><\/figure><\/div>\n\n\n\n<div class=\"wp-block-media-text alignwide has-cyan-bluish-gray-background-color has-background\" style=\"grid-template-columns:49% auto\"><figure class=\"wp-block-media-text__media\"><img loading=\"lazy\" decoding=\"async\" width=\"1000\" height=\"750\" src=\"http:\/\/goetzens-auf-reisen.com\/wp-content\/uploads\/2019\/08\/PTDC0276-2.jpg\" alt=\"\" class=\"wp-image-119 size-full\" srcset=\"https:\/\/goetzens-auf-reisen.com\/wp-content\/uploads\/2019\/08\/PTDC0276-2.jpg 1000w, https:\/\/goetzens-auf-reisen.com\/wp-content\/uploads\/2019\/08\/PTDC0276-2-300x225.jpg 300w, https:\/\/goetzens-auf-reisen.com\/wp-content\/uploads\/2019\/08\/PTDC0276-2-768x576.jpg 768w\" sizes=\"auto, (max-width: 767px) 89vw, (max-width: 1000px) 54vw, (max-width: 1071px) 543px, 580px\" \/><\/figure><div class=\"wp-block-media-text__content\">\n<p class=\"has-text-align-center has-white-color has-cyan-bluish-gray-background-color has-text-color has-background has-link-color has-medium-font-size wp-elements-9e268191a5d483027f63614beaf6d4ff\"><a href=\"http:\/\/goetzens-auf-reisen.com\/?page_id=55\"><strong>Fische<\/strong><\/a><\/p>\n<\/div><\/div>\n\n\n\n<div class=\"wp-block-media-text alignwide has-media-on-the-right has-white-color has-cyan-bluish-gray-background-color has-text-color has-background has-link-color wp-elements-a03cc75d329488984d0ddc36ead2cde6\"><div class=\"wp-block-media-text__content\">\n<p class=\"has-text-align-center has-medium-font-size\"><strong>&#8222;<a href=\"https:\/\/goetzens-auf-reisen.com\/?page_id=130\" data-type=\"page\" data-id=\"130\">Nicht Wirbeltiere<\/a>&#8220; <\/strong><\/p>\n<\/div><figure class=\"wp-block-media-text__media\"><img loading=\"lazy\" decoding=\"async\" width=\"1024\" height=\"682\" src=\"http:\/\/goetzens-auf-reisen.com\/wp-content\/uploads\/2019\/08\/IMG_1894-2-1024x682.jpg\" alt=\"\" class=\"wp-image-122 size-full\" srcset=\"https:\/\/goetzens-auf-reisen.com\/wp-content\/uploads\/2019\/08\/IMG_1894-2-1024x682.jpg 1024w, https:\/\/goetzens-auf-reisen.com\/wp-content\/uploads\/2019\/08\/IMG_1894-2-300x200.jpg 300w, https:\/\/goetzens-auf-reisen.com\/wp-content\/uploads\/2019\/08\/IMG_1894-2-768x512.jpg 768w\" sizes=\"auto, (max-width: 767px) 89vw, (max-width: 1000px) 54vw, (max-width: 1071px) 543px, 580px\" \/><\/figure><\/div>\n<\/div>\n\n\n\n<div class=\"wp-block-column is-layout-flow wp-block-column-is-layout-flow\" style=\"flex-basis:10%\"><\/div>\n<\/div>\n","protected":false},"excerpt":{"rendered":"<p>Hier seht ihr eine Sammlung der &#8211; wie wir finden &#8211; sch\u00f6nsten Tierbilder, die Andrea auf unseren Reisen fotografiert hat. S\u00e4ugetiere V\u00f6gel Reptilien Amphibien Fische &#8222;Nicht Wirbeltiere&#8220;<\/p>\n","protected":false},"author":1,"featured_media":4706,"parent":0,"menu_order":0,"comment_status":"closed","ping_status":"closed","template":"","meta":{"footnotes":""},"class_list":["post-45","page","type-page","status-publish","has-post-thumbnail","hentry"],"_links":{"self":[{"href":"https:\/\/goetzens-auf-reisen.com\/index.php?rest_route=\/wp\/v2\/pages\/45","targetHints":{"allow":["GET"]}}],"collection":[{"href":"https:\/\/goetzens-auf-reisen.com\/index.php?rest_route=\/wp\/v2\/pages"}],"about":[{"href":"https:\/\/goetzens-auf-reisen.com\/index.php?rest_route=\/wp\/v2\/types\/page"}],"author":[{"embeddable":true,"href":"https:\/\/goetzens-auf-reisen.com\/index.php?rest_route=\/wp\/v2\/users\/1"}],"replies":[{"embeddable":true,"href":"https:\/\/goetzens-auf-reisen.com\/index.php?rest_route=%2Fwp%2Fv2%2Fcomments&post=45"}],"version-history":[{"count":19,"href":"https:\/\/goetzens-auf-reisen.com\/index.php?rest_route=\/wp\/v2\/pages\/45\/revisions"}],"predecessor-version":[{"id":13016,"href":"https:\/\/goetzens-auf-reisen.com\/index.php?rest_route=\/wp\/v2\/pages\/45\/revisions\/13016"}],"wp:featuredmedia":[{"embeddable":true,"href":"https:\/\/goetzens-auf-reisen.com\/index.php?rest_route=\/wp\/v2\/media\/4706"}],"wp:attachment":[{"href":"https:\/\/goetzens-auf-reisen.com\/index.php?rest_route=%2Fwp%2Fv2%2Fmedia&parent=45"}],"curies":[{"name":"wp","href":"https:\/\/api.w.org\/{rel}","templated":true}]}}