{"id":4572,"date":"2021-05-06T10:22:04","date_gmt":"2021-05-06T08:22:04","guid":{"rendered":"https:\/\/goetzens-auf-reisen.com\/?page_id=4572"},"modified":"2026-01-06T10:15:53","modified_gmt":"2026-01-06T09:15:53","slug":"sperlingsvoegel","status":"publish","type":"page","link":"https:\/\/goetzens-auf-reisen.com\/?page_id=4572","title":{"rendered":"Sperlingsv\u00f6gel"},"content":{"rendered":"\n<p>Die Sperlingsv\u00f6gel (Passeriformes) bilden mit ungef\u00e4hr 5700 Arten die gr\u00f6\u00dfte Ordnung der Klasse der V\u00f6gel. So ist es kein Wunder, dass wir aus dieser Ordnung auch sehr viele Arten vor die Linse bekommen haben. Daher haben wir den Sperlingsv\u00f6geln eine eigene Seite mit vielen Unterseiten gewidmet.<\/p>\n\n\n\n<figure class=\"wp-block-gallery has-nested-images columns-default is-cropped wp-block-gallery-2 is-layout-flex wp-block-gallery-is-layout-flex\">\n<figure class=\"wp-block-image size-large is-style-default\"><a href=\"https:\/\/goetzens-auf-reisen.com\/wp-content\/uploads\/2024\/05\/Tuerkisnaschvogel-br.-m-.-BocaTapada-topaz-scaled.jpeg\"><img loading=\"lazy\" decoding=\"async\" width=\"1024\" height=\"687\" data-id=\"12310\" src=\"http:\/\/goetzens-auf-reisen.com\/wp-content\/uploads\/2024\/05\/Tuerkisnaschvogel-br.-m-.-BocaTapada-topaz-1024x687.jpeg\" alt=\"\" class=\"wp-image-12310\" srcset=\"https:\/\/goetzens-auf-reisen.com\/wp-content\/uploads\/2024\/05\/Tuerkisnaschvogel-br.-m-.-BocaTapada-topaz-1024x687.jpeg 1024w, https:\/\/goetzens-auf-reisen.com\/wp-content\/uploads\/2024\/05\/Tuerkisnaschvogel-br.-m-.-BocaTapada-topaz-300x201.jpeg 300w, https:\/\/goetzens-auf-reisen.com\/wp-content\/uploads\/2024\/05\/Tuerkisnaschvogel-br.-m-.-BocaTapada-topaz-768x515.jpeg 768w, https:\/\/goetzens-auf-reisen.com\/wp-content\/uploads\/2024\/05\/Tuerkisnaschvogel-br.-m-.-BocaTapada-topaz-1536x1030.jpeg 1536w, https:\/\/goetzens-auf-reisen.com\/wp-content\/uploads\/2024\/05\/Tuerkisnaschvogel-br.-m-.-BocaTapada-topaz-2048x1373.jpeg 2048w\" sizes=\"auto, (max-width: 767px) 89vw, (max-width: 1000px) 54vw, (max-width: 1071px) 543px, 580px\" \/><\/a><figcaption class=\"wp-element-caption\">T\u00fcrkisnaschvogel (m . br. )<\/figcaption><\/figure>\n\n\n\n<figure class=\"wp-block-image size-large\"><a href=\"http:\/\/goetzens-auf-reisen.com\/wp-content\/uploads\/2023\/07\/Rotkehlchen-2-topaz-scaled.jpeg\"><img loading=\"lazy\" decoding=\"async\" width=\"1024\" height=\"683\" data-id=\"12581\" src=\"http:\/\/goetzens-auf-reisen.com\/wp-content\/uploads\/2023\/07\/Rotkehlchen-2-topaz-1024x683.jpeg\" alt=\"\" class=\"wp-image-12581\" srcset=\"https:\/\/goetzens-auf-reisen.com\/wp-content\/uploads\/2023\/07\/Rotkehlchen-2-topaz-1024x683.jpeg 1024w, https:\/\/goetzens-auf-reisen.com\/wp-content\/uploads\/2023\/07\/Rotkehlchen-2-topaz-300x200.jpeg 300w, https:\/\/goetzens-auf-reisen.com\/wp-content\/uploads\/2023\/07\/Rotkehlchen-2-topaz-768x512.jpeg 768w, https:\/\/goetzens-auf-reisen.com\/wp-content\/uploads\/2023\/07\/Rotkehlchen-2-topaz-1536x1024.jpeg 1536w, https:\/\/goetzens-auf-reisen.com\/wp-content\/uploads\/2023\/07\/Rotkehlchen-2-topaz-2048x1365.jpeg 2048w\" sizes=\"auto, (max-width: 767px) 89vw, (max-width: 1000px) 54vw, (max-width: 1071px) 543px, 580px\" \/><\/a><figcaption class=\"wp-element-caption\">Rotkehlchen<\/figcaption><\/figure>\n<\/figure>\n\n\n\n<div class=\"wp-block-buttons is-content-justification-center is-layout-flex wp-container-core-buttons-is-layout-16018d1d wp-block-buttons-is-layout-flex\">\n<div class=\"wp-block-button has-custom-width wp-block-button__width-50 has-custom-font-size is-style-outline is-style-outline--3\" style=\"font-size:15px\"><a class=\"wp-block-button__link has-cyan-bluish-gray-color has-text-color wp-element-button\" href=\"https:\/\/goetzens-auf-reisen.com\/?page_id=2832\">&lt;&lt; zur\u00fcck zu V\u00f6gel<\/a><\/div>\n<\/div>\n\n\n\n<div style=\"height:41px\" aria-hidden=\"true\" class=\"wp-block-spacer\"><\/div>\n\n\n\n<p><strong>Hier die Familien und Gattungen in alphabetischer Reihenfolge<\/strong><\/p>\n\n\n\n<figure class=\"wp-block-table is-style-stripes\"><table><tbody><tr><td><a href=\"https:\/\/goetzens-auf-reisen.com\/?page_id=9986\" data-type=\"page\" data-id=\"9986\">Afrikaschn\u00e4pper<\/a><\/td><td>Wollschn\u00e4pper (<em>Batis<\/em>), Erdschn\u00e4pper (<em>Lanioturdus<\/em>)<\/td><\/tr><tr><td><a href=\"https:\/\/goetzens-auf-reisen.com\/?page_id=11936\" data-type=\"page\" data-id=\"11936\">Ameisenv\u00f6gel<\/a><\/td><td><em>Braunr\u00fcckenameisenv\u00f6gel<\/em> (<em>Poliocrania<\/em>), Wollr\u00fccken (<em>Thamnophilus<\/em>), <em>Gymnopithys<\/em><\/td><\/tr><tr><td><a href=\"https:\/\/goetzens-auf-reisen.com\/?page_id=9991\" data-type=\"page\" data-id=\"9991\">Ammern<\/a><\/td><td>Ammern (<em>Emberiza<\/em>)<\/td><\/tr><tr><td><a href=\"https:\/\/goetzens-auf-reisen.com\/?page_id=13011\" data-type=\"page\" data-id=\"13011\">Bartmeisen<\/a><\/td><td>Bartmeisen <em>(Panurus)<\/em><\/td><\/tr><tr><td><a href=\"https:\/\/goetzens-auf-reisen.com\/?page_id=9993\" data-type=\"page\" data-id=\"9993\">Bauml\u00e4ufer<\/a><\/td><td>Eigentliche Bauml\u00e4ufer (<em>Certhia<\/em>)<\/td><\/tr><tr><td><a href=\"https:\/\/goetzens-auf-reisen.com\/?page_id=9995\" data-type=\"page\" data-id=\"9995\">B\u00fclb\u00fcls<\/a><\/td><td>Echte B\u00fclb\u00fcls (<em>Pycnonotus<\/em>), <em>Chlorocichla<\/em>, <em>Phyllastrephus<\/em><\/td><\/tr><tr><td><a href=\"https:\/\/goetzens-auf-reisen.com\/?page_id=9999\" data-type=\"page\" data-id=\"9999\">B\u00fclb\u00fclgrasm\u00fccken und Sylviettas<\/a><\/td><td>Sylviettas&nbsp;(<em>Sylvietta<\/em>)<\/td><\/tr><tr><td><a href=\"https:\/\/goetzens-auf-reisen.com\/?page_id=10001\" data-type=\"page\" data-id=\"10001\">Brillenv\u00f6gel<\/a><\/td><td>Brillenv\u00f6gel (<em>Zosterops<\/em>)<\/td><\/tr><tr><td><a href=\"https:\/\/goetzens-auf-reisen.com\/?page_id=10003\" data-type=\"page\" data-id=\"10003\">Braunellen<\/a><\/td><td>Braunellen (<em>Prunella<\/em>)<\/td><\/tr><tr><td><a href=\"https:\/\/goetzens-auf-reisen.com\/?page_id=10005\" data-type=\"page\" data-id=\"10005\">Buschw\u00fcrger<\/a><\/td><td><em>Malaconotus, Chlorophoneus,<\/em> Schneeballw\u00fcrger (<em>Dryoscopus<\/em>), Boubouw\u00fcrger (<em>Laniarius<\/em>), Tschagras (<em>Tchagra<\/em>), <em>Telophorus<\/em><\/td><\/tr><tr><td><a href=\"https:\/\/goetzens-auf-reisen.com\/?page_id=10011\" data-type=\"page\" data-id=\"10011\">Drongos<\/a><\/td><td>Drongos (<em>Dicrurus<\/em>)<\/td><\/tr><tr><td><a href=\"https:\/\/goetzens-auf-reisen.com\/?page_id=10013\" data-type=\"page\" data-id=\"10013\">Drosseln<\/a><\/td><td><em>Musendrosseln (Catharus)<\/em>, Echte Drosseln (<em>Turdus<\/em>)<\/td><\/tr><tr><td><a href=\"https:\/\/goetzens-auf-reisen.com\/?page_id=10020\" data-type=\"page\" data-id=\"10020\">Elfenschn\u00e4pper<\/a><\/td><td>Elfenschn\u00e4pper (<em>Stenostira<\/em>)<\/td><\/tr><tr><td><a href=\"https:\/\/goetzens-auf-reisen.com\/?page_id=10024\" data-type=\"page\" data-id=\"10024\">F\u00e4cherschw\u00e4nze<\/a><\/td><td>F\u00e4cherschw\u00e4nze (<em>Rhipidura<\/em>)<\/td><\/tr><tr><td><a href=\"https:\/\/goetzens-auf-reisen.com\/?page_id=10030\" data-type=\"page\" data-id=\"10030\">Finken<\/a><\/td><td>Edelfinken (<em>Fringilla<\/em>), Zitronengirlitze &amp; Stieglitze (<em>Carduelis <\/em>), Gr\u00fcnfinken (<em>Chloris<\/em>), Organisten (<em>Euphonia<\/em>), Girlitze (<em>Serinus<\/em>), Afrikanische Girlitze (<em>Crithagra<\/em>), H\u00e4nflinge (<em>Linaria<\/em>), <em>Coccothraustes<\/em>; Eigentliche Gimpel (<em>Pyrrhula<\/em>), Zeisige (<em>Spinus<\/em>)<\/td><\/tr><tr><td><a href=\"https:\/\/goetzens-auf-reisen.com\/?page_id=10031\" data-type=\"page\" data-id=\"10031\">Fliegenschn\u00e4pper<\/a><\/td><td>Unterfamilien: Eigentliche Fliegenschn\u00e4pper (<em>Muscicainae<\/em>), R\u00f6tel (<em>Cossyphinae<\/em>) , Schm\u00e4tzer (<em>Saxicolinae<\/em>)<\/td><\/tr><tr><td><a href=\"https:\/\/goetzens-auf-reisen.com\/?page_id=10706\" data-type=\"page\" data-id=\"10706\">Goldh\u00e4hnchen<\/a><\/td><td>Goldh\u00e4hnchen <em>(Regulus)<\/em><\/td><\/tr><tr><td><a href=\"https:\/\/goetzens-auf-reisen.com\/?page_id=10047\" data-type=\"page\" data-id=\"10047\">Grasm\u00fcckenartige<\/a><\/td><td>Grasm\u00fccken (<em>Sylvia<\/em>), <em>Curruca<\/em><\/td><\/tr><tr><td><a href=\"https:\/\/goetzens-auf-reisen.com\/?page_id=10049\" data-type=\"page\" data-id=\"10049\">H\u00e4herlinge<\/a><\/td><td>Drosslinge (<em>Turdoides<\/em>)<\/td><\/tr><tr><td><a href=\"https:\/\/goetzens-auf-reisen.com\/?page_id=10051\" data-type=\"page\" data-id=\"10051\">Halms\u00e4ngerartige<\/a><\/td><td>Eigentliche Prinien (<em>Prinia<\/em>), Afrik. Grasm\u00fccken <br>(<em>Camaroptera<\/em>), Zistens\u00e4nger (<em>Cisticola<\/em>), Feins\u00e4nger (<em>Apalis<\/em>), Namafeins\u00e4nger (<em>Phragmacia<\/em>)<\/td><\/tr><tr><td><a href=\"https:\/\/goetzens-auf-reisen.com\/?page_id=10053\" data-type=\"page\" data-id=\"10053\">Honigfresser<\/a><\/td><td>Tui-Honigfresser (<em>Prosthemadera<\/em>)<\/td><\/tr><tr><td><a href=\"https:\/\/goetzens-auf-reisen.com\/?page_id=10055\" data-type=\"page\" data-id=\"10055\">Honigv\u00f6gel<\/a><\/td><td>Honigv\u00f6gel (<em>Promerops<\/em>)<\/td><\/tr><tr><td><a href=\"https:\/\/goetzens-auf-reisen.com\/?page_id=12614\" data-type=\"page\" data-id=\"12614\">Kardin\u00e4le<\/a><\/td><td>Kernknacker (<em>Pheucticus<\/em>), <em>Piranga<\/em><\/td><\/tr><tr><td><a href=\"https:\/\/goetzens-auf-reisen.com\/?page_id=10057\" data-type=\"page\" data-id=\"10057\">Kleiber<\/a><\/td><td>Kleiber (<em>Sitta<\/em>)<\/td><\/tr><tr><td><a href=\"https:\/\/goetzens-auf-reisen.com\/?page_id=10061\" data-type=\"page\" data-id=\"10061\">Lappenv\u00f6gel<\/a><\/td><td>Graulappenv\u00f6gel (<em>Callaeas<\/em>)<\/td><\/tr><tr><td><a href=\"https:\/\/goetzens-auf-reisen.com\/?page_id=10068\" data-type=\"page\" data-id=\"10068\">Laubs\u00e4ngerartige<\/a><\/td><td>Laubs\u00e4nger (<em>Phylloscopus<\/em>)<\/td><\/tr><tr><td><a href=\"https:\/\/goetzens-auf-reisen.com\/?page_id=10064\" data-type=\"page\" data-id=\"10064\">Lerchen<\/a><\/td><td>Zirplerchen (<em>Chersomanes<\/em>), <em>Calendulauda<\/em>, Kurzzehenlerchen (<em>Calarandrella<\/em>), <em>Corypha<\/em>, Haubenlerchen (<em>Galerida), Eremopterix&nbsp;, <em>Pinarocorys<\/em><\/em>, <em>Spizocorys<\/em><\/td><\/tr><tr><td><a href=\"https:\/\/goetzens-auf-reisen.com\/?page_id=10071\" data-type=\"page\" data-id=\"10071\">Madenhacker<\/a><\/td><td>Madenhacker (<em>Buphagus<\/em>)<\/td><\/tr><tr><td><a href=\"https:\/\/goetzens-auf-reisen.com\/?page_id=10074\" data-type=\"page\" data-id=\"10074\">Meisen<\/a><\/td><td>Blaue Meisen (<em>Cyanistes), <\/em>Kohlmeisen<em> (Parus), Melaniparus, <\/em>Graumeisen<em> (Poecile<\/em>), <em>Periparus<\/em>, Haubenmeisen (<em>Lophophanes<\/em>)<\/td><\/tr><tr><td><a href=\"https:\/\/goetzens-auf-reisen.com\/?page_id=10079\" data-type=\"page\" data-id=\"10079\">Monarchen<\/a><\/td><td>Paradiesschn\u00e4pper (<em>Terpsiphone<\/em>)<\/td><\/tr><tr><td><a href=\"https:\/\/goetzens-auf-reisen.com\/?page_id=12003\" data-type=\"page\" data-id=\"12003\">M\u00fcckenf\u00e4nger<\/a><\/td><td>Eigentliche M\u00fcckenf\u00e4nger (<em>Polioptila<\/em>)<\/td><\/tr><tr><td><a href=\"https:\/\/goetzens-auf-reisen.com\/?page_id=10085\" data-type=\"page\" data-id=\"10085\">Nektarv\u00f6gel<\/a><\/td><td><em>Cinnyris, Anthobaphes, Hedydipna&nbsp;, <\/em>Eigentliche Nektarv\u00f6gel <em>(Nectarinia), Cyanomitra<\/em><\/td><\/tr><tr><td><a href=\"https:\/\/goetzens-auf-reisen.com\/?page_id=11823\" data-type=\"page\" data-id=\"11823\">Neuweltammern<\/a><\/td><td>Ruderammern (<em>Arremon<\/em>), <em>Arremonops<\/em>, Buschtangaren (<em>Chlorospingus<\/em>), <em>Pezopetes<\/em>, <em>Zonotrichia<\/em><\/td><\/tr><tr><td><a href=\"https:\/\/goetzens-auf-reisen.com\/?page_id=14079\" data-type=\"page\" data-id=\"14079\">Onychorhynchidae<\/a><\/td><td><em>Myiobius<\/em><\/td><\/tr><tr><td><a href=\"https:\/\/goetzens-auf-reisen.com\/?page_id=10090\" data-type=\"page\" data-id=\"10090\">Pirole<\/a><\/td><td>Eigentliche Pirole (<em>Oriolus<\/em>)<\/td><\/tr><tr><td><a href=\"https:\/\/goetzens-auf-reisen.com\/?page_id=10093\" data-type=\"page\" data-id=\"10093\">Prachtfinken<\/a><\/td><td>Amaranten (<em>Lagonosticta<\/em>), Blauastrilde (<em>Uraeginthus<\/em>), Granatastrilde (<em>Granatina<\/em>), Streifenastrilde (<em>Pytilia<\/em>), Astrilde (<em>Estrilda<\/em>), Amadinen (<em>Amadina<\/em>), Afrikanische Elsterchen&nbsp;(<em>Spermestes<\/em>), Sch\u00f6nb\u00fcrzel (<em>Glaucestrilda<\/em>)<\/td><\/tr><tr><td><a href=\"https:\/\/goetzens-auf-reisen.com\/?page_id=10097\" data-type=\"page\" data-id=\"10097\">Rabenv\u00f6gel<\/a><\/td><td>Blauraben (<em>Cyanocorax<\/em>), Dohlen (<em>Coloeus<\/em>), Raben und Kr\u00e4hen (<em>Corvus<\/em>), Dohlenh\u00e4her (<em>Cyanolyca<\/em>), H\u00e4her (<em>Garrulus<\/em>), Elstern (<em>Pica<\/em>)<\/td><\/tr><tr><td><a href=\"https:\/\/goetzens-auf-reisen.com\/?page_id=10099\" data-type=\"page\" data-id=\"10099\">Rohrs\u00e4ngerartige<\/a><\/td><td>Rohrs\u00e4nger (<em>Acrocephalus<\/em>)<\/td><\/tr><tr><td><a href=\"https:\/\/goetzens-auf-reisen.com\/?page_id=11998\" data-type=\"page\" data-id=\"11998\">Schnurrv\u00f6gel<\/a><\/td><td>S\u00e4belpipras (<em>Manacus<\/em>)<\/td><\/tr><tr><td><a href=\"https:\/\/goetzens-auf-reisen.com\/?page_id=10106\" data-type=\"page\" data-id=\"10106\">Schwalben<\/a><\/td><td>Mehlschwalben (<em>Delichon<\/em>), Rauchschwalben (<em>Hirundo<\/em>), Felsenschwalben (<em>Ptyonoprogne<\/em>), Uferschwalben (<em>Riparia<\/em>),<br><em>Cecropis<\/em>, <em>Neophedina<\/em>, <em>Tachycineta<\/em>, <em>Pygochelidon<\/em>, R\u00f6telschwalben (<em>Cecropis<\/em>)<\/td><\/tr><tr><td><a href=\"https:\/\/goetzens-auf-reisen.com\/?page_id=10114\" data-type=\"page\" data-id=\"10114\">Schwalbenstarverwandte<\/a><\/td><td>Fl\u00f6tenkr\u00e4henstare (<em>Gymnorhina<\/em>)<\/td><\/tr><tr><td><a href=\"https:\/\/goetzens-auf-reisen.com\/?page_id=10117\" data-type=\"page\" data-id=\"10117\">Schwanzmeisen<\/a><\/td><td>Echte Schwanzmeisen (<em>Aegithalos<\/em>)<\/td><\/tr><tr><td><a href=\"https:\/\/goetzens-auf-reisen.com\/?page_id=11983\" data-type=\"page\" data-id=\"11983\">Seidenschn\u00e4pper<\/a><\/td><td><em>Ptiliogonys<\/em><\/td><\/tr><tr><td><a href=\"https:\/\/goetzens-auf-reisen.com\/?page_id=10120\" data-type=\"page\" data-id=\"10120\">Sperlinge<\/a><\/td><td>Echte Sperlinge (<em>Passer<\/em>)<\/td><\/tr><tr><td><a href=\"https:\/\/goetzens-auf-reisen.com\/?page_id=11943\" data-type=\"page\" data-id=\"11943\">Spottdrosseln<\/a><\/td><td>Spottdrosseln (<em>Mimus<\/em>)<\/td><\/tr><tr><td><a href=\"https:\/\/goetzens-auf-reisen.com\/?page_id=12235\" data-type=\"page\" data-id=\"12235\">St\u00e4rlinge<\/a><\/td><td><em>Agelaius<\/em>, Echte Kassike (<em>Cacicus<\/em>), Trupiale (<em>Icterus<\/em>), Kuhst\u00e4rlinge (<em>Molothrus<\/em>), Stirnv\u00f6gel (<em>Psarocolius<\/em>), Grackeln (<em>Quiscalus<\/em>), <\/td><\/tr><tr><td><a href=\"https:\/\/goetzens-auf-reisen.com\/?page_id=10122\" data-type=\"page\" data-id=\"10122\">Stare<\/a><\/td><td>Echte Stare (<em>Sturnus<\/em>), Mainas (<em>Acridotheres<\/em>), <em>Cinnyricinclus<\/em>, Eigentliche Glanzstare (<em>Lamprotornis<\/em>), Rotschwingenstare (<em>Onychognathus<\/em>)<\/td><\/tr><tr><td><a href=\"https:\/\/goetzens-auf-reisen.com\/?page_id=10127\" data-type=\"page\" data-id=\"10127\">Stelzen und Pieper<\/a><\/td><td>Stelzen (<em>Motacilla<\/em>), Pieper (<em>Anthus<\/em>)<\/td><\/tr><tr><td><a href=\"https:\/\/goetzens-auf-reisen.com\/?page_id=10103\">S\u00fcdseeschn\u00e4pper<\/a><\/td><td>Australschn\u00e4pper (<em>Petroica<\/em>)<\/td><\/tr><tr><td><a href=\"https:\/\/goetzens-auf-reisen.com\/?page_id=12313\" data-type=\"page\" data-id=\"12313\">Tangaren<\/a><\/td><td><em>Chlorophanes<\/em>, Zuckervogel (<em>Coereba)<\/em>, T\u00fcrkisv\u00f6gel (<em>Cyanerpes&nbsp;)<\/em>, Echte Pitpit (<em>Dacnis<\/em>), Hakenschn\u00e4bel (<em>Diglossa<\/em>), Samttangaren (<em>Ramphocelus<\/em>), Saltatoren (<em>Saltator<\/em>), Pf\u00e4ffchen (<em>Sporophila<\/em>), <em>Stilpnia<\/em>,  Eigentliche Tangaren (<em>Tangara<\/em>), <em>Tiaris<\/em>,<br>Eigentliche Tangaren (<em>Thraupis<\/em>)<\/td><\/tr><tr><td><a href=\"https:\/\/goetzens-auf-reisen.com\/?page_id=11930\" data-type=\"page\" data-id=\"11930\">Tityras<\/a><\/td><td>Tityras (<em>Tityra<\/em>)<\/td><\/tr><tr><td><a href=\"https:\/\/goetzens-auf-reisen.com\/?page_id=11833\" data-type=\"page\" data-id=\"11833\">T\u00f6pferv\u00f6gel<\/a><\/td><td>Baumsteiger: <em>Xiphorhynchus<\/em>, <em>Lepidocolaptes<\/em>, <br>Eigentliche T\u00f6pferv\u00f6gel: <em>Margarornis<\/em><\/td><\/tr><tr><td><a href=\"https:\/\/goetzens-auf-reisen.com\/?page_id=12335\" data-type=\"page\" data-id=\"12335\">Tyrannen<\/a><\/td><td>Attilas (<em>Attila<\/em>), <em>Capsiempis<\/em>, Elaenien (<em>Elaenia<\/em>),  <em>Myiozetetes<\/em>, <em>Mitrephanes, Philohydor, <\/em>Phoebetyrannen <em>(Sayornis)<\/em>, <em>Pitangus<\/em>, Maustachuris (<em>Serpophaga), Todirostrum, <\/em>K\u00f6nigstyrannen (<em>Tyrannus<\/em>)<\/td><\/tr><tr><td><a href=\"https:\/\/goetzens-auf-reisen.com\/?page_id=12605\" data-type=\"page\" data-id=\"12605\">Vireos<\/a><\/td><td><em>Pachysylvia<\/em><\/td><\/tr><tr><td><a href=\"https:\/\/goetzens-auf-reisen.com\/?page_id=12348\" data-type=\"page\" data-id=\"12348\">Walds\u00e4nger<\/a><\/td><td><em>Basileuterus, Leiothlypis<\/em>, <em>Myiothlypis<\/em>, <em>Myioborus<\/em>, Drosselwalds\u00e4nger (<em>Parkesia<\/em>), Baumwalds\u00e4nger (<em>Setophaga<\/em>),<\/td><\/tr><tr><td><a href=\"https:\/\/goetzens-auf-reisen.com\/?page_id=10702\" data-type=\"page\" data-id=\"10702\">Wasseramseln<\/a><\/td><td>Wasseramseln (<em>Cinclus<\/em>)<\/td><\/tr><tr><td><a href=\"https:\/\/goetzens-auf-reisen.com\/?page_id=10131\" data-type=\"page\" data-id=\"10131\">Weberv\u00f6gel<\/a><\/td><td>Wei\u00dfstirnweber (<em>Amblyospiza<\/em>), Siedelweber (<em>Philetairus), <\/em>Schuppenkopfweber<em> (Sporopipes<\/em>), Echte Weber (<em>Ploceus<\/em>), Mahaliweber (<em>Plocepasser<\/em>), Blutschnabelweber (<em>Quelea<\/em>), Feuerweber und Widas\u00a0(<em>Euplectes<\/em>)\u00a0<\/td><\/tr><tr><td><a href=\"https:\/\/goetzens-auf-reisen.com\/?page_id=10136\" data-type=\"page\" data-id=\"10136\">W\u00fcrger<\/a><\/td><td>Echte W\u00fcrger (<em>Lanius<\/em>), R\u00fcppellw\u00fcrger (<em>Eurocephalus<\/em>), <em>Urolestes<\/em><\/td><\/tr><tr><td><a href=\"https:\/\/goetzens-auf-reisen.com\/?page_id=10138\" data-type=\"page\" data-id=\"10138\">Zaunk\u00f6nige<\/a><\/td><td>Eigentliche Zaunk\u00f6nige (<em>Troglodytes<\/em>), <em>Cantorchilus<\/em><\/td><\/tr><\/tbody><\/table><\/figure>\n\n\n\n<div class=\"wp-block-buttons is-content-justification-center is-layout-flex wp-container-core-buttons-is-layout-16018d1d wp-block-buttons-is-layout-flex\">\n<div class=\"wp-block-button has-custom-width wp-block-button__width-50 has-custom-font-size is-style-outline is-style-outline--4\" style=\"font-size:15px\"><a class=\"wp-block-button__link has-cyan-bluish-gray-color has-text-color wp-element-button\" href=\"https:\/\/goetzens-auf-reisen.com\/?page_id=2832\">&lt;&lt; zur\u00fcck zu V\u00f6gel<\/a><\/div>\n<\/div>\n","protected":false},"excerpt":{"rendered":"<p>Die Sperlingsv\u00f6gel (Passeriformes) bilden mit ungef\u00e4hr 5700 Arten die gr\u00f6\u00dfte Ordnung der Klasse der V\u00f6gel. So ist es kein Wunder, dass wir aus dieser Ordnung auch sehr viele Arten vor die Linse bekommen haben. Daher haben wir den Sperlingsv\u00f6geln eine eigene Seite mit vielen Unterseiten gewidmet. Hier die Familien und Gattungen in alphabetischer Reihenfolge Afrikaschn\u00e4pper &hellip; <\/p>\n<p class=\"link-more\"><a href=\"https:\/\/goetzens-auf-reisen.com\/?page_id=4572\" class=\"more-link\"><span class=\"screen-reader-text\">\u201eSperlingsv\u00f6gel\u201c<\/span> weiterlesen<\/a><\/p>\n","protected":false},"author":1,"featured_media":0,"parent":0,"menu_order":0,"comment_status":"closed","ping_status":"closed","template":"","meta":{"footnotes":""},"class_list":["post-4572","page","type-page","status-publish","hentry"],"_links":{"self":[{"href":"https:\/\/goetzens-auf-reisen.com\/index.php?rest_route=\/wp\/v2\/pages\/4572","targetHints":{"allow":["GET"]}}],"collection":[{"href":"https:\/\/goetzens-auf-reisen.com\/index.php?rest_route=\/wp\/v2\/pages"}],"about":[{"href":"https:\/\/goetzens-auf-reisen.com\/index.php?rest_route=\/wp\/v2\/types\/page"}],"author":[{"embeddable":true,"href":"https:\/\/goetzens-auf-reisen.com\/index.php?rest_route=\/wp\/v2\/users\/1"}],"replies":[{"embeddable":true,"href":"https:\/\/goetzens-auf-reisen.com\/index.php?rest_route=%2Fwp%2Fv2%2Fcomments&post=4572"}],"version-history":[{"count":208,"href":"https:\/\/goetzens-auf-reisen.com\/index.php?rest_route=\/wp\/v2\/pages\/4572\/revisions"}],"predecessor-version":[{"id":14196,"href":"https:\/\/goetzens-auf-reisen.com\/index.php?rest_route=\/wp\/v2\/pages\/4572\/revisions\/14196"}],"wp:attachment":[{"href":"https:\/\/goetzens-auf-reisen.com\/index.php?rest_route=%2Fwp%2Fv2%2Fmedia&parent=4572"}],"curies":[{"name":"wp","href":"https:\/\/api.w.org\/{rel}","templated":true}]}}