{"id":4643,"date":"2021-05-06T13:07:32","date_gmt":"2021-05-06T11:07:32","guid":{"rendered":"https:\/\/goetzens-auf-reisen.com\/?page_id=4643"},"modified":"2025-12-31T15:42:37","modified_gmt":"2025-12-31T14:42:37","slug":"regenpfeiferartige","status":"publish","type":"page","link":"https:\/\/goetzens-auf-reisen.com\/?page_id=4643","title":{"rendered":"Regenpfeiferartige"},"content":{"rendered":"\n<p>Da diese Ordnung zahlreiche Familien beinhaltet, in denen wir bereits &#8222;f\u00fcndig&#8220; wurden, haben wir ihr eine eigene Seite gewidmet.<\/p>\n\n\n\n<figure class=\"wp-block-gallery has-nested-images columns-default is-cropped wp-block-gallery-2 is-layout-flex wp-block-gallery-is-layout-flex\">\n<figure class=\"wp-block-image size-large is-style-default\"><img loading=\"lazy\" decoding=\"async\" width=\"1024\" height=\"683\" data-id=\"10207\" src=\"https:\/\/goetzens-auf-reisen.com\/wp-content\/uploads\/2023\/07\/Doppelbandrennvogel-2-Etosha-1024x683.jpg\" alt=\"\" class=\"wp-image-10207\" srcset=\"https:\/\/goetzens-auf-reisen.com\/wp-content\/uploads\/2023\/07\/Doppelbandrennvogel-2-Etosha-1024x683.jpg 1024w, https:\/\/goetzens-auf-reisen.com\/wp-content\/uploads\/2023\/07\/Doppelbandrennvogel-2-Etosha-300x200.jpg 300w, https:\/\/goetzens-auf-reisen.com\/wp-content\/uploads\/2023\/07\/Doppelbandrennvogel-2-Etosha-768x512.jpg 768w, https:\/\/goetzens-auf-reisen.com\/wp-content\/uploads\/2023\/07\/Doppelbandrennvogel-2-Etosha-1536x1024.jpg 1536w, https:\/\/goetzens-auf-reisen.com\/wp-content\/uploads\/2023\/07\/Doppelbandrennvogel-2-Etosha-2048x1365.jpg 2048w\" sizes=\"auto, (max-width: 767px) 89vw, (max-width: 1000px) 54vw, (max-width: 1071px) 543px, 580px\" \/><figcaption class=\"wp-element-caption\">Doppelbandrennvogel<\/figcaption><\/figure>\n<\/figure>\n\n\n\n<p><strong>Hier die einzelnen Familien und Gattungen:<\/strong><\/p>\n\n\n\n<figure class=\"wp-block-table is-style-stripes\"><table><tbody><tr><td><a href=\"https:\/\/goetzens-auf-reisen.com\/?page_id=13361\" data-type=\"page\" data-id=\"13361\">Alkenv\u00f6gel<\/a><\/td><td>Lunde (<em>Fratercula<\/em>)<\/td><\/tr><tr><td><a href=\"https:\/\/goetzens-auf-reisen.com\/?page_id=9920\" data-type=\"page\" data-id=\"9920\">Austernfischer<\/a><\/td><td>Austernfischer (<em>Haematopus<\/em>)<\/td><\/tr><tr><td><a href=\"https:\/\/goetzens-auf-reisen.com\/?page_id=9922\" data-type=\"page\" data-id=\"9922\">Blatth\u00fchnchen<\/a><\/td><td>Afrikanische Blatth\u00fchnchen (<em>Actophilornis<\/em>), Zwergblatth\u00fchnchen (<em>Microparra<\/em>), Amerikanische Blatth\u00fchnchen (<em>Jacana<\/em>)<\/td><\/tr><tr><td><a href=\"https:\/\/goetzens-auf-reisen.com\/?page_id=9924\" data-type=\"page\" data-id=\"9924\">Brachschwalbenartige<\/a><\/td><td>Eigentliche Brachschwalben (<em>Glareola<\/em>), Rennv\u00f6gel (<em>Rhinoptilus<\/em>)<\/td><\/tr><tr><td><a href=\"https:\/\/goetzens-auf-reisen.com\/?page_id=9932\" data-type=\"page\" data-id=\"9932\">M\u00f6wen &amp; Seeschwalben<\/a><\/td><td>Zwergseeschwalben (<em>Sternula<\/em>), Raubseeschwalben (<em>Hydroprogne<\/em>), <em>Thalasseus<\/em>, Echte Seeschwalben (<em>Sterna<\/em>), Lachm\u00f6wen (<em>Chroicocephalus<\/em>), <em>Leucophaeus<\/em>, <em>Ichthyaetus<\/em>, Echte Gro\u00dfm\u00f6wen (<em>Larus<\/em>) <\/td><\/tr><tr><td><a href=\"https:\/\/goetzens-auf-reisen.com\/?page_id=9934\" data-type=\"page\" data-id=\"9934\">Regenpfeifer<\/a><\/td><td>Regenpfeifer (<em>Charadrius<\/em>), Goldregenpfeifer (<em>Pluvialis<\/em>), Kiebitze (<em>Vanellus<\/em>), <em>Thinornis<\/em>, Schiefschn\u00e4bel (<em>Anarhynchus<\/em>)<\/td><\/tr><tr><td><a href=\"https:\/\/goetzens-auf-reisen.com\/?page_id=9943\" data-type=\"page\" data-id=\"9943\">S\u00e4belschn\u00e4bler<\/a><\/td><td>Stelzenl\u00e4ufer (<em>Himantopus<\/em>), Eigentliche S\u00e4belschn\u00e4bler (<em>Recurvirostra<\/em>)<\/td><\/tr><tr><td><a href=\"https:\/\/goetzens-auf-reisen.com\/?page_id=9946\" data-type=\"page\" data-id=\"9946\">Schnepfenv\u00f6gel<\/a><\/td><td>Steinw\u00e4lzer (<em>Arenaria<\/em>), Strandl\u00e4ufer (<em>Calidris<\/em>), Pfuhlschnepfen (<em>Limosa<\/em>), Brachv\u00f6gel (<em>Numenius<\/em>), Bekassinen (<em>Gallinago<\/em>), Uferl\u00e4ufer (<em>Actitis<\/em>), Wasserl\u00e4ufer (<em>Tringa<\/em>)<\/td><\/tr><tr><td><a href=\"https:\/\/goetzens-auf-reisen.com\/?page_id=9951\" data-type=\"page\" data-id=\"9951\">Triele<\/a><\/td><td>Triele (<em>Burhinus<\/em>)<\/td><\/tr><\/tbody><\/table><\/figure>\n\n\n\n<div class=\"wp-block-buttons is-content-justification-center is-layout-flex wp-container-core-buttons-is-layout-16018d1d wp-block-buttons-is-layout-flex\">\n<div class=\"wp-block-button has-custom-width wp-block-button__width-50 has-custom-font-size is-style-outline is-style-outline--3\" style=\"font-size:15px\"><a class=\"wp-block-button__link has-cyan-bluish-gray-color has-text-color wp-element-button\" href=\"https:\/\/goetzens-auf-reisen.com\/?page_id=2832\">&lt;&lt; zur\u00fcck zu V\u00f6gel<\/a><\/div>\n<\/div>\n","protected":false},"excerpt":{"rendered":"<p>Da diese Ordnung zahlreiche Familien beinhaltet, in denen wir bereits &#8222;f\u00fcndig&#8220; wurden, haben wir ihr eine eigene Seite gewidmet. Hier die einzelnen Familien und Gattungen: Alkenv\u00f6gel Lunde (Fratercula) Austernfischer Austernfischer (Haematopus) Blatth\u00fchnchen Afrikanische Blatth\u00fchnchen (Actophilornis), Zwergblatth\u00fchnchen (Microparra), Amerikanische Blatth\u00fchnchen (Jacana) Brachschwalbenartige Eigentliche Brachschwalben (Glareola), Rennv\u00f6gel (Rhinoptilus) M\u00f6wen &amp; Seeschwalben Zwergseeschwalben (Sternula), Raubseeschwalben (Hydroprogne), Thalasseus, Echte &hellip; <\/p>\n<p class=\"link-more\"><a href=\"https:\/\/goetzens-auf-reisen.com\/?page_id=4643\" class=\"more-link\"><span class=\"screen-reader-text\">\u201eRegenpfeiferartige\u201c<\/span> weiterlesen<\/a><\/p>\n","protected":false},"author":1,"featured_media":0,"parent":0,"menu_order":0,"comment_status":"closed","ping_status":"closed","template":"","meta":{"footnotes":""},"class_list":["post-4643","page","type-page","status-publish","hentry"],"_links":{"self":[{"href":"https:\/\/goetzens-auf-reisen.com\/index.php?rest_route=\/wp\/v2\/pages\/4643","targetHints":{"allow":["GET"]}}],"collection":[{"href":"https:\/\/goetzens-auf-reisen.com\/index.php?rest_route=\/wp\/v2\/pages"}],"about":[{"href":"https:\/\/goetzens-auf-reisen.com\/index.php?rest_route=\/wp\/v2\/types\/page"}],"author":[{"embeddable":true,"href":"https:\/\/goetzens-auf-reisen.com\/index.php?rest_route=\/wp\/v2\/users\/1"}],"replies":[{"embeddable":true,"href":"https:\/\/goetzens-auf-reisen.com\/index.php?rest_route=%2Fwp%2Fv2%2Fcomments&post=4643"}],"version-history":[{"count":33,"href":"https:\/\/goetzens-auf-reisen.com\/index.php?rest_route=\/wp\/v2\/pages\/4643\/revisions"}],"predecessor-version":[{"id":14162,"href":"https:\/\/goetzens-auf-reisen.com\/index.php?rest_route=\/wp\/v2\/pages\/4643\/revisions\/14162"}],"wp:attachment":[{"href":"https:\/\/goetzens-auf-reisen.com\/index.php?rest_route=%2Fwp%2Fv2%2Fmedia&parent=4643"}],"curies":[{"name":"wp","href":"https:\/\/api.w.org\/{rel}","templated":true}]}}