{"id":4914,"date":"2021-08-13T17:53:14","date_gmt":"2021-08-13T15:53:14","guid":{"rendered":"https:\/\/goetzens-auf-reisen.com\/?page_id=4914"},"modified":"2024-07-04T18:30:18","modified_gmt":"2024-07-04T16:30:18","slug":"weinland-namibia","status":"publish","type":"page","link":"https:\/\/goetzens-auf-reisen.com\/?page_id=4914","title":{"rendered":"WEIN &#8211; Land Namibia"},"content":{"rendered":"\n<p class=\"has-drop-cap has-white-background-color has-background\">Es ist kein Witz! Es gibt sie: die &#8211; zugegeben &#8211; wenigen Weing\u00fcter Namibias. In einem der trockensten L\u00e4nder der Erde, das nur zu 20% \u00fcberhaupt bewohnbar ist und in dem monatelange Hitze herrscht, sind dem Weinbau extreme Grenzen gesetzt. Namibia mit seinen klimatischen Extrembedingungen ist also wirklich nicht geade der optimale Ort f\u00fcr Weinbau. Kommerziellen Weinbau gibt es in diesem Land erst seit 1990 und so existieren heute auch nur vier Betriebe, die den Namen \u201eWeingut\u201c \u00fcberhaupt verdienen: die Kristall Kellerei, Neuras Wine and Wildlife Estate, Thonningii Wine Cellar, sowie Otavi Vineyards und 2019 hat erstmals die Tsumeb Vinery Weine auf Flaschen abgef\u00fcllt. Alle Betriebe zusammen haben eine Rebfl\u00e4che von wenigen Hektrar, so gro\u00df wie ein einziger mittlerer Betrieb in Deutschland.<\/p>\n\n\n\n<div class=\"wp-block-media-text alignwide is-stacked-on-mobile\"><figure class=\"wp-block-media-text__media\"><img loading=\"lazy\" decoding=\"async\" width=\"1024\" height=\"682\" src=\"http:\/\/goetzens-auf-reisen.com\/wp-content\/uploads\/2020\/12\/IMG_0406-1024x682.jpg\" alt=\"\" class=\"wp-image-3564 size-full\" srcset=\"https:\/\/goetzens-auf-reisen.com\/wp-content\/uploads\/2020\/12\/IMG_0406-1024x682.jpg 1024w, https:\/\/goetzens-auf-reisen.com\/wp-content\/uploads\/2020\/12\/IMG_0406-300x200.jpg 300w, https:\/\/goetzens-auf-reisen.com\/wp-content\/uploads\/2020\/12\/IMG_0406-768x512.jpg 768w, https:\/\/goetzens-auf-reisen.com\/wp-content\/uploads\/2020\/12\/IMG_0406-1536x1023.jpg 1536w, https:\/\/goetzens-auf-reisen.com\/wp-content\/uploads\/2020\/12\/IMG_0406.jpg 1732w\" sizes=\"auto, (max-width: 767px) 89vw, (max-width: 1000px) 54vw, (max-width: 1071px) 543px, 580px\" \/><\/figure><div class=\"wp-block-media-text__content\">\n<p><em>\u201eWenn man in Namibia Wein anbauen will, braucht man Ausdauer.\u201c&#8220;<\/em><\/p>\n\n\n\n<p style=\"font-size:11px\">Dr. A. Boshoff, Gr\u00fcnder der Thonningii Wynkelder<\/p>\n<\/div><\/div>\n\n\n\n<p>2015 hat mit der <em>Erongo Mountain Winery<\/em> ein weiteres Weingut seine Tore ge\u00f6ffnet. Ein St\u00fcck weit, k\u00f6nnte man dieses Weingut aber als &#8222;Mogelpackung&#8220; bezeichnen. Der Gro\u00dfteil der Trauben, die hier zu Wein werden, wurden nicht den harten namibischen Bedingungen abgetrotzt sondern kommen aus dem s\u00fcdlichen Nachbarland. Es wird n\u00e4mlich Traubenkonzentrat aus S\u00fcdaftrika eingef\u00fchrt, das dann mit Wasser verd\u00fcnnt vergoren wird. Die  Weine &#8222;Krantzberg&#8220;, &#8222;Namibian Kiss&#8220; und &#8222;Etosha Blend&#8220; haben uns im Urlaub 2021 sehr gemundet. Als wir sie 2023 erneut verkostet haben, waren wir allerdings entt\u00e4uscht. Wir hatten den Eindruck, dass sich die <em>Erongo Mountain Winery<\/em> fast nur noch um ihren Whiskey k\u00fcmmert und die Weinproduktion vernachl\u00e4ssigt.<\/p>\n\n\n\n<figure class=\"wp-block-gallery has-nested-images columns-default is-cropped wp-block-gallery-2 is-layout-flex wp-block-gallery-is-layout-flex\">\n<figure class=\"wp-block-image size-large is-style-default\"><a href=\"https:\/\/goetzens-auf-reisen.com\/wp-content\/uploads\/2021\/08\/imageP0030-rotated.jpeg\"><img loading=\"lazy\" decoding=\"async\" width=\"768\" height=\"1024\" data-id=\"4918\" src=\"https:\/\/goetzens-auf-reisen.com\/wp-content\/uploads\/2021\/08\/imageP0030-768x1024.jpeg\" alt=\"\" class=\"wp-image-4918\" srcset=\"https:\/\/goetzens-auf-reisen.com\/wp-content\/uploads\/2021\/08\/imageP0030-768x1024.jpeg 768w, https:\/\/goetzens-auf-reisen.com\/wp-content\/uploads\/2021\/08\/imageP0030-225x300.jpeg 225w, https:\/\/goetzens-auf-reisen.com\/wp-content\/uploads\/2021\/08\/imageP0030-1152x1536.jpeg 1152w, https:\/\/goetzens-auf-reisen.com\/wp-content\/uploads\/2021\/08\/imageP0030-rotated.jpeg 1254w\" sizes=\"auto, (max-width: 767px) 89vw, (max-width: 1000px) 54vw, (max-width: 1071px) 543px, 580px\" \/><\/a><\/figure>\n\n\n\n<figure class=\"wp-block-image size-large is-style-default\"><a href=\"https:\/\/goetzens-auf-reisen.com\/wp-content\/uploads\/2021\/08\/imageP0253-rotated.jpeg\"><img loading=\"lazy\" decoding=\"async\" width=\"768\" height=\"1024\" data-id=\"4919\" src=\"https:\/\/goetzens-auf-reisen.com\/wp-content\/uploads\/2021\/08\/imageP0253-768x1024.jpeg\" alt=\"\" class=\"wp-image-4919\" srcset=\"https:\/\/goetzens-auf-reisen.com\/wp-content\/uploads\/2021\/08\/imageP0253-768x1024.jpeg 768w, https:\/\/goetzens-auf-reisen.com\/wp-content\/uploads\/2021\/08\/imageP0253-225x300.jpeg 225w, https:\/\/goetzens-auf-reisen.com\/wp-content\/uploads\/2021\/08\/imageP0253-1152x1536.jpeg 1152w, https:\/\/goetzens-auf-reisen.com\/wp-content\/uploads\/2021\/08\/imageP0253-rotated.jpeg 1254w\" sizes=\"auto, (max-width: 767px) 89vw, (max-width: 1000px) 54vw, (max-width: 1071px) 543px, 580px\" \/><\/a><\/figure>\n\n\n\n<figure class=\"wp-block-image size-large is-style-default\"><a href=\"https:\/\/goetzens-auf-reisen.com\/wp-content\/uploads\/2021\/08\/imageP0274-rotated.jpeg\"><img loading=\"lazy\" decoding=\"async\" width=\"768\" height=\"1024\" data-id=\"4920\" src=\"https:\/\/goetzens-auf-reisen.com\/wp-content\/uploads\/2021\/08\/imageP0274-768x1024.jpeg\" alt=\"\" class=\"wp-image-4920\" srcset=\"https:\/\/goetzens-auf-reisen.com\/wp-content\/uploads\/2021\/08\/imageP0274-768x1024.jpeg 768w, https:\/\/goetzens-auf-reisen.com\/wp-content\/uploads\/2021\/08\/imageP0274-225x300.jpeg 225w, https:\/\/goetzens-auf-reisen.com\/wp-content\/uploads\/2021\/08\/imageP0274-1152x1536.jpeg 1152w, https:\/\/goetzens-auf-reisen.com\/wp-content\/uploads\/2021\/08\/imageP0274-rotated.jpeg 1254w\" sizes=\"auto, (max-width: 767px) 89vw, (max-width: 1000px) 54vw, (max-width: 1071px) 543px, 580px\" \/><\/a><\/figure>\n<\/figure>\n\n\n\n<p>Und hier findet ihr unsere Erfahrungen mit den namibischen Weing\u00fctern:<\/p>\n\n\n\n<div class=\"wp-block-media-text alignwide has-media-on-the-right is-stacked-on-mobile has-very-light-gray-background-color has-background\" style=\"grid-template-columns:auto 55%\"><div class=\"wp-block-media-text__content\">\n<p class=\"has-text-align-left has-small-font-size\">17.11.2020. Tasting bei <strong><a rel=\"noreferrer noopener\" href=\"https:\/\/www.nautekristall.com\/brennerei\/?lang=de\" target=\"_blank\">Naute Kristall Cellar and Distillery<\/a>. <\/strong>Hier bestechen die Lik\u00f6re, der Gin, der Dattelbrand. Der einzige Wein, den wir verkosten k\u00f6nnen ist ein Colombard, der sich uns nicht erschloss. Dass wir den anderen, den Tinata Barocca, nicht im Tasting hatten, ist zu verstehen, da davon pro Jahr nur 160 Liter produziert werden. <\/p>\n<\/div><figure class=\"wp-block-media-text__media\"><img loading=\"lazy\" decoding=\"async\" width=\"1000\" height=\"666\" src=\"http:\/\/goetzens-auf-reisen.com\/wp-content\/uploads\/2020\/11\/IMG_0880.jpg\" alt=\"\" class=\"wp-image-3218 size-full\" srcset=\"https:\/\/goetzens-auf-reisen.com\/wp-content\/uploads\/2020\/11\/IMG_0880.jpg 1000w, https:\/\/goetzens-auf-reisen.com\/wp-content\/uploads\/2020\/11\/IMG_0880-300x200.jpg 300w, https:\/\/goetzens-auf-reisen.com\/wp-content\/uploads\/2020\/11\/IMG_0880-768x511.jpg 768w\" sizes=\"auto, (max-width: 767px) 89vw, (max-width: 1000px) 54vw, (max-width: 1071px) 543px, 580px\" \/><\/figure><\/div>\n\n\n\n<div class=\"wp-block-media-text alignwide has-media-on-the-right is-stacked-on-mobile has-very-light-gray-background-color has-background\" style=\"grid-template-columns:auto 55%\"><div class=\"wp-block-media-text__content\">\n<p class=\"has-text-align-left has-small-font-size\">03.12.2020, 18.10.2022 und 29.05.2023.<br>Besuche bei <strong><a rel=\"noreferrer noopener\" href=\"https:\/\/de-de.facebook.com\/pg\/thonningii\/posts\/\" target=\"_blank\">Thonningii Wynkelder<\/a>. <\/strong>Unvergessliche Gespr\u00e4che mit Lailani  Boshoff \u00fcber die Umst\u00e4nde des Weinbusiness in Namibia. Herrlich die Weine dieses Weinguts (zur Lunchplatte) zu verkosten. Interessant, die Entwicklung des Weinguts von 2020 bis 2023 zu verfolgen.<\/p>\n<\/div><figure class=\"wp-block-media-text__media\"><img loading=\"lazy\" decoding=\"async\" width=\"1024\" height=\"683\" src=\"https:\/\/goetzens-auf-reisen.com\/wp-content\/uploads\/2021\/08\/image14183-1024x683.jpg\" alt=\"\" class=\"wp-image-4917 size-full\" srcset=\"https:\/\/goetzens-auf-reisen.com\/wp-content\/uploads\/2021\/08\/image14183-1024x683.jpg 1024w, https:\/\/goetzens-auf-reisen.com\/wp-content\/uploads\/2021\/08\/image14183-300x200.jpg 300w, https:\/\/goetzens-auf-reisen.com\/wp-content\/uploads\/2021\/08\/image14183-768x512.jpg 768w, https:\/\/goetzens-auf-reisen.com\/wp-content\/uploads\/2021\/08\/image14183-1536x1024.jpg 1536w, https:\/\/goetzens-auf-reisen.com\/wp-content\/uploads\/2021\/08\/image14183.jpg 1773w\" sizes=\"auto, (max-width: 767px) 89vw, (max-width: 1000px) 54vw, (max-width: 1071px) 543px, 580px\" \/><\/figure><\/div>\n\n\n\n<div class=\"wp-block-media-text alignwide has-media-on-the-right is-stacked-on-mobile has-very-light-gray-background-color has-background\" style=\"grid-template-columns:auto 55%\"><div class=\"wp-block-media-text__content\">\n<p class=\"has-text-align-left has-small-font-size\">08.06.2023.<br>Interessante Kellerf\u00fchrung bei <strong><a rel=\"noreferrer noopener\" href=\"http:\/\/www.naankusecollection.com\/establishment\/neuras-wine-wildlife-estate\" data-type=\"link\" data-id=\"http:\/\/www.naankusecollection.com\/establishment\/neuras-wine-wildlife-estate\" target=\"_blank\">Neuras Wine Estate<\/a><\/strong>, aber beim Tasting kann uns keiner der Weine \u00fcberzeugen. Schade, wo doch mit so viel Aufwand und M\u00fche unter widrigen Bedingungen der &#8222;W\u00fcste&#8220; ein paar Flaschen Wein abgetrotzt werden.<br><\/p>\n<\/div><figure class=\"wp-block-media-text__media\"><img loading=\"lazy\" decoding=\"async\" width=\"1024\" height=\"768\" src=\"http:\/\/goetzens-auf-reisen.com\/wp-content\/uploads\/2023\/07\/IMG_6294-1024x768.jpg\" alt=\"\" class=\"wp-image-9721 size-full\" srcset=\"https:\/\/goetzens-auf-reisen.com\/wp-content\/uploads\/2023\/07\/IMG_6294-1024x768.jpg 1024w, https:\/\/goetzens-auf-reisen.com\/wp-content\/uploads\/2023\/07\/IMG_6294-300x225.jpg 300w, https:\/\/goetzens-auf-reisen.com\/wp-content\/uploads\/2023\/07\/IMG_6294-768x576.jpg 768w, https:\/\/goetzens-auf-reisen.com\/wp-content\/uploads\/2023\/07\/IMG_6294-1536x1152.jpg 1536w, https:\/\/goetzens-auf-reisen.com\/wp-content\/uploads\/2023\/07\/IMG_6294.jpg 2000w\" sizes=\"auto, (max-width: 767px) 89vw, (max-width: 1000px) 54vw, (max-width: 1071px) 543px, 580px\" \/><\/figure><\/div>\n\n\n\n<p>Bei dem geringen Angebot an namibschen Weinen ist es doch sehr tr\u00f6stlich, dass selbst in kleinsten Supermarkt &#8222;S\u00fcdafrikaner&#8220; angeboten werden.<\/p>\n\n\n\n<figure class=\"wp-block-gallery has-nested-images columns-default is-cropped wp-block-gallery-3 is-layout-flex wp-block-gallery-is-layout-flex\">\n<figure class=\"wp-block-image size-large is-style-default\"><a href=\"https:\/\/goetzens-auf-reisen.com\/wp-content\/uploads\/2021\/08\/imageP0183.jpeg\"><img loading=\"lazy\" decoding=\"async\" width=\"1024\" height=\"768\" data-id=\"4922\" src=\"https:\/\/goetzens-auf-reisen.com\/wp-content\/uploads\/2021\/08\/imageP0183-1024x768.jpeg\" alt=\"\" class=\"wp-image-4922\" srcset=\"https:\/\/goetzens-auf-reisen.com\/wp-content\/uploads\/2021\/08\/imageP0183-1024x768.jpeg 1024w, https:\/\/goetzens-auf-reisen.com\/wp-content\/uploads\/2021\/08\/imageP0183-300x225.jpeg 300w, https:\/\/goetzens-auf-reisen.com\/wp-content\/uploads\/2021\/08\/imageP0183-768x576.jpeg 768w, https:\/\/goetzens-auf-reisen.com\/wp-content\/uploads\/2021\/08\/imageP0183-1536x1152.jpeg 1536w, https:\/\/goetzens-auf-reisen.com\/wp-content\/uploads\/2021\/08\/imageP0183.jpeg 1672w\" sizes=\"auto, (max-width: 767px) 89vw, (max-width: 1000px) 54vw, (max-width: 1071px) 543px, 580px\" \/><\/a><\/figure>\n\n\n\n<figure class=\"wp-block-image size-large is-style-default\"><a href=\"https:\/\/goetzens-auf-reisen.com\/wp-content\/uploads\/2021\/08\/imageP0095.jpeg\"><img loading=\"lazy\" decoding=\"async\" width=\"1024\" height=\"768\" data-id=\"4921\" src=\"https:\/\/goetzens-auf-reisen.com\/wp-content\/uploads\/2021\/08\/imageP0095-1024x768.jpeg\" alt=\"\" class=\"wp-image-4921\" srcset=\"https:\/\/goetzens-auf-reisen.com\/wp-content\/uploads\/2021\/08\/imageP0095-1024x768.jpeg 1024w, https:\/\/goetzens-auf-reisen.com\/wp-content\/uploads\/2021\/08\/imageP0095-300x225.jpeg 300w, https:\/\/goetzens-auf-reisen.com\/wp-content\/uploads\/2021\/08\/imageP0095-768x576.jpeg 768w, https:\/\/goetzens-auf-reisen.com\/wp-content\/uploads\/2021\/08\/imageP0095-1536x1152.jpeg 1536w, https:\/\/goetzens-auf-reisen.com\/wp-content\/uploads\/2021\/08\/imageP0095.jpeg 1672w\" sizes=\"auto, (max-width: 767px) 89vw, (max-width: 1000px) 54vw, (max-width: 1071px) 543px, 580px\" \/><\/a><figcaption class=\"wp-element-caption\">wer findet im Buld vom Buscamper die Weine?<\/figcaption><\/figure>\n<\/figure>\n\n\n\n<p>Und wenn es mal kein Wein sein soll, dann ist ein Glas &#8222;<a href=\"https:\/\/goetzens-auf-reisen.com\/?page_id=4962\" data-type=\"page\" data-id=\"4962\">Savanna<\/a>&#8220; auch nicht zu verachten. Genauso wenig ein &#8222;Hunters dry&#8220; oder ein &#8222;Windhoek Lager&#8220;. Nicht zu reden vom <a href=\"https:\/\/goetzens-auf-reisen.com\/?page_id=4962\" data-type=\"page\" data-id=\"4962\">GT<\/a> als <a href=\"https:\/\/goetzens-auf-reisen.com\/?page_id=4962\" data-type=\"page\" data-id=\"4962\">sundowner<\/a> &#8230;<\/p>\n\n\n\n<figure class=\"wp-block-gallery has-nested-images columns-default is-cropped wp-block-gallery-4 is-layout-flex wp-block-gallery-is-layout-flex\">\n<figure class=\"wp-block-image size-large is-style-default\"><a href=\"https:\/\/goetzens-auf-reisen.com\/wp-content\/uploads\/2021\/08\/imageP0381-rotated.jpeg\"><img loading=\"lazy\" decoding=\"async\" width=\"768\" height=\"1024\" data-id=\"4923\" src=\"https:\/\/goetzens-auf-reisen.com\/wp-content\/uploads\/2021\/08\/imageP0381-768x1024.jpeg\" alt=\"\" class=\"wp-image-4923\" srcset=\"https:\/\/goetzens-auf-reisen.com\/wp-content\/uploads\/2021\/08\/imageP0381-768x1024.jpeg 768w, https:\/\/goetzens-auf-reisen.com\/wp-content\/uploads\/2021\/08\/imageP0381-225x300.jpeg 225w, https:\/\/goetzens-auf-reisen.com\/wp-content\/uploads\/2021\/08\/imageP0381-1152x1536.jpeg 1152w, https:\/\/goetzens-auf-reisen.com\/wp-content\/uploads\/2021\/08\/imageP0381-rotated.jpeg 1254w\" sizes=\"auto, (max-width: 767px) 89vw, (max-width: 1000px) 54vw, (max-width: 1071px) 543px, 580px\" \/><\/a><\/figure>\n<\/figure>\n","protected":false},"excerpt":{"rendered":"<p>Es ist kein Witz! Es gibt sie: die &#8211; zugegeben &#8211; wenigen Weing\u00fcter Namibias. In einem der trockensten L\u00e4nder der Erde, das nur zu 20% \u00fcberhaupt bewohnbar ist und in dem monatelange Hitze herrscht, sind dem Weinbau extreme Grenzen gesetzt. Namibia mit seinen klimatischen Extrembedingungen ist also wirklich nicht geade der optimale Ort f\u00fcr Weinbau. &hellip; <\/p>\n<p class=\"link-more\"><a href=\"https:\/\/goetzens-auf-reisen.com\/?page_id=4914\" class=\"more-link\"><span class=\"screen-reader-text\">\u201eWEIN &#8211; Land Namibia\u201c<\/span> weiterlesen<\/a><\/p>\n","protected":false},"author":1,"featured_media":0,"parent":0,"menu_order":0,"comment_status":"closed","ping_status":"closed","template":"","meta":{"footnotes":""},"class_list":["post-4914","page","type-page","status-publish","hentry"],"_links":{"self":[{"href":"https:\/\/goetzens-auf-reisen.com\/index.php?rest_route=\/wp\/v2\/pages\/4914","targetHints":{"allow":["GET"]}}],"collection":[{"href":"https:\/\/goetzens-auf-reisen.com\/index.php?rest_route=\/wp\/v2\/pages"}],"about":[{"href":"https:\/\/goetzens-auf-reisen.com\/index.php?rest_route=\/wp\/v2\/types\/page"}],"author":[{"embeddable":true,"href":"https:\/\/goetzens-auf-reisen.com\/index.php?rest_route=\/wp\/v2\/users\/1"}],"replies":[{"embeddable":true,"href":"https:\/\/goetzens-auf-reisen.com\/index.php?rest_route=%2Fwp%2Fv2%2Fcomments&post=4914"}],"version-history":[{"count":19,"href":"https:\/\/goetzens-auf-reisen.com\/index.php?rest_route=\/wp\/v2\/pages\/4914\/revisions"}],"predecessor-version":[{"id":12965,"href":"https:\/\/goetzens-auf-reisen.com\/index.php?rest_route=\/wp\/v2\/pages\/4914\/revisions\/12965"}],"wp:attachment":[{"href":"https:\/\/goetzens-auf-reisen.com\/index.php?rest_route=%2Fwp%2Fv2%2Fmedia&parent=4914"}],"curies":[{"name":"wp","href":"https:\/\/api.w.org\/{rel}","templated":true}]}}