{"id":536,"date":"2019-10-11T17:28:06","date_gmt":"2019-10-11T15:28:06","guid":{"rendered":"http:\/\/goetzens-auf-reisen.com\/?page_id=536"},"modified":"2019-10-11T17:46:53","modified_gmt":"2019-10-11T15:46:53","slug":"suedtirol","status":"publish","type":"page","link":"https:\/\/goetzens-auf-reisen.com\/?page_id=536","title":{"rendered":"S\u00fcdtirol"},"content":{"rendered":"\n<p class=\"has-drop-cap\">Zum T\u00f6rggelen nach S\u00fcdtirol! Das war die Idee, die wir im Oktober 2018 in die Tat umsetzten. &#8222;T\u00f6rggelen&#8220; ist ein alter Brauch &#8211; heute eher schon eine Touristenattraktion, wenn es in den Buschensch\u00e4nken einfache Bauerngerichte zum neuen Wein gibt und wenn ger\u00f6stete Kastanien nicht fehlen d\u00fcrfen. Natr\u00fclich statteten wir einigen Winzern bzw. Genossenschaften einen Besuch ab. &#8222;Die letzte Fuhre&#8220; in Girlan sorgte daf\u00fcr, dass auch dieser Kurzurlaub hinreichend dem Motto WEIN gewidmet wurde. Eine Wanderung am Vigiljoch und eine auf der Seiseralm bei sch\u00f6nstem Herbstwetter durfte nicht fehlen. Genauso wenig wie ein Bummel \u00fcber den Markt in Bozen, ein Kaffee in Meran und eine Besichtigung Brixens. <\/p>\n\n\n\n<figure class=\"wp-block-image is-resized\"><img loading=\"lazy\" decoding=\"async\" src=\"http:\/\/goetzens-auf-reisen.com\/wp-content\/uploads\/2019\/10\/IMG_0001-1024x683.jpg\" alt=\"\" class=\"wp-image-537\" width=\"761\" height=\"507\" srcset=\"https:\/\/goetzens-auf-reisen.com\/wp-content\/uploads\/2019\/10\/IMG_0001-1024x683.jpg 1024w, https:\/\/goetzens-auf-reisen.com\/wp-content\/uploads\/2019\/10\/IMG_0001-300x200.jpg 300w, https:\/\/goetzens-auf-reisen.com\/wp-content\/uploads\/2019\/10\/IMG_0001-768x512.jpg 768w\" sizes=\"auto, (max-width: 706px) 89vw, (max-width: 767px) 82vw, 740px\" \/><figcaption>Dom in Brixen<\/figcaption><\/figure>\n\n\n\n<h2 class=\"wp-block-heading\">Impressionen auf Bozen<\/h2>\n\n\n\n<ul class=\"wp-block-gallery columns-2 is-cropped wp-block-gallery-2 is-layout-flex wp-block-gallery-is-layout-flex\"><li class=\"blocks-gallery-item\"><figure><a href=\"http:\/\/goetzens-auf-reisen.com\/wp-content\/uploads\/2019\/10\/AffenrutschbauminBozen-1024x682.jpg\"><img loading=\"lazy\" decoding=\"async\" width=\"1024\" height=\"682\" src=\"http:\/\/goetzens-auf-reisen.com\/wp-content\/uploads\/2019\/10\/AffenrutschbauminBozen-1024x682.jpg\" alt=\"\" data-id=\"538\" data-link=\"http:\/\/goetzens-auf-reisen.com\/?attachment_id=538\" class=\"wp-image-538\" srcset=\"https:\/\/goetzens-auf-reisen.com\/wp-content\/uploads\/2019\/10\/AffenrutschbauminBozen-1024x682.jpg 1024w, https:\/\/goetzens-auf-reisen.com\/wp-content\/uploads\/2019\/10\/AffenrutschbauminBozen-300x200.jpg 300w, https:\/\/goetzens-auf-reisen.com\/wp-content\/uploads\/2019\/10\/AffenrutschbauminBozen-768x512.jpg 768w\" sizes=\"auto, (max-width: 767px) 89vw, (max-width: 1000px) 54vw, (max-width: 1071px) 543px, 580px\" \/><\/a><figcaption>Affenrutschbaum<\/figcaption><\/figure><\/li><li class=\"blocks-gallery-item\"><figure><a href=\"http:\/\/goetzens-auf-reisen.com\/wp-content\/uploads\/2019\/10\/Bozen2-1024x682.jpg\"><img loading=\"lazy\" decoding=\"async\" width=\"1024\" height=\"682\" src=\"http:\/\/goetzens-auf-reisen.com\/wp-content\/uploads\/2019\/10\/Bozen2-1024x682.jpg\" alt=\"\" data-id=\"539\" data-link=\"http:\/\/goetzens-auf-reisen.com\/?attachment_id=539\" class=\"wp-image-539\" srcset=\"https:\/\/goetzens-auf-reisen.com\/wp-content\/uploads\/2019\/10\/Bozen2-1024x682.jpg 1024w, https:\/\/goetzens-auf-reisen.com\/wp-content\/uploads\/2019\/10\/Bozen2-300x200.jpg 300w, https:\/\/goetzens-auf-reisen.com\/wp-content\/uploads\/2019\/10\/Bozen2-768x512.jpg 768w\" sizes=\"auto, (max-width: 767px) 89vw, (max-width: 1000px) 54vw, (max-width: 1071px) 543px, 580px\" \/><\/a><\/figure><\/li><li class=\"blocks-gallery-item\"><figure><a href=\"http:\/\/goetzens-auf-reisen.com\/wp-content\/uploads\/2019\/10\/Bozen3-1024x682.jpg\"><img loading=\"lazy\" decoding=\"async\" width=\"1024\" height=\"682\" src=\"http:\/\/goetzens-auf-reisen.com\/wp-content\/uploads\/2019\/10\/Bozen3-1024x682.jpg\" alt=\"\" data-id=\"540\" data-link=\"http:\/\/goetzens-auf-reisen.com\/?attachment_id=540\" class=\"wp-image-540\" srcset=\"https:\/\/goetzens-auf-reisen.com\/wp-content\/uploads\/2019\/10\/Bozen3-1024x682.jpg 1024w, https:\/\/goetzens-auf-reisen.com\/wp-content\/uploads\/2019\/10\/Bozen3-300x200.jpg 300w, https:\/\/goetzens-auf-reisen.com\/wp-content\/uploads\/2019\/10\/Bozen3-768x512.jpg 768w\" sizes=\"auto, (max-width: 767px) 89vw, (max-width: 1000px) 54vw, (max-width: 1071px) 543px, 580px\" \/><\/a><\/figure><\/li><li class=\"blocks-gallery-item\"><figure><a href=\"http:\/\/goetzens-auf-reisen.com\/wp-content\/uploads\/2019\/10\/Bozen4-1024x682.jpg\"><img loading=\"lazy\" decoding=\"async\" width=\"1024\" height=\"682\" src=\"http:\/\/goetzens-auf-reisen.com\/wp-content\/uploads\/2019\/10\/Bozen4-1024x682.jpg\" alt=\"\" data-id=\"541\" data-link=\"http:\/\/goetzens-auf-reisen.com\/?attachment_id=541\" class=\"wp-image-541\" srcset=\"https:\/\/goetzens-auf-reisen.com\/wp-content\/uploads\/2019\/10\/Bozen4-1024x682.jpg 1024w, https:\/\/goetzens-auf-reisen.com\/wp-content\/uploads\/2019\/10\/Bozen4-300x200.jpg 300w, https:\/\/goetzens-auf-reisen.com\/wp-content\/uploads\/2019\/10\/Bozen4-768x512.jpg 768w\" sizes=\"auto, (max-width: 767px) 89vw, (max-width: 1000px) 54vw, (max-width: 1071px) 543px, 580px\" \/><\/a><\/figure><\/li><li class=\"blocks-gallery-item\"><figure><a href=\"http:\/\/goetzens-auf-reisen.com\/wp-content\/uploads\/2019\/10\/Bozen5-1024x575.jpg\"><img loading=\"lazy\" decoding=\"async\" width=\"1024\" height=\"575\" src=\"http:\/\/goetzens-auf-reisen.com\/wp-content\/uploads\/2019\/10\/Bozen5-1024x575.jpg\" alt=\"\" data-id=\"542\" data-link=\"http:\/\/goetzens-auf-reisen.com\/?attachment_id=542\" class=\"wp-image-542\" srcset=\"https:\/\/goetzens-auf-reisen.com\/wp-content\/uploads\/2019\/10\/Bozen5-1024x575.jpg 1024w, https:\/\/goetzens-auf-reisen.com\/wp-content\/uploads\/2019\/10\/Bozen5-300x168.jpg 300w, https:\/\/goetzens-auf-reisen.com\/wp-content\/uploads\/2019\/10\/Bozen5-768x431.jpg 768w\" sizes=\"auto, (max-width: 767px) 89vw, (max-width: 1000px) 54vw, (max-width: 1071px) 543px, 580px\" \/><\/a><\/figure><\/li><\/ul>\n\n\n\n<h2 class=\"wp-block-heading\">&#8222;Die letzte Fuhre&#8220; in Girlan<\/h2>\n\n\n\n<ul class=\"wp-block-gallery columns-2 is-cropped wp-block-gallery-3 is-layout-flex wp-block-gallery-is-layout-flex\"><li class=\"blocks-gallery-item\"><figure><a href=\"http:\/\/goetzens-auf-reisen.com\/wp-content\/uploads\/2019\/10\/Girlan2-1024x682.jpg\"><img loading=\"lazy\" decoding=\"async\" width=\"1024\" height=\"682\" src=\"http:\/\/goetzens-auf-reisen.com\/wp-content\/uploads\/2019\/10\/Girlan2-1024x682.jpg\" alt=\"\" data-id=\"544\" data-link=\"http:\/\/goetzens-auf-reisen.com\/?attachment_id=544\" class=\"wp-image-544\" srcset=\"https:\/\/goetzens-auf-reisen.com\/wp-content\/uploads\/2019\/10\/Girlan2-1024x682.jpg 1024w, https:\/\/goetzens-auf-reisen.com\/wp-content\/uploads\/2019\/10\/Girlan2-300x200.jpg 300w, https:\/\/goetzens-auf-reisen.com\/wp-content\/uploads\/2019\/10\/Girlan2-768x512.jpg 768w\" sizes=\"auto, (max-width: 767px) 89vw, (max-width: 1000px) 54vw, (max-width: 1071px) 543px, 580px\" \/><\/a><\/figure><\/li><li class=\"blocks-gallery-item\"><figure><a href=\"http:\/\/goetzens-auf-reisen.com\/wp-content\/uploads\/2019\/10\/Girlan3-1024x682.jpg\"><img loading=\"lazy\" decoding=\"async\" width=\"1024\" height=\"682\" src=\"http:\/\/goetzens-auf-reisen.com\/wp-content\/uploads\/2019\/10\/Girlan3-1024x682.jpg\" alt=\"\" data-id=\"545\" data-link=\"http:\/\/goetzens-auf-reisen.com\/?attachment_id=545\" class=\"wp-image-545\" srcset=\"https:\/\/goetzens-auf-reisen.com\/wp-content\/uploads\/2019\/10\/Girlan3-1024x682.jpg 1024w, https:\/\/goetzens-auf-reisen.com\/wp-content\/uploads\/2019\/10\/Girlan3-300x200.jpg 300w, https:\/\/goetzens-auf-reisen.com\/wp-content\/uploads\/2019\/10\/Girlan3-768x512.jpg 768w\" sizes=\"auto, (max-width: 767px) 89vw, (max-width: 1000px) 54vw, (max-width: 1071px) 543px, 580px\" \/><\/a><\/figure><\/li><li class=\"blocks-gallery-item\"><figure><a href=\"http:\/\/goetzens-auf-reisen.com\/wp-content\/uploads\/2019\/10\/Girlan4-1024x682.jpg\"><img loading=\"lazy\" decoding=\"async\" width=\"1024\" height=\"682\" src=\"http:\/\/goetzens-auf-reisen.com\/wp-content\/uploads\/2019\/10\/Girlan4-1024x682.jpg\" alt=\"\" data-id=\"546\" data-link=\"http:\/\/goetzens-auf-reisen.com\/?attachment_id=546\" class=\"wp-image-546\" srcset=\"https:\/\/goetzens-auf-reisen.com\/wp-content\/uploads\/2019\/10\/Girlan4-1024x682.jpg 1024w, https:\/\/goetzens-auf-reisen.com\/wp-content\/uploads\/2019\/10\/Girlan4-300x200.jpg 300w, https:\/\/goetzens-auf-reisen.com\/wp-content\/uploads\/2019\/10\/Girlan4-768x512.jpg 768w\" sizes=\"auto, (max-width: 767px) 89vw, (max-width: 1000px) 54vw, (max-width: 1071px) 543px, 580px\" \/><\/a><\/figure><\/li><\/ul>\n\n\n\n<ul class=\"wp-block-gallery columns-1 is-cropped wp-block-gallery-4 is-layout-flex wp-block-gallery-is-layout-flex\"><li class=\"blocks-gallery-item\"><figure><img loading=\"lazy\" decoding=\"async\" width=\"1024\" height=\"682\" src=\"http:\/\/goetzens-auf-reisen.com\/wp-content\/uploads\/2019\/10\/G\u00f6tzfried-1024x682.jpg\" alt=\"\" data-id=\"548\" data-link=\"http:\/\/goetzens-auf-reisen.com\/?attachment_id=548\" class=\"wp-image-548\" srcset=\"https:\/\/goetzens-auf-reisen.com\/wp-content\/uploads\/2019\/10\/G\u00f6tzfried-1024x682.jpg 1024w, https:\/\/goetzens-auf-reisen.com\/wp-content\/uploads\/2019\/10\/G\u00f6tzfried-300x200.jpg 300w, https:\/\/goetzens-auf-reisen.com\/wp-content\/uploads\/2019\/10\/G\u00f6tzfried-768x512.jpg 768w\" sizes=\"auto, (max-width: 767px) 89vw, (max-width: 1000px) 54vw, (max-width: 1071px) 543px, 580px\" \/><figcaption>T\u00f6rggelen beim &#8222;G\u00f6tzfried&#8220;<\/figcaption><\/figure><\/li><\/ul>\n\n\n\n<h2 class=\"wp-block-heading\">Hocheppan<\/h2>\n\n\n\n<ul class=\"wp-block-gallery columns-2 is-cropped wp-block-gallery-5 is-layout-flex wp-block-gallery-is-layout-flex\"><li class=\"blocks-gallery-item\"><figure><a href=\"http:\/\/goetzens-auf-reisen.com\/wp-content\/uploads\/2019\/10\/Hocheppan-auf-Bozen-1024x682.jpg\"><img loading=\"lazy\" decoding=\"async\" width=\"1024\" height=\"682\" src=\"http:\/\/goetzens-auf-reisen.com\/wp-content\/uploads\/2019\/10\/Hocheppan-auf-Bozen-1024x682.jpg\" alt=\"\" data-id=\"549\" data-link=\"http:\/\/goetzens-auf-reisen.com\/?attachment_id=549\" class=\"wp-image-549\" srcset=\"https:\/\/goetzens-auf-reisen.com\/wp-content\/uploads\/2019\/10\/Hocheppan-auf-Bozen-1024x682.jpg 1024w, https:\/\/goetzens-auf-reisen.com\/wp-content\/uploads\/2019\/10\/Hocheppan-auf-Bozen-300x200.jpg 300w, https:\/\/goetzens-auf-reisen.com\/wp-content\/uploads\/2019\/10\/Hocheppan-auf-Bozen-768x512.jpg 768w\" sizes=\"auto, (max-width: 767px) 89vw, (max-width: 1000px) 54vw, (max-width: 1071px) 543px, 580px\" \/><\/a><\/figure><\/li><li class=\"blocks-gallery-item\"><figure><a href=\"http:\/\/goetzens-auf-reisen.com\/wp-content\/uploads\/2019\/10\/hocheppan-1024x682.jpg\"><img loading=\"lazy\" decoding=\"async\" width=\"1024\" height=\"682\" src=\"http:\/\/goetzens-auf-reisen.com\/wp-content\/uploads\/2019\/10\/hocheppan-1024x682.jpg\" alt=\"\" data-id=\"550\" data-link=\"http:\/\/goetzens-auf-reisen.com\/?attachment_id=550\" class=\"wp-image-550\" srcset=\"https:\/\/goetzens-auf-reisen.com\/wp-content\/uploads\/2019\/10\/hocheppan-1024x682.jpg 1024w, https:\/\/goetzens-auf-reisen.com\/wp-content\/uploads\/2019\/10\/hocheppan-300x200.jpg 300w, https:\/\/goetzens-auf-reisen.com\/wp-content\/uploads\/2019\/10\/hocheppan-768x512.jpg 768w\" sizes=\"auto, (max-width: 767px) 89vw, (max-width: 1000px) 54vw, (max-width: 1071px) 543px, 580px\" \/><\/a><\/figure><\/li><li class=\"blocks-gallery-item\"><figure><a href=\"http:\/\/goetzens-auf-reisen.com\/wp-content\/uploads\/2019\/10\/hocheppan1-1024x683.jpg\"><img loading=\"lazy\" decoding=\"async\" width=\"1024\" height=\"683\" src=\"http:\/\/goetzens-auf-reisen.com\/wp-content\/uploads\/2019\/10\/hocheppan1-1024x683.jpg\" alt=\"\" data-id=\"551\" data-link=\"http:\/\/goetzens-auf-reisen.com\/?attachment_id=551\" class=\"wp-image-551\" srcset=\"https:\/\/goetzens-auf-reisen.com\/wp-content\/uploads\/2019\/10\/hocheppan1-1024x683.jpg 1024w, https:\/\/goetzens-auf-reisen.com\/wp-content\/uploads\/2019\/10\/hocheppan1-300x200.jpg 300w, https:\/\/goetzens-auf-reisen.com\/wp-content\/uploads\/2019\/10\/hocheppan1-768x512.jpg 768w\" sizes=\"auto, (max-width: 767px) 89vw, (max-width: 1000px) 54vw, (max-width: 1071px) 543px, 580px\" \/><\/a><\/figure><\/li><\/ul>\n\n\n\n<h2 class=\"wp-block-heading\">Auf der Seiseralm<\/h2>\n\n\n\n<ul class=\"wp-block-gallery columns-2 is-cropped wp-block-gallery-6 is-layout-flex wp-block-gallery-is-layout-flex\"><li class=\"blocks-gallery-item\"><figure><a href=\"http:\/\/goetzens-auf-reisen.com\/wp-content\/uploads\/2019\/10\/SeiserAlm1-1024x683.jpg\"><img loading=\"lazy\" decoding=\"async\" width=\"1024\" height=\"683\" src=\"http:\/\/goetzens-auf-reisen.com\/wp-content\/uploads\/2019\/10\/SeiserAlm1-1024x683.jpg\" alt=\"\" data-id=\"552\" data-link=\"http:\/\/goetzens-auf-reisen.com\/?attachment_id=552\" class=\"wp-image-552\" srcset=\"https:\/\/goetzens-auf-reisen.com\/wp-content\/uploads\/2019\/10\/SeiserAlm1-1024x683.jpg 1024w, https:\/\/goetzens-auf-reisen.com\/wp-content\/uploads\/2019\/10\/SeiserAlm1-300x200.jpg 300w, https:\/\/goetzens-auf-reisen.com\/wp-content\/uploads\/2019\/10\/SeiserAlm1-768x512.jpg 768w\" sizes=\"auto, (max-width: 767px) 89vw, (max-width: 1000px) 54vw, (max-width: 1071px) 543px, 580px\" \/><\/a><figcaption>Schlern<\/figcaption><\/figure><\/li><li class=\"blocks-gallery-item\"><figure><a href=\"http:\/\/goetzens-auf-reisen.com\/wp-content\/uploads\/2019\/10\/SeiserAlm3-1024x682.jpg\"><img loading=\"lazy\" decoding=\"async\" width=\"1024\" height=\"682\" src=\"http:\/\/goetzens-auf-reisen.com\/wp-content\/uploads\/2019\/10\/SeiserAlm3-1024x682.jpg\" alt=\"\" data-id=\"554\" data-link=\"http:\/\/goetzens-auf-reisen.com\/?attachment_id=554\" class=\"wp-image-554\" srcset=\"https:\/\/goetzens-auf-reisen.com\/wp-content\/uploads\/2019\/10\/SeiserAlm3-1024x682.jpg 1024w, https:\/\/goetzens-auf-reisen.com\/wp-content\/uploads\/2019\/10\/SeiserAlm3-300x200.jpg 300w, https:\/\/goetzens-auf-reisen.com\/wp-content\/uploads\/2019\/10\/SeiserAlm3-768x512.jpg 768w\" sizes=\"auto, (max-width: 767px) 89vw, (max-width: 1000px) 54vw, (max-width: 1071px) 543px, 580px\" \/><\/a><\/figure><\/li><li class=\"blocks-gallery-item\"><figure><a href=\"http:\/\/goetzens-auf-reisen.com\/wp-content\/uploads\/2019\/10\/SeiserAlm4-1024x682.jpg\"><img loading=\"lazy\" decoding=\"async\" width=\"1024\" height=\"682\" src=\"http:\/\/goetzens-auf-reisen.com\/wp-content\/uploads\/2019\/10\/SeiserAlm4-1024x682.jpg\" alt=\"\" data-id=\"555\" data-link=\"http:\/\/goetzens-auf-reisen.com\/?attachment_id=555\" class=\"wp-image-555\" srcset=\"https:\/\/goetzens-auf-reisen.com\/wp-content\/uploads\/2019\/10\/SeiserAlm4-1024x682.jpg 1024w, https:\/\/goetzens-auf-reisen.com\/wp-content\/uploads\/2019\/10\/SeiserAlm4-300x200.jpg 300w, https:\/\/goetzens-auf-reisen.com\/wp-content\/uploads\/2019\/10\/SeiserAlm4-768x512.jpg 768w\" sizes=\"auto, (max-width: 767px) 89vw, (max-width: 1000px) 54vw, (max-width: 1071px) 543px, 580px\" \/><\/a><\/figure><\/li><li class=\"blocks-gallery-item\"><figure><a href=\"http:\/\/goetzens-auf-reisen.com\/wp-content\/uploads\/2019\/10\/SeiserAlm5-1024x682.jpg\"><img loading=\"lazy\" decoding=\"async\" width=\"1024\" height=\"682\" src=\"http:\/\/goetzens-auf-reisen.com\/wp-content\/uploads\/2019\/10\/SeiserAlm5-1024x682.jpg\" alt=\"\" data-id=\"556\" data-link=\"http:\/\/goetzens-auf-reisen.com\/?attachment_id=556\" class=\"wp-image-556\" srcset=\"https:\/\/goetzens-auf-reisen.com\/wp-content\/uploads\/2019\/10\/SeiserAlm5-1024x682.jpg 1024w, https:\/\/goetzens-auf-reisen.com\/wp-content\/uploads\/2019\/10\/SeiserAlm5-300x200.jpg 300w, https:\/\/goetzens-auf-reisen.com\/wp-content\/uploads\/2019\/10\/SeiserAlm5-768x512.jpg 768w\" sizes=\"auto, (max-width: 767px) 89vw, (max-width: 1000px) 54vw, (max-width: 1071px) 543px, 580px\" \/><\/a><\/figure><\/li><li class=\"blocks-gallery-item\"><figure><a href=\"http:\/\/goetzens-auf-reisen.com\/wp-content\/uploads\/2019\/10\/SeiserAlm6-1024x682.jpg\"><img loading=\"lazy\" decoding=\"async\" width=\"1024\" height=\"682\" src=\"http:\/\/goetzens-auf-reisen.com\/wp-content\/uploads\/2019\/10\/SeiserAlm6-1024x682.jpg\" alt=\"\" data-id=\"557\" data-link=\"http:\/\/goetzens-auf-reisen.com\/?attachment_id=557\" class=\"wp-image-557\" srcset=\"https:\/\/goetzens-auf-reisen.com\/wp-content\/uploads\/2019\/10\/SeiserAlm6-1024x682.jpg 1024w, https:\/\/goetzens-auf-reisen.com\/wp-content\/uploads\/2019\/10\/SeiserAlm6-300x200.jpg 300w, https:\/\/goetzens-auf-reisen.com\/wp-content\/uploads\/2019\/10\/SeiserAlm6-768x512.jpg 768w\" sizes=\"auto, (max-width: 767px) 89vw, (max-width: 1000px) 54vw, (max-width: 1071px) 543px, 580px\" \/><\/a><figcaption>Langkofel und Plattkofel<\/figcaption><\/figure><\/li><\/ul>\n\n\n\n<h2 class=\"wp-block-heading\">Wanderung am Vigiljoch<\/h2>\n\n\n\n<ul class=\"wp-block-gallery columns-2 is-cropped wp-block-gallery-7 is-layout-flex wp-block-gallery-is-layout-flex\"><li class=\"blocks-gallery-item\"><figure><a href=\"http:\/\/goetzens-auf-reisen.com\/wp-content\/uploads\/2019\/10\/Vigilius-Kirchl-1024x682.jpg\"><img loading=\"lazy\" decoding=\"async\" width=\"1024\" height=\"682\" src=\"http:\/\/goetzens-auf-reisen.com\/wp-content\/uploads\/2019\/10\/Vigilius-Kirchl-1024x682.jpg\" alt=\"\" data-id=\"558\" data-link=\"http:\/\/goetzens-auf-reisen.com\/?attachment_id=558\" class=\"wp-image-558\" srcset=\"https:\/\/goetzens-auf-reisen.com\/wp-content\/uploads\/2019\/10\/Vigilius-Kirchl-1024x682.jpg 1024w, https:\/\/goetzens-auf-reisen.com\/wp-content\/uploads\/2019\/10\/Vigilius-Kirchl-300x200.jpg 300w, https:\/\/goetzens-auf-reisen.com\/wp-content\/uploads\/2019\/10\/Vigilius-Kirchl-768x512.jpg 768w\" sizes=\"auto, (max-width: 767px) 89vw, (max-width: 1000px) 54vw, (max-width: 1071px) 543px, 580px\" \/><\/a><\/figure><\/li><li class=\"blocks-gallery-item\"><figure><a href=\"http:\/\/goetzens-auf-reisen.com\/wp-content\/uploads\/2019\/10\/Vigliljoch-1024x682.jpg\"><img loading=\"lazy\" decoding=\"async\" width=\"1024\" height=\"682\" src=\"http:\/\/goetzens-auf-reisen.com\/wp-content\/uploads\/2019\/10\/Vigliljoch-1024x682.jpg\" alt=\"\" data-id=\"559\" data-link=\"http:\/\/goetzens-auf-reisen.com\/?attachment_id=559\" class=\"wp-image-559\" srcset=\"https:\/\/goetzens-auf-reisen.com\/wp-content\/uploads\/2019\/10\/Vigliljoch-1024x682.jpg 1024w, https:\/\/goetzens-auf-reisen.com\/wp-content\/uploads\/2019\/10\/Vigliljoch-300x200.jpg 300w, https:\/\/goetzens-auf-reisen.com\/wp-content\/uploads\/2019\/10\/Vigliljoch-768x512.jpg 768w\" sizes=\"auto, (max-width: 767px) 89vw, (max-width: 1000px) 54vw, (max-width: 1071px) 543px, 580px\" \/><\/a><\/figure><\/li><\/ul>\n\n\n\n<h2 class=\"wp-block-heading\">Weing\u00fcter<\/h2>\n\n\n\n<ul class=\"wp-block-gallery columns-2 is-cropped wp-block-gallery-8 is-layout-flex wp-block-gallery-is-layout-flex\"><li class=\"blocks-gallery-item\"><figure><a href=\"http:\/\/goetzens-auf-reisen.com\/wp-content\/uploads\/2019\/10\/Schreckbichl-1024x682.jpg\"><img loading=\"lazy\" decoding=\"async\" width=\"1024\" height=\"682\" src=\"http:\/\/goetzens-auf-reisen.com\/wp-content\/uploads\/2019\/10\/Schreckbichl-1024x682.jpg\" alt=\"\" data-id=\"560\" class=\"wp-image-560\" srcset=\"https:\/\/goetzens-auf-reisen.com\/wp-content\/uploads\/2019\/10\/Schreckbichl-1024x682.jpg 1024w, https:\/\/goetzens-auf-reisen.com\/wp-content\/uploads\/2019\/10\/Schreckbichl-300x200.jpg 300w, https:\/\/goetzens-auf-reisen.com\/wp-content\/uploads\/2019\/10\/Schreckbichl-768x512.jpg 768w\" sizes=\"auto, (max-width: 767px) 89vw, (max-width: 1000px) 54vw, (max-width: 1071px) 543px, 580px\" \/><\/a><figcaption>Schreckbichl<\/figcaption><\/figure><\/li><li class=\"blocks-gallery-item\"><figure><a href=\"http:\/\/goetzens-auf-reisen.com\/wp-content\/uploads\/2019\/10\/Ritterhof-1024x682.jpg\"><img loading=\"lazy\" decoding=\"async\" width=\"1024\" height=\"682\" src=\"http:\/\/goetzens-auf-reisen.com\/wp-content\/uploads\/2019\/10\/Ritterhof-1024x682.jpg\" alt=\"\" data-id=\"568\" data-link=\"http:\/\/goetzens-auf-reisen.com\/?attachment_id=568\" class=\"wp-image-568\" srcset=\"https:\/\/goetzens-auf-reisen.com\/wp-content\/uploads\/2019\/10\/Ritterhof-1024x682.jpg 1024w, https:\/\/goetzens-auf-reisen.com\/wp-content\/uploads\/2019\/10\/Ritterhof-300x200.jpg 300w, https:\/\/goetzens-auf-reisen.com\/wp-content\/uploads\/2019\/10\/Ritterhof-768x512.jpg 768w\" sizes=\"auto, (max-width: 767px) 89vw, (max-width: 1000px) 54vw, (max-width: 1071px) 543px, 580px\" \/><\/a><figcaption>Ritterhof<\/figcaption><\/figure><\/li><li class=\"blocks-gallery-item\"><figure><a href=\"http:\/\/goetzens-auf-reisen.com\/wp-content\/uploads\/2019\/10\/Martini-1024x682.jpg\"><img loading=\"lazy\" decoding=\"async\" width=\"1024\" height=\"682\" src=\"http:\/\/goetzens-auf-reisen.com\/wp-content\/uploads\/2019\/10\/Martini-1024x682.jpg\" alt=\"\" data-id=\"570\" data-link=\"http:\/\/goetzens-auf-reisen.com\/?attachment_id=570\" class=\"wp-image-570\" srcset=\"https:\/\/goetzens-auf-reisen.com\/wp-content\/uploads\/2019\/10\/Martini-1024x682.jpg 1024w, https:\/\/goetzens-auf-reisen.com\/wp-content\/uploads\/2019\/10\/Martini-300x200.jpg 300w, https:\/\/goetzens-auf-reisen.com\/wp-content\/uploads\/2019\/10\/Martini-768x512.jpg 768w\" sizes=\"auto, (max-width: 767px) 89vw, (max-width: 1000px) 54vw, (max-width: 1071px) 543px, 580px\" \/><\/a><figcaption>martini &amp; sohn<\/figcaption><\/figure><\/li><\/ul>\n\n\n\n<figure class=\"wp-block-image is-resized\"><a href=\"http:\/\/goetzens-auf-reisen.com\/wp-content\/uploads\/2019\/10\/Girlan5.jpg\"><img loading=\"lazy\" decoding=\"async\" src=\"http:\/\/goetzens-auf-reisen.com\/wp-content\/uploads\/2019\/10\/Girlan5-1024x592.jpg\" alt=\"\" class=\"wp-image-547\" width=\"760\" height=\"441\"\/><\/a><figcaption>Winzergenossenschaft in Girlan<\/figcaption><\/figure>\n\n\n\n<h2 class=\"wp-block-heading\">Auf dem Heimweg<\/h2>\n\n\n\n<ul class=\"wp-block-gallery columns-2 is-cropped wp-block-gallery-9 is-layout-flex wp-block-gallery-is-layout-flex\"><li class=\"blocks-gallery-item\"><figure><a href=\"http:\/\/goetzens-auf-reisen.com\/wp-content\/uploads\/2019\/10\/Reschensee-1024x682.jpg\"><img loading=\"lazy\" decoding=\"async\" width=\"1024\" height=\"682\" src=\"http:\/\/goetzens-auf-reisen.com\/wp-content\/uploads\/2019\/10\/Reschensee-1024x682.jpg\" alt=\"\" data-id=\"561\" data-link=\"http:\/\/goetzens-auf-reisen.com\/?attachment_id=561\" class=\"wp-image-561\" srcset=\"https:\/\/goetzens-auf-reisen.com\/wp-content\/uploads\/2019\/10\/Reschensee-1024x682.jpg 1024w, https:\/\/goetzens-auf-reisen.com\/wp-content\/uploads\/2019\/10\/Reschensee-300x200.jpg 300w, https:\/\/goetzens-auf-reisen.com\/wp-content\/uploads\/2019\/10\/Reschensee-768x512.jpg 768w\" sizes=\"auto, (max-width: 767px) 89vw, (max-width: 1000px) 54vw, (max-width: 1071px) 543px, 580px\" \/><\/a><figcaption>Reschensee<\/figcaption><\/figure><\/li><li class=\"blocks-gallery-item\"><figure><a href=\"http:\/\/goetzens-auf-reisen.com\/wp-content\/uploads\/2019\/10\/Zugspitze-1024x683.jpg\"><img loading=\"lazy\" decoding=\"async\" width=\"1024\" height=\"683\" src=\"http:\/\/goetzens-auf-reisen.com\/wp-content\/uploads\/2019\/10\/Zugspitze-1024x683.jpg\" alt=\"\" data-id=\"562\" data-link=\"http:\/\/goetzens-auf-reisen.com\/?attachment_id=562\" class=\"wp-image-562\" srcset=\"https:\/\/goetzens-auf-reisen.com\/wp-content\/uploads\/2019\/10\/Zugspitze-1024x683.jpg 1024w, https:\/\/goetzens-auf-reisen.com\/wp-content\/uploads\/2019\/10\/Zugspitze-300x200.jpg 300w, https:\/\/goetzens-auf-reisen.com\/wp-content\/uploads\/2019\/10\/Zugspitze-768x512.jpg 768w\" sizes=\"auto, (max-width: 767px) 89vw, (max-width: 1000px) 54vw, (max-width: 1071px) 543px, 580px\" \/><\/a><figcaption>Zugspitze<\/figcaption><\/figure><\/li><li class=\"blocks-gallery-item\"><figure><a href=\"http:\/\/goetzens-auf-reisen.com\/wp-content\/uploads\/2019\/10\/Zugspitze2-1024x682.jpg\"><img loading=\"lazy\" decoding=\"async\" width=\"1024\" height=\"682\" src=\"http:\/\/goetzens-auf-reisen.com\/wp-content\/uploads\/2019\/10\/Zugspitze2-1024x682.jpg\" alt=\"\" data-id=\"563\" data-link=\"http:\/\/goetzens-auf-reisen.com\/?attachment_id=563\" class=\"wp-image-563\" srcset=\"https:\/\/goetzens-auf-reisen.com\/wp-content\/uploads\/2019\/10\/Zugspitze2-1024x682.jpg 1024w, https:\/\/goetzens-auf-reisen.com\/wp-content\/uploads\/2019\/10\/Zugspitze2-300x200.jpg 300w, https:\/\/goetzens-auf-reisen.com\/wp-content\/uploads\/2019\/10\/Zugspitze2-768x512.jpg 768w\" sizes=\"auto, (max-width: 767px) 89vw, (max-width: 1000px) 54vw, (max-width: 1071px) 543px, 580px\" \/><\/a><figcaption>Blindsee am Fernpass mit Zugspitze<\/figcaption><\/figure><\/li><\/ul>\n","protected":false},"excerpt":{"rendered":"<p>Zum T\u00f6rggelen nach S\u00fcdtirol! Das war die Idee, die wir im Oktober 2018 in die Tat umsetzten. &#8222;T\u00f6rggelen&#8220; ist ein alter Brauch &#8211; heute eher schon eine Touristenattraktion, wenn es in den Buschensch\u00e4nken einfache Bauerngerichte zum neuen Wein gibt und wenn ger\u00f6stete Kastanien nicht fehlen d\u00fcrfen. Natr\u00fclich statteten wir einigen Winzern bzw. Genossenschaften einen Besuch &hellip; <\/p>\n<p class=\"link-more\"><a href=\"https:\/\/goetzens-auf-reisen.com\/?page_id=536\" class=\"more-link\"><span class=\"screen-reader-text\">\u201eS\u00fcdtirol\u201c<\/span> weiterlesen<\/a><\/p>\n","protected":false},"author":1,"featured_media":0,"parent":0,"menu_order":0,"comment_status":"closed","ping_status":"closed","template":"","meta":{"footnotes":""},"class_list":["post-536","page","type-page","status-publish","hentry"],"_links":{"self":[{"href":"https:\/\/goetzens-auf-reisen.com\/index.php?rest_route=\/wp\/v2\/pages\/536","targetHints":{"allow":["GET"]}}],"collection":[{"href":"https:\/\/goetzens-auf-reisen.com\/index.php?rest_route=\/wp\/v2\/pages"}],"about":[{"href":"https:\/\/goetzens-auf-reisen.com\/index.php?rest_route=\/wp\/v2\/types\/page"}],"author":[{"embeddable":true,"href":"https:\/\/goetzens-auf-reisen.com\/index.php?rest_route=\/wp\/v2\/users\/1"}],"replies":[{"embeddable":true,"href":"https:\/\/goetzens-auf-reisen.com\/index.php?rest_route=%2Fwp%2Fv2%2Fcomments&post=536"}],"version-history":[{"count":11,"href":"https:\/\/goetzens-auf-reisen.com\/index.php?rest_route=\/wp\/v2\/pages\/536\/revisions"}],"predecessor-version":[{"id":579,"href":"https:\/\/goetzens-auf-reisen.com\/index.php?rest_route=\/wp\/v2\/pages\/536\/revisions\/579"}],"wp:attachment":[{"href":"https:\/\/goetzens-auf-reisen.com\/index.php?rest_route=%2Fwp%2Fv2%2Fmedia&parent=536"}],"curies":[{"name":"wp","href":"https:\/\/api.w.org\/{rel}","templated":true}]}}