{"id":9815,"date":"2023-07-05T15:20:05","date_gmt":"2023-07-05T13:20:05","guid":{"rendered":"https:\/\/goetzens-auf-reisen.com\/?page_id=9815"},"modified":"2023-07-05T16:19:02","modified_gmt":"2023-07-05T14:19:02","slug":"kiwis","status":"publish","type":"page","link":"https:\/\/goetzens-auf-reisen.com\/?page_id=9815","title":{"rendered":"Kiwis"},"content":{"rendered":"\n<p>Kiwis haben wir leider nie gesehen. Wir haben uns den scheuen V\u00f6geln nur angen\u00e4hert und sie geh\u00f6rt.<\/p>\n\n\n\n<figure class=\"wp-block-image size-full is-style-rounded\"><a href=\"https:\/\/goetzens-auf-reisen.com\/wp-content\/uploads\/2020\/09\/IMG_5023.jpg\"><img loading=\"lazy\" decoding=\"async\" width=\"2449\" height=\"1632\" src=\"https:\/\/goetzens-auf-reisen.com\/wp-content\/uploads\/2020\/09\/IMG_5023.jpg\" alt=\"\" class=\"wp-image-2913\" srcset=\"https:\/\/goetzens-auf-reisen.com\/wp-content\/uploads\/2020\/09\/IMG_5023.jpg 2449w, https:\/\/goetzens-auf-reisen.com\/wp-content\/uploads\/2020\/09\/IMG_5023-300x200.jpg 300w, https:\/\/goetzens-auf-reisen.com\/wp-content\/uploads\/2020\/09\/IMG_5023-1024x682.jpg 1024w, https:\/\/goetzens-auf-reisen.com\/wp-content\/uploads\/2020\/09\/IMG_5023-768x512.jpg 768w, https:\/\/goetzens-auf-reisen.com\/wp-content\/uploads\/2020\/09\/IMG_5023-1536x1024.jpg 1536w, https:\/\/goetzens-auf-reisen.com\/wp-content\/uploads\/2020\/09\/IMG_5023-2048x1365.jpg 2048w\" sizes=\"auto, (max-width: 767px) 89vw, (max-width: 1000px) 54vw, (max-width: 1071px) 543px, 580px\" \/><\/a><\/figure>\n\n\n\n<div class=\"wp-block-buttons is-content-justification-center is-layout-flex wp-container-core-buttons-is-layout-16018d1d wp-block-buttons-is-layout-flex\">\n<div class=\"wp-block-button has-custom-width wp-block-button__width-50 has-custom-font-size is-style-outline is-style-outline--2\" style=\"font-size:15px\"><a class=\"wp-block-button__link has-cyan-bluish-gray-color has-text-color wp-element-button\" href=\"https:\/\/goetzens-auf-reisen.com\/?page_id=2832\">&lt;&lt; zur\u00fcck zu V\u00f6gel<\/a><\/div>\n<\/div>\n","protected":false},"excerpt":{"rendered":"<p>Kiwis haben wir leider nie gesehen. Wir haben uns den scheuen V\u00f6geln nur angen\u00e4hert und sie geh\u00f6rt.<\/p>\n","protected":false},"author":1,"featured_media":0,"parent":0,"menu_order":0,"comment_status":"closed","ping_status":"closed","template":"","meta":{"footnotes":""},"class_list":["post-9815","page","type-page","status-publish","hentry"],"_links":{"self":[{"href":"https:\/\/goetzens-auf-reisen.com\/index.php?rest_route=\/wp\/v2\/pages\/9815","targetHints":{"allow":["GET"]}}],"collection":[{"href":"https:\/\/goetzens-auf-reisen.com\/index.php?rest_route=\/wp\/v2\/pages"}],"about":[{"href":"https:\/\/goetzens-auf-reisen.com\/index.php?rest_route=\/wp\/v2\/types\/page"}],"author":[{"embeddable":true,"href":"https:\/\/goetzens-auf-reisen.com\/index.php?rest_route=\/wp\/v2\/users\/1"}],"replies":[{"embeddable":true,"href":"https:\/\/goetzens-auf-reisen.com\/index.php?rest_route=%2Fwp%2Fv2%2Fcomments&post=9815"}],"version-history":[{"count":3,"href":"https:\/\/goetzens-auf-reisen.com\/index.php?rest_route=\/wp\/v2\/pages\/9815\/revisions"}],"predecessor-version":[{"id":9892,"href":"https:\/\/goetzens-auf-reisen.com\/index.php?rest_route=\/wp\/v2\/pages\/9815\/revisions\/9892"}],"wp:attachment":[{"href":"https:\/\/goetzens-auf-reisen.com\/index.php?rest_route=%2Fwp%2Fv2%2Fmedia&parent=9815"}],"curies":[{"name":"wp","href":"https:\/\/api.w.org\/{rel}","templated":true}]}}