{"id":9842,"date":"2023-07-05T15:39:41","date_gmt":"2023-07-05T13:39:41","guid":{"rendered":"https:\/\/goetzens-auf-reisen.com\/?page_id=9842"},"modified":"2026-04-22T12:20:56","modified_gmt":"2026-04-22T10:20:56","slug":"stoerche","status":"publish","type":"page","link":"https:\/\/goetzens-auf-reisen.com\/?page_id=9842","title":{"rendered":"St\u00f6rche"},"content":{"rendered":"\n<h3 class=\"wp-block-heading\">Familie: St\u00f6rche<\/h3>\n\n\n\n<h4 class=\"wp-block-heading\">Gattungen:<\/h4>\n\n\n\n<p>Nimmersatte (<em>Mycteria<\/em>)<br>Klaffschn\u00e4bel (<em>Anastomus<\/em>)<br>Eigentliche St\u00f6rche (<em>Ciconia<\/em>)<br>Gro\u00dfst\u00f6rche (<em>Ephippiorhynchus<\/em>)<br>Marabus (<em>Leptoptilos<\/em>)<\/p>\n\n\n<style type=\"text\/css\">\n#foogallery-gallery-7124 .fg-image { width: 750px; }<\/style>\n\t\t\t<div class=\"foogallery foogallery-container foogallery-image-viewer foogallery-link-image foogallery-lightbox-foogallery fg-center fg-image-viewer fg-ready fg-light fg-border-thin fg-shadow-outline fg-loading-default fg-loaded-fade-in fg-caption-hover fg-hover-fade fg-hover-zoom\" id=\"foogallery-gallery-7124\" data-foogallery=\"{&quot;item&quot;:{&quot;showCaptionTitle&quot;:true,&quot;showCaptionDescription&quot;:true},&quot;lazy&quot;:true,&quot;template&quot;:{&quot;loop&quot;:true}}\" data-foogallery-lightbox=\"{&quot;theme&quot;:&quot;fg-light&quot;,&quot;thumbs&quot;:&quot;left&quot;,&quot;thumbsCaptions&quot;:true,&quot;thumbsBestFit&quot;:false,&quot;thumbsSmall&quot;:false,&quot;thumbsCaptionsAlign&quot;:&quot;default&quot;,&quot;info&quot;:&quot;bottom&quot;,&quot;infoVisible&quot;:true,&quot;infoOverlay&quot;:true,&quot;infoAlign&quot;:&quot;center&quot;,&quot;transition&quot;:&quot;fade&quot;,&quot;hoverButtons&quot;:false,&quot;fitMedia&quot;:false,&quot;noScrollbars&quot;:true,&quot;preserveButtonSpace&quot;:true,&quot;buttons&quot;:{&quot;fullscreen&quot;:true,&quot;info&quot;:true,&quot;thumbs&quot;:false},&quot;video&quot;:{&quot;autoPlay&quot;:true}}\" style=\"--fg-title-line-clamp: 0; --fg-description-line-clamp: 0;\" >\n\t<div class=\"fiv-inner\">\n\t\t<div class=\"fiv-inner-container\">\n\t\t\t<div class=\"fg-item fg-type-image fg-idle\"><figure class=\"fg-item-inner\"><a href=\"https:\/\/goetzens-auf-reisen.com\/wp-content\/uploads\/2022\/05\/DD5A5726-TZ-scaled.jpeg\" data-caption-title=\"Jabiru-Storch\" data-caption-desc=\"Crooked Tree (BZE), 03-2026\" data-attachment-id=\"14963\" data-type=\"image\" class=\"fg-thumb\"><span class=\"fg-image-wrap\"><img fetchpriority=\"high\" decoding=\"async\" title=\"Jabiru-Storch\" width=\"750\" height=\"500\" class=\"skip-lazy fg-image\" data-src-fg=\"https:\/\/goetzens-auf-reisen.com\/wp-content\/uploads\/cache\/2022\/05\/DD5A5726-TZ-scaled\/2576316969.jpeg\" src=\"data:image\/svg+xml,%3Csvg%20xmlns%3D%22http%3A%2F%2Fwww.w3.org%2F2000%2Fsvg%22%20width%3D%22750%22%20height%3D%22500%22%20viewBox%3D%220%200%20750%20500%22%3E%3C%2Fsvg%3E\" loading=\"eager\"><\/span><span class=\"fg-image-overlay\"><\/span><\/a><figcaption class=\"fg-caption\"><div class=\"fg-caption-inner\"><div class=\"fg-caption-title\">Jabiru-Storch<\/div><div class=\"fg-caption-desc\">Crooked Tree (BZE), 03-2026<\/div><\/div><\/figcaption><\/figure><div class=\"fg-loader\"><\/div><\/div><div class=\"fg-item fg-type-image fg-idle\"><figure class=\"fg-item-inner\"><a href=\"https:\/\/goetzens-auf-reisen.com\/wp-content\/uploads\/2021\/11\/Nimmersatt.jpg\" data-caption-title=\"Nimmersatt (n.-br.)\" data-caption-desc=\"Caprivi 2021\" data-attachment-id=\"6317\" data-type=\"image\" class=\"fg-thumb\"><span class=\"fg-image-wrap\"><img decoding=\"async\" title=\"Nimmersatt (n.-br.)\" width=\"750\" height=\"500\" class=\"skip-lazy fg-image\" data-src-fg=\"https:\/\/goetzens-auf-reisen.com\/wp-content\/uploads\/cache\/2021\/11\/Nimmersatt\/159179607.jpg\" src=\"data:image\/svg+xml,%3Csvg%20xmlns%3D%22http%3A%2F%2Fwww.w3.org%2F2000%2Fsvg%22%20width%3D%22750%22%20height%3D%22500%22%20viewBox%3D%220%200%20750%20500%22%3E%3C%2Fsvg%3E\" loading=\"eager\"><\/span><span class=\"fg-image-overlay\"><\/span><\/a><figcaption class=\"fg-caption\"><div class=\"fg-caption-inner\"><div class=\"fg-caption-title\">Nimmersatt (n.-br.)<\/div><div class=\"fg-caption-desc\">Caprivi 2021<\/div><\/div><\/figcaption><\/figure><div class=\"fg-loader\"><\/div><\/div><div class=\"fg-item fg-type-image fg-idle\"><figure class=\"fg-item-inner\"><a href=\"https:\/\/goetzens-auf-reisen.com\/wp-content\/uploads\/2022\/05\/Nimmersatt-br.-Kruger-NP--scaled.jpg\" data-caption-title=\"Nimmersatt (br.)\" data-caption-desc=\"Kruger NP, 2022\" data-attachment-id=\"8394\" data-type=\"image\" class=\"fg-thumb\"><span class=\"fg-image-wrap\"><img decoding=\"async\" title=\"Nimmersatt (br.)\" width=\"750\" height=\"500\" class=\"skip-lazy fg-image\" data-src-fg=\"https:\/\/goetzens-auf-reisen.com\/wp-content\/uploads\/cache\/2022\/05\/Nimmersatt-br_-Kruger-NP--scaled\/3069431367.jpg\" src=\"data:image\/svg+xml,%3Csvg%20xmlns%3D%22http%3A%2F%2Fwww.w3.org%2F2000%2Fsvg%22%20width%3D%22750%22%20height%3D%22500%22%20viewBox%3D%220%200%20750%20500%22%3E%3C%2Fsvg%3E\" loading=\"eager\"><\/span><span class=\"fg-image-overlay\"><\/span><\/a><figcaption class=\"fg-caption\"><div class=\"fg-caption-inner\"><div class=\"fg-caption-title\">Nimmersatt (br.)<\/div><div class=\"fg-caption-desc\">Kruger NP, 2022<\/div><\/div><\/figcaption><\/figure><div class=\"fg-loader\"><\/div><\/div><div class=\"fg-item fg-type-image fg-idle\"><figure class=\"fg-item-inner\"><a href=\"https:\/\/goetzens-auf-reisen.com\/wp-content\/uploads\/2021\/11\/Nimmersatt_juv.jpg\" data-caption-title=\"Nimmersatt (juv)\" data-caption-desc=\"Caprivi 2021\" data-attachment-id=\"6318\" data-type=\"image\" class=\"fg-thumb\"><span class=\"fg-image-wrap\"><img decoding=\"async\" title=\"Nimmersatt (juv)\" width=\"750\" height=\"500\" class=\"skip-lazy fg-image\" data-src-fg=\"https:\/\/goetzens-auf-reisen.com\/wp-content\/uploads\/cache\/2021\/11\/Nimmersatt_juv\/1422007025.jpg\" src=\"data:image\/svg+xml,%3Csvg%20xmlns%3D%22http%3A%2F%2Fwww.w3.org%2F2000%2Fsvg%22%20width%3D%22750%22%20height%3D%22500%22%20viewBox%3D%220%200%20750%20500%22%3E%3C%2Fsvg%3E\" loading=\"eager\"><\/span><span class=\"fg-image-overlay\"><\/span><\/a><figcaption class=\"fg-caption\"><div class=\"fg-caption-inner\"><div class=\"fg-caption-title\">Nimmersatt (juv)<\/div><div class=\"fg-caption-desc\">Caprivi 2021<\/div><\/div><\/figcaption><\/figure><div class=\"fg-loader\"><\/div><\/div><div class=\"fg-item fg-type-image fg-idle\"><figure class=\"fg-item-inner\"><a href=\"https:\/\/goetzens-auf-reisen.com\/wp-content\/uploads\/2022\/05\/xDD5A7936-scaled.jpg\" data-caption-title=\"Waldstorch (ad.)\" data-caption-desc=\"Crooked Tree (BZE), 03-2026\" data-attachment-id=\"14957\" data-type=\"image\" class=\"fg-thumb\"><span class=\"fg-image-wrap\"><img decoding=\"async\" title=\"Waldstorch (ad.)\" width=\"750\" height=\"500\" class=\"skip-lazy fg-image\" data-src-fg=\"https:\/\/goetzens-auf-reisen.com\/wp-content\/uploads\/cache\/2022\/05\/xDD5A7936-scaled\/3039544750.jpg\" src=\"data:image\/svg+xml,%3Csvg%20xmlns%3D%22http%3A%2F%2Fwww.w3.org%2F2000%2Fsvg%22%20width%3D%22750%22%20height%3D%22500%22%20viewBox%3D%220%200%20750%20500%22%3E%3C%2Fsvg%3E\" loading=\"eager\"><\/span><span class=\"fg-image-overlay\"><\/span><\/a><figcaption class=\"fg-caption\"><div class=\"fg-caption-inner\"><div class=\"fg-caption-title\">Waldstorch (ad.)<\/div><div class=\"fg-caption-desc\">Crooked Tree (BZE), 03-2026<\/div><\/div><\/figcaption><\/figure><div class=\"fg-loader\"><\/div><\/div><div class=\"fg-item fg-type-image fg-idle\"><figure class=\"fg-item-inner\"><a href=\"https:\/\/goetzens-auf-reisen.com\/wp-content\/uploads\/2022\/05\/Waldstorch-Cano-Negro-topaz-scaled.jpeg\" data-caption-title=\"Waldstorch (JK \/ 1. Jahr)\" data-caption-desc=\"Cano Negro (CR), 2024\" data-attachment-id=\"12026\" data-type=\"image\" class=\"fg-thumb\"><span class=\"fg-image-wrap\"><img decoding=\"async\" title=\"Waldstorch (JK \/ 1. Jahr)\" width=\"750\" height=\"500\" class=\"skip-lazy fg-image\" data-src-fg=\"https:\/\/goetzens-auf-reisen.com\/wp-content\/uploads\/cache\/2022\/05\/Waldstorch-Cano-Negro-topaz-scaled\/635447278.jpeg\" src=\"data:image\/svg+xml,%3Csvg%20xmlns%3D%22http%3A%2F%2Fwww.w3.org%2F2000%2Fsvg%22%20width%3D%22750%22%20height%3D%22500%22%20viewBox%3D%220%200%20750%20500%22%3E%3C%2Fsvg%3E\" loading=\"eager\"><\/span><span class=\"fg-image-overlay\"><\/span><\/a><figcaption class=\"fg-caption\"><div class=\"fg-caption-inner\"><div class=\"fg-caption-title\">Waldstorch (JK \/ 1. Jahr)<\/div><div class=\"fg-caption-desc\">Cano Negro (CR), 2024<\/div><\/div><\/figcaption><\/figure><div class=\"fg-loader\"><\/div><\/div><div class=\"fg-item fg-type-image fg-idle\"><figure class=\"fg-item-inner\"><a href=\"https:\/\/goetzens-auf-reisen.com\/wp-content\/uploads\/2020\/12\/imageT1871.jpg\" data-caption-title=\"Glanzklaffschnabel\" data-caption-desc=\"Kavango, 2020\" data-attachment-id=\"3835\" data-type=\"image\" class=\"fg-thumb\"><span class=\"fg-image-wrap\"><img decoding=\"async\" title=\"Glanzklaffschnabel\" width=\"750\" height=\"500\" class=\"skip-lazy fg-image\" data-src-fg=\"https:\/\/goetzens-auf-reisen.com\/wp-content\/uploads\/cache\/2020\/12\/imageT1871\/1022535305.jpg\" src=\"data:image\/svg+xml,%3Csvg%20xmlns%3D%22http%3A%2F%2Fwww.w3.org%2F2000%2Fsvg%22%20width%3D%22750%22%20height%3D%22500%22%20viewBox%3D%220%200%20750%20500%22%3E%3C%2Fsvg%3E\" loading=\"eager\"><\/span><span class=\"fg-image-overlay\"><\/span><\/a><figcaption class=\"fg-caption\"><div class=\"fg-caption-inner\"><div class=\"fg-caption-title\">Glanzklaffschnabel<\/div><div class=\"fg-caption-desc\">Kavango, 2020<\/div><\/div><\/figcaption><\/figure><div class=\"fg-loader\"><\/div><\/div><div class=\"fg-item fg-type-image fg-idle\"><figure class=\"fg-item-inner\"><a href=\"https:\/\/goetzens-auf-reisen.com\/wp-content\/uploads\/2022\/11\/Glanzklaffschnabel-juv-Caprivi-scaled.jpg\" data-caption-title=\"Glanzklaffschnabel (juv.)\n(davor Witwenpfeifg\u00e4nse)\" data-caption-desc=\"Caprivi 2020\" data-attachment-id=\"8649\" data-type=\"image\" class=\"fg-thumb\"><span class=\"fg-image-wrap\"><img decoding=\"async\" title=\"Glanzklaffschnabel (juv.)\n(davor Witwenpfeifg\u00e4nse)\" width=\"750\" height=\"500\" class=\"skip-lazy fg-image\" data-src-fg=\"https:\/\/goetzens-auf-reisen.com\/wp-content\/uploads\/cache\/2022\/11\/Glanzklaffschnabel-juv-Caprivi-scaled\/175508491.jpg\" src=\"data:image\/svg+xml,%3Csvg%20xmlns%3D%22http%3A%2F%2Fwww.w3.org%2F2000%2Fsvg%22%20width%3D%22750%22%20height%3D%22500%22%20viewBox%3D%220%200%20750%20500%22%3E%3C%2Fsvg%3E\" loading=\"eager\"><\/span><span class=\"fg-image-overlay\"><\/span><\/a><figcaption class=\"fg-caption\"><div class=\"fg-caption-inner\"><div class=\"fg-caption-title\">Glanzklaffschnabel (juv.)\n(davor Witwenpfeifg\u00e4nse)<\/div><div class=\"fg-caption-desc\">Caprivi 2020<\/div><\/div><\/figcaption><\/figure><div class=\"fg-loader\"><\/div><\/div><div class=\"fg-item fg-type-image fg-idle\"><figure class=\"fg-item-inner\"><a href=\"https:\/\/goetzens-auf-reisen.com\/wp-content\/uploads\/2025\/01\/DD5A7905A-scaled.jpg\" data-caption-title=\"Wei\u00dfstorch\" data-caption-desc=\"Altmurg Steinmauern, 01-2025\" data-attachment-id=\"13189\" data-type=\"image\" class=\"fg-thumb\"><span class=\"fg-image-wrap\"><img decoding=\"async\" title=\"Wei\u00dfstorch\" width=\"750\" height=\"500\" class=\"skip-lazy fg-image\" data-src-fg=\"https:\/\/goetzens-auf-reisen.com\/wp-content\/uploads\/cache\/2025\/01\/DD5A7905A-scaled\/3287125360.jpg\" src=\"data:image\/svg+xml,%3Csvg%20xmlns%3D%22http%3A%2F%2Fwww.w3.org%2F2000%2Fsvg%22%20width%3D%22750%22%20height%3D%22500%22%20viewBox%3D%220%200%20750%20500%22%3E%3C%2Fsvg%3E\" loading=\"eager\"><\/span><span class=\"fg-image-overlay\"><\/span><\/a><figcaption class=\"fg-caption\"><div class=\"fg-caption-inner\"><div class=\"fg-caption-title\">Wei\u00dfstorch<\/div><div class=\"fg-caption-desc\">Altmurg Steinmauern, 01-2025<\/div><\/div><\/figcaption><\/figure><div class=\"fg-loader\"><\/div><\/div><div class=\"fg-item fg-type-image fg-idle\"><figure class=\"fg-item-inner\"><a href=\"https:\/\/goetzens-auf-reisen.com\/wp-content\/uploads\/2022\/05\/Abdimstorch-Etosha-scaled.jpg\" data-caption-title=\"Abdimstorch\" data-caption-desc=\"Etsoha NP, NAM, 03-2025\" data-attachment-id=\"13487\" data-type=\"image\" class=\"fg-thumb\"><span class=\"fg-image-wrap\"><img decoding=\"async\" title=\"Abdimstorch\" width=\"750\" height=\"500\" class=\"skip-lazy fg-image\" data-src-fg=\"https:\/\/goetzens-auf-reisen.com\/wp-content\/uploads\/cache\/2022\/05\/Abdimstorch-Etosha-scaled\/1891977512.jpg\" src=\"data:image\/svg+xml,%3Csvg%20xmlns%3D%22http%3A%2F%2Fwww.w3.org%2F2000%2Fsvg%22%20width%3D%22750%22%20height%3D%22500%22%20viewBox%3D%220%200%20750%20500%22%3E%3C%2Fsvg%3E\" loading=\"eager\"><\/span><span class=\"fg-image-overlay\"><\/span><\/a><figcaption class=\"fg-caption\"><div class=\"fg-caption-inner\"><div class=\"fg-caption-title\">Abdimstorch<\/div><div class=\"fg-caption-desc\">Etsoha NP, NAM, 03-2025<\/div><\/div><\/figcaption><\/figure><div class=\"fg-loader\"><\/div><\/div><div class=\"fg-item fg-type-image fg-idle\"><figure class=\"fg-item-inner\"><a href=\"https:\/\/goetzens-auf-reisen.com\/wp-content\/uploads\/2022\/05\/Wollhalsstorch-scaled.jpg\" data-caption-title=\"Afrilka Wollhalsstorch\" data-caption-desc=\"Kruger NP, 2022\" data-attachment-id=\"8362\" data-type=\"image\" class=\"fg-thumb\"><span class=\"fg-image-wrap\"><img decoding=\"async\" title=\"Afrilka Wollhalsstorch\" width=\"750\" height=\"500\" class=\"skip-lazy fg-image\" data-src-fg=\"https:\/\/goetzens-auf-reisen.com\/wp-content\/uploads\/cache\/2022\/05\/Wollhalsstorch-scaled\/2247353946.jpg\" src=\"data:image\/svg+xml,%3Csvg%20xmlns%3D%22http%3A%2F%2Fwww.w3.org%2F2000%2Fsvg%22%20width%3D%22750%22%20height%3D%22500%22%20viewBox%3D%220%200%20750%20500%22%3E%3C%2Fsvg%3E\" loading=\"eager\"><\/span><span class=\"fg-image-overlay\"><\/span><\/a><figcaption class=\"fg-caption\"><div class=\"fg-caption-inner\"><div class=\"fg-caption-title\">Afrilka Wollhalsstorch<\/div><div class=\"fg-caption-desc\">Kruger NP, 2022<\/div><\/div><\/figcaption><\/figure><div class=\"fg-loader\"><\/div><\/div><div class=\"fg-item fg-type-image fg-idle\"><figure class=\"fg-item-inner\"><a href=\"https:\/\/goetzens-auf-reisen.com\/wp-content\/uploads\/2022\/05\/Sattelstorch1-scaled.jpg\" data-caption-title=\"Sattelstorch (m.)\" data-caption-desc=\"Kruger NP, 2022\" data-attachment-id=\"8361\" data-type=\"image\" class=\"fg-thumb\"><span class=\"fg-image-wrap\"><img decoding=\"async\" title=\"Sattelstorch (m.)\" width=\"750\" height=\"500\" class=\"skip-lazy fg-image\" data-src-fg=\"https:\/\/goetzens-auf-reisen.com\/wp-content\/uploads\/cache\/2022\/05\/Sattelstorch1-scaled\/3972092855.jpg\" src=\"data:image\/svg+xml,%3Csvg%20xmlns%3D%22http%3A%2F%2Fwww.w3.org%2F2000%2Fsvg%22%20width%3D%22750%22%20height%3D%22500%22%20viewBox%3D%220%200%20750%20500%22%3E%3C%2Fsvg%3E\" loading=\"eager\"><\/span><span class=\"fg-image-overlay\"><\/span><\/a><figcaption class=\"fg-caption\"><div class=\"fg-caption-inner\"><div class=\"fg-caption-title\">Sattelstorch (m.)<\/div><div class=\"fg-caption-desc\">Kruger NP, 2022<\/div><\/div><\/figcaption><\/figure><div class=\"fg-loader\"><\/div><\/div><div class=\"fg-item fg-type-image fg-idle\"><figure class=\"fg-item-inner\"><a href=\"https:\/\/goetzens-auf-reisen.com\/wp-content\/uploads\/2022\/05\/Sattelstorch-w-scaled.jpg\" data-caption-title=\"Sattelstorch (w.)\" data-caption-desc=\"Caprivi  2021\" data-attachment-id=\"8801\" data-type=\"image\" class=\"fg-thumb\"><span class=\"fg-image-wrap\"><img decoding=\"async\" title=\"Sattelstorch (w.)\" width=\"750\" height=\"500\" class=\"skip-lazy fg-image\" data-src-fg=\"https:\/\/goetzens-auf-reisen.com\/wp-content\/uploads\/cache\/2022\/05\/Sattelstorch-w-scaled\/969251792.jpg\" src=\"data:image\/svg+xml,%3Csvg%20xmlns%3D%22http%3A%2F%2Fwww.w3.org%2F2000%2Fsvg%22%20width%3D%22750%22%20height%3D%22500%22%20viewBox%3D%220%200%20750%20500%22%3E%3C%2Fsvg%3E\" loading=\"eager\"><\/span><span class=\"fg-image-overlay\"><\/span><\/a><figcaption class=\"fg-caption\"><div class=\"fg-caption-inner\"><div class=\"fg-caption-title\">Sattelstorch (w.)<\/div><div class=\"fg-caption-desc\">Caprivi  2021<\/div><\/div><\/figcaption><\/figure><div class=\"fg-loader\"><\/div><\/div><div class=\"fg-item fg-type-image fg-idle\"><figure class=\"fg-item-inner\"><a href=\"https:\/\/goetzens-auf-reisen.com\/wp-content\/uploads\/2020\/12\/imageT1389.jpg\" data-caption-title=\"Marabu\" data-caption-desc=\"Etosha, 2020\" data-attachment-id=\"3834\" data-type=\"image\" class=\"fg-thumb\"><span class=\"fg-image-wrap\"><img decoding=\"async\" title=\"Marabu\" width=\"750\" height=\"500\" class=\"skip-lazy fg-image\" data-src-fg=\"https:\/\/goetzens-auf-reisen.com\/wp-content\/uploads\/cache\/2020\/12\/imageT1389\/2648996777.jpg\" src=\"data:image\/svg+xml,%3Csvg%20xmlns%3D%22http%3A%2F%2Fwww.w3.org%2F2000%2Fsvg%22%20width%3D%22750%22%20height%3D%22500%22%20viewBox%3D%220%200%20750%20500%22%3E%3C%2Fsvg%3E\" loading=\"eager\"><\/span><span class=\"fg-image-overlay\"><\/span><\/a><figcaption class=\"fg-caption\"><div class=\"fg-caption-inner\"><div class=\"fg-caption-title\">Marabu<\/div><div class=\"fg-caption-desc\">Etosha, 2020<\/div><\/div><\/figcaption><\/figure><div class=\"fg-loader\"><\/div><\/div>\t\t<\/div>\n\t\t<div class=\"fiv-ctrls\">\n\t\t\t<button type=\"button\" class=\"fiv-prev\" title=\"Zur\u00fcck\"><span>Zur\u00fcck<\/span><\/button>\n\t\t\t<label class=\"fiv-count\"><span class=\"fiv-count-current\">1<\/span>von<span class=\"fiv-count-total\">14<\/span><\/label>\n\t\t\t<button type=\"button\" class=\"fiv-next\" title=\"Vor\"><span>Vor<\/span><\/button>\n\t\t<\/div>\n\t<\/div>\n<\/div>\n\n\n<div class=\"wp-block-buttons is-content-justification-center is-layout-flex wp-container-core-buttons-is-layout-16018d1d wp-block-buttons-is-layout-flex\">\n<div class=\"wp-block-button has-custom-width wp-block-button__width-50 has-custom-font-size is-style-outline is-style-outline--2\" style=\"font-size:15px\"><a class=\"wp-block-button__link has-cyan-bluish-gray-color has-text-color wp-element-button\" href=\"https:\/\/goetzens-auf-reisen.com\/?page_id=2832\">&lt;&lt; zur\u00fcck zu V\u00f6gel<\/a><\/div>\n<\/div>\n\n\n\n<figure class=\"wp-block-gallery has-nested-images columns-default is-cropped wp-block-gallery-3 is-layout-flex wp-block-gallery-is-layout-flex\">\n<figure class=\"wp-block-image size-large\"><a href=\"https:\/\/goetzens-auf-reisen.com\/wp-content\/uploads\/2019\/08\/IMG_189Portimao.jpg\"><img loading=\"lazy\" decoding=\"async\" width=\"1024\" height=\"683\" data-id=\"303\" src=\"https:\/\/goetzens-auf-reisen.com\/wp-content\/uploads\/2019\/08\/IMG_189Portimao-1024x683.jpg\" alt=\"\" class=\"wp-image-303\" srcset=\"https:\/\/goetzens-auf-reisen.com\/wp-content\/uploads\/2019\/08\/IMG_189Portimao-1024x683.jpg 1024w, https:\/\/goetzens-auf-reisen.com\/wp-content\/uploads\/2019\/08\/IMG_189Portimao-300x200.jpg 300w, https:\/\/goetzens-auf-reisen.com\/wp-content\/uploads\/2019\/08\/IMG_189Portimao-768x512.jpg 768w, https:\/\/goetzens-auf-reisen.com\/wp-content\/uploads\/2019\/08\/IMG_189Portimao.jpg 1200w\" sizes=\"auto, (max-width: 767px) 89vw, (max-width: 1000px) 54vw, (max-width: 1071px) 543px, 580px\" \/><\/a><figcaption class=\"wp-element-caption\">Wei\u00dfstorch, Portimao (PT)<\/figcaption><\/figure>\n\n\n\n<figure class=\"wp-block-image size-large\"><a href=\"https:\/\/goetzens-auf-reisen.com\/wp-content\/uploads\/2022\/05\/Weissstorch-Sauerdelta-scaled.jpg\"><img loading=\"lazy\" decoding=\"async\" width=\"1024\" height=\"683\" data-id=\"8755\" src=\"https:\/\/goetzens-auf-reisen.com\/wp-content\/uploads\/2022\/05\/Weissstorch-Sauerdelta-1024x683.jpg\" alt=\"\" class=\"wp-image-8755\" srcset=\"https:\/\/goetzens-auf-reisen.com\/wp-content\/uploads\/2022\/05\/Weissstorch-Sauerdelta-1024x683.jpg 1024w, https:\/\/goetzens-auf-reisen.com\/wp-content\/uploads\/2022\/05\/Weissstorch-Sauerdelta-300x200.jpg 300w, https:\/\/goetzens-auf-reisen.com\/wp-content\/uploads\/2022\/05\/Weissstorch-Sauerdelta-768x512.jpg 768w, https:\/\/goetzens-auf-reisen.com\/wp-content\/uploads\/2022\/05\/Weissstorch-Sauerdelta-1536x1024.jpg 1536w, https:\/\/goetzens-auf-reisen.com\/wp-content\/uploads\/2022\/05\/Weissstorch-Sauerdelta-2048x1365.jpg 2048w\" sizes=\"auto, (max-width: 767px) 89vw, (max-width: 1000px) 54vw, (max-width: 1071px) 543px, 580px\" \/><\/a><figcaption class=\"wp-element-caption\">Wei\u00dfstorch, Sauerdelta <\/figcaption><\/figure>\n\n\n\n<figure class=\"wp-block-image size-large\"><a href=\"https:\/\/goetzens-auf-reisen.com\/wp-content\/uploads\/2026\/04\/DD5A5754-scaled.jpg\"><img loading=\"lazy\" decoding=\"async\" width=\"1024\" height=\"683\" data-id=\"14964\" src=\"https:\/\/goetzens-auf-reisen.com\/wp-content\/uploads\/2026\/04\/DD5A5754-1024x683.jpg\" alt=\"\" class=\"wp-image-14964\" srcset=\"https:\/\/goetzens-auf-reisen.com\/wp-content\/uploads\/2026\/04\/DD5A5754-1024x683.jpg 1024w, https:\/\/goetzens-auf-reisen.com\/wp-content\/uploads\/2026\/04\/DD5A5754-300x200.jpg 300w, https:\/\/goetzens-auf-reisen.com\/wp-content\/uploads\/2026\/04\/DD5A5754-768x512.jpg 768w, https:\/\/goetzens-auf-reisen.com\/wp-content\/uploads\/2026\/04\/DD5A5754-1536x1024.jpg 1536w, https:\/\/goetzens-auf-reisen.com\/wp-content\/uploads\/2026\/04\/DD5A5754-2048x1365.jpg 2048w\" sizes=\"auto, (max-width: 767px) 89vw, (max-width: 1000px) 54vw, (max-width: 1071px) 543px, 580px\" \/><\/a><figcaption class=\"wp-element-caption\">Jabiru, Belize<\/figcaption><\/figure>\n<\/figure>\n\n\n\n<p><\/p>\n","protected":false},"excerpt":{"rendered":"<p>Familie: St\u00f6rche Gattungen: Nimmersatte (Mycteria)Klaffschn\u00e4bel (Anastomus)Eigentliche St\u00f6rche (Ciconia)Gro\u00dfst\u00f6rche (Ephippiorhynchus)Marabus (Leptoptilos)<\/p>\n","protected":false},"author":1,"featured_media":0,"parent":0,"menu_order":0,"comment_status":"closed","ping_status":"closed","template":"","meta":{"footnotes":""},"class_list":["post-9842","page","type-page","status-publish","hentry"],"_links":{"self":[{"href":"https:\/\/goetzens-auf-reisen.com\/index.php?rest_route=\/wp\/v2\/pages\/9842","targetHints":{"allow":["GET"]}}],"collection":[{"href":"https:\/\/goetzens-auf-reisen.com\/index.php?rest_route=\/wp\/v2\/pages"}],"about":[{"href":"https:\/\/goetzens-auf-reisen.com\/index.php?rest_route=\/wp\/v2\/types\/page"}],"author":[{"embeddable":true,"href":"https:\/\/goetzens-auf-reisen.com\/index.php?rest_route=\/wp\/v2\/users\/1"}],"replies":[{"embeddable":true,"href":"https:\/\/goetzens-auf-reisen.com\/index.php?rest_route=%2Fwp%2Fv2%2Fcomments&post=9842"}],"version-history":[{"count":6,"href":"https:\/\/goetzens-auf-reisen.com\/index.php?rest_route=\/wp\/v2\/pages\/9842\/revisions"}],"predecessor-version":[{"id":14966,"href":"https:\/\/goetzens-auf-reisen.com\/index.php?rest_route=\/wp\/v2\/pages\/9842\/revisions\/14966"}],"wp:attachment":[{"href":"https:\/\/goetzens-auf-reisen.com\/index.php?rest_route=%2Fwp%2Fv2%2Fmedia&parent=9842"}],"curies":[{"name":"wp","href":"https:\/\/api.w.org\/{rel}","templated":true}]}}