{"id":9995,"date":"2023-07-06T13:24:54","date_gmt":"2023-07-06T11:24:54","guid":{"rendered":"https:\/\/goetzens-auf-reisen.com\/?page_id=9995"},"modified":"2026-01-06T09:57:26","modified_gmt":"2026-01-06T08:57:26","slug":"buelbuels","status":"publish","type":"page","link":"https:\/\/goetzens-auf-reisen.com\/?page_id=9995","title":{"rendered":"B\u00fclb\u00fcls"},"content":{"rendered":"\n<p><strong>Gattungen: <\/strong><br>Echte B\u00fclb\u00fcls (<em>Pycnonotus<\/em>)<br><em>Chlorocichla<\/em><br><em>Phyllastrephus<\/em><br><\/p>\n\n\n<style type=\"text\/css\">\n#foogallery-gallery-4581 .fg-image { width: 750px; }<\/style>\n\t\t\t<div class=\"foogallery foogallery-container foogallery-image-viewer foogallery-link-image foogallery-lightbox-foogallery fg-center fg-image-viewer fg-ready fg-light fg-loading-default fg-loaded-fade-in fg-hover-zoomed fg-caption-hover fg-hover-fade fg-hover-zoom3 fg-transparent-overlays\" id=\"foogallery-gallery-4581\" data-foogallery=\"{&quot;item&quot;:{&quot;showCaptionTitle&quot;:true,&quot;showCaptionDescription&quot;:true},&quot;lazy&quot;:true,&quot;template&quot;:{&quot;loop&quot;:false}}\" data-foogallery-lightbox=\"{&quot;theme&quot;:&quot;fg-light&quot;,&quot;thumbs&quot;:&quot;left&quot;,&quot;thumbsCaptions&quot;:true,&quot;thumbsBestFit&quot;:false,&quot;thumbsSmall&quot;:false,&quot;thumbsCaptionsAlign&quot;:&quot;default&quot;,&quot;info&quot;:&quot;bottom&quot;,&quot;infoVisible&quot;:true,&quot;infoOverlay&quot;:true,&quot;infoAlign&quot;:&quot;center&quot;,&quot;transition&quot;:&quot;fade&quot;,&quot;hoverButtons&quot;:false,&quot;fitMedia&quot;:false,&quot;noScrollbars&quot;:true,&quot;preserveButtonSpace&quot;:true,&quot;buttons&quot;:{&quot;fullscreen&quot;:true,&quot;info&quot;:true,&quot;thumbs&quot;:false},&quot;video&quot;:{&quot;autoPlay&quot;:true}}\" style=\"--fg-title-line-clamp: 0; --fg-description-line-clamp: 0;\" >\n\t<div class=\"fiv-inner\">\n\t\t<div class=\"fiv-inner-container\">\n\t\t\t<div class=\"fg-item fg-type-image fg-idle\"><figure class=\"fg-item-inner\"><a href=\"https:\/\/goetzens-auf-reisen.com\/wp-content\/uploads\/2021\/01\/image13272a.jpg\" data-caption-title=\"Feueraugenb\u00fclb\u00fcl\" data-caption-desc=\"Brandberg, NAM, 2020\" data-attachment-id=\"4035\" data-type=\"image\" class=\"fg-thumb\"><span class=\"fg-image-wrap\"><img fetchpriority=\"high\" decoding=\"async\" title=\"Feueraugenb\u00fclb\u00fcl\" width=\"750\" height=\"500\" class=\"skip-lazy fg-image\" data-src-fg=\"https:\/\/goetzens-auf-reisen.com\/wp-content\/uploads\/cache\/2021\/01\/image13272a\/4129746769.jpg\" src=\"data:image\/svg+xml,%3Csvg%20xmlns%3D%22http%3A%2F%2Fwww.w3.org%2F2000%2Fsvg%22%20width%3D%22750%22%20height%3D%22500%22%20viewBox%3D%220%200%20750%20500%22%3E%3C%2Fsvg%3E\" loading=\"eager\"><\/span><span class=\"fg-image-overlay\"><\/span><\/a><figcaption class=\"fg-caption\"><div class=\"fg-caption-inner\"><div class=\"fg-caption-title\">Feueraugenb\u00fclb\u00fcl<\/div><div class=\"fg-caption-desc\">Brandberg, NAM, 2020<\/div><\/div><\/figcaption><\/figure><div class=\"fg-loader\"><\/div><\/div><div class=\"fg-item fg-type-image fg-idle\"><figure class=\"fg-item-inner\"><a href=\"https:\/\/goetzens-auf-reisen.com\/wp-content\/uploads\/2021\/01\/buelbuel-de-hoop.jpg\" data-caption-title=\"Kap-B\u00fclb\u00fcl\" data-caption-desc=\"de Hoop NP (SA), 2015\" data-attachment-id=\"4365\" data-type=\"image\" class=\"fg-thumb\"><span class=\"fg-image-wrap\"><img decoding=\"async\" title=\"Kap-B\u00fclb\u00fcl\" width=\"750\" height=\"500\" class=\"skip-lazy fg-image\" data-src-fg=\"https:\/\/goetzens-auf-reisen.com\/wp-content\/uploads\/cache\/2021\/01\/buelbuel-de-hoop\/152116126.jpg\" src=\"data:image\/svg+xml,%3Csvg%20xmlns%3D%22http%3A%2F%2Fwww.w3.org%2F2000%2Fsvg%22%20width%3D%22750%22%20height%3D%22500%22%20viewBox%3D%220%200%20750%20500%22%3E%3C%2Fsvg%3E\" loading=\"eager\"><\/span><span class=\"fg-image-overlay\"><\/span><\/a><figcaption class=\"fg-caption\"><div class=\"fg-caption-inner\"><div class=\"fg-caption-title\">Kap-B\u00fclb\u00fcl<\/div><div class=\"fg-caption-desc\">de Hoop NP (SA), 2015<\/div><\/div><\/figcaption><\/figure><div class=\"fg-loader\"><\/div><\/div><div class=\"fg-item fg-type-image fg-idle\"><figure class=\"fg-item-inner\"><a href=\"https:\/\/goetzens-auf-reisen.com\/wp-content\/uploads\/2022\/09\/IMG_0158.jpg\" data-caption-title=\"Graub\u00fclb\u00fcl (ssp. Pycnonotus barbatus ssp. layardi)\" data-caption-desc=\"Piet Retief (SA), 2022\" data-attachment-id=\"8302\" data-type=\"image\" class=\"fg-thumb\"><span class=\"fg-image-wrap\"><img decoding=\"async\" title=\"Graub\u00fclb\u00fcl (ssp. Pycnonotus barbatus ssp. layardi)\" width=\"750\" height=\"500\" class=\"skip-lazy fg-image\" data-src-fg=\"https:\/\/goetzens-auf-reisen.com\/wp-content\/uploads\/cache\/2022\/09\/IMG_0158\/2371448931.jpg\" src=\"data:image\/svg+xml,%3Csvg%20xmlns%3D%22http%3A%2F%2Fwww.w3.org%2F2000%2Fsvg%22%20width%3D%22750%22%20height%3D%22500%22%20viewBox%3D%220%200%20750%20500%22%3E%3C%2Fsvg%3E\" loading=\"eager\"><\/span><span class=\"fg-image-overlay\"><\/span><\/a><figcaption class=\"fg-caption\"><div class=\"fg-caption-inner\"><div class=\"fg-caption-title\">Graub\u00fclb\u00fcl (ssp. Pycnonotus barbatus ssp. layardi)<\/div><div class=\"fg-caption-desc\">Piet Retief (SA), 2022<\/div><\/div><\/figcaption><\/figure><div class=\"fg-loader\"><\/div><\/div><div class=\"fg-item fg-type-image fg-idle\"><figure class=\"fg-item-inner\"><a href=\"https:\/\/goetzens-auf-reisen.com\/wp-content\/uploads\/2021\/05\/Graubuelbuel-Marrakesch-topaz-scaled.jpg\" data-caption-title=\"Graub\u00fclb\u00fcl (ssp. Pycnonotus barbatus barbatus)\" data-caption-desc=\"Marrakesch (MAR), 2022\" data-attachment-id=\"12876\" data-type=\"image\" class=\"fg-thumb\"><span class=\"fg-image-wrap\"><img decoding=\"async\" title=\"Graub\u00fclb\u00fcl (ssp. Pycnonotus barbatus barbatus)\" width=\"750\" height=\"500\" class=\"skip-lazy fg-image\" data-src-fg=\"https:\/\/goetzens-auf-reisen.com\/wp-content\/uploads\/cache\/2021\/05\/Graubuelbuel-Marrakesch-topaz-scaled\/312203784.jpg\" src=\"data:image\/svg+xml,%3Csvg%20xmlns%3D%22http%3A%2F%2Fwww.w3.org%2F2000%2Fsvg%22%20width%3D%22750%22%20height%3D%22500%22%20viewBox%3D%220%200%20750%20500%22%3E%3C%2Fsvg%3E\" loading=\"eager\"><\/span><span class=\"fg-image-overlay\"><\/span><\/a><figcaption class=\"fg-caption\"><div class=\"fg-caption-inner\"><div class=\"fg-caption-title\">Graub\u00fclb\u00fcl (ssp. Pycnonotus barbatus barbatus)<\/div><div class=\"fg-caption-desc\">Marrakesch (MAR), 2022<\/div><\/div><\/figcaption><\/figure><div class=\"fg-loader\"><\/div><\/div><div class=\"fg-item fg-type-image fg-idle\"><figure class=\"fg-item-inner\"><a href=\"https:\/\/goetzens-auf-reisen.com\/wp-content\/uploads\/2021\/05\/Russkopfbuelbuel.jpg\" data-caption-title=\"Graub\u00fclb\u00fcl (ssp. Pycnonotus barbatus tricolor, Ru\u00dfkopfb\u00fclb\u00fcl)\" data-caption-desc=\"Divundu (NAM), 2021\" data-attachment-id=\"6601\" data-type=\"image\" class=\"fg-thumb\"><span class=\"fg-image-wrap\"><img decoding=\"async\" title=\"Graub\u00fclb\u00fcl (ssp. Pycnonotus barbatus tricolor, Ru\u00dfkopfb\u00fclb\u00fcl)\" width=\"750\" height=\"500\" class=\"skip-lazy fg-image\" data-src-fg=\"https:\/\/goetzens-auf-reisen.com\/wp-content\/uploads\/cache\/2021\/05\/Russkopfbuelbuel\/40129917.jpg\" src=\"data:image\/svg+xml,%3Csvg%20xmlns%3D%22http%3A%2F%2Fwww.w3.org%2F2000%2Fsvg%22%20width%3D%22750%22%20height%3D%22500%22%20viewBox%3D%220%200%20750%20500%22%3E%3C%2Fsvg%3E\" loading=\"eager\"><\/span><span class=\"fg-image-overlay\"><\/span><\/a><figcaption class=\"fg-caption\"><div class=\"fg-caption-inner\"><div class=\"fg-caption-title\">Graub\u00fclb\u00fcl (ssp. Pycnonotus barbatus tricolor, Ru\u00dfkopfb\u00fclb\u00fcl)<\/div><div class=\"fg-caption-desc\">Divundu (NAM), 2021<\/div><\/div><\/figcaption><\/figure><div class=\"fg-loader\"><\/div><\/div><div class=\"fg-item fg-type-image fg-idle\"><figure class=\"fg-item-inner\"><a href=\"https:\/\/goetzens-auf-reisen.com\/wp-content\/uploads\/2021\/05\/Gelbbauchbuelbuel.jpg\" data-caption-title=\"Gelbbauchb\u00fclb\u00fcl\r\n(ssp. Chlorocichla flaviventris occidentalis)\" data-caption-desc=\"Kunene (NAM),  2021\" data-attachment-id=\"6346\" data-type=\"image\" class=\"fg-thumb\"><span class=\"fg-image-wrap\"><img decoding=\"async\" title=\"Gelbbauchb\u00fclb\u00fcl\r\n(ssp. Chlorocichla flaviventris occidentalis)\" width=\"750\" height=\"500\" class=\"skip-lazy fg-image\" data-src-fg=\"https:\/\/goetzens-auf-reisen.com\/wp-content\/uploads\/cache\/2021\/05\/Gelbbauchbuelbuel\/4148902042.jpg\" src=\"data:image\/svg+xml,%3Csvg%20xmlns%3D%22http%3A%2F%2Fwww.w3.org%2F2000%2Fsvg%22%20width%3D%22750%22%20height%3D%22500%22%20viewBox%3D%220%200%20750%20500%22%3E%3C%2Fsvg%3E\" loading=\"eager\"><\/span><span class=\"fg-image-overlay\"><\/span><\/a><figcaption class=\"fg-caption\"><div class=\"fg-caption-inner\"><div class=\"fg-caption-title\">Gelbbauchb\u00fclb\u00fcl\r\n(ssp. Chlorocichla flaviventris occidentalis)<\/div><div class=\"fg-caption-desc\">Kunene (NAM),  2021<\/div><\/div><\/figcaption><\/figure><div class=\"fg-loader\"><\/div><\/div><div class=\"fg-item fg-type-image fg-idle\"><figure class=\"fg-item-inner\"><a href=\"https:\/\/goetzens-auf-reisen.com\/wp-content\/uploads\/2021\/05\/Gelbbauchbuelbuel-Sant-Lucia-scaled.jpg\" data-caption-title=\"Gelbbauchb\u00fclb\u00fcl \r\n(ssp. Chlorocichla flaviventris flaviventris)\" data-caption-desc=\"Sant Lucia (SA), 2022\" data-attachment-id=\"8372\" data-type=\"image\" class=\"fg-thumb\"><span class=\"fg-image-wrap\"><img decoding=\"async\" title=\"Gelbbauchb\u00fclb\u00fcl \r\n(ssp. Chlorocichla flaviventris flaviventris)\" width=\"750\" height=\"500\" class=\"skip-lazy fg-image\" data-src-fg=\"https:\/\/goetzens-auf-reisen.com\/wp-content\/uploads\/cache\/2021\/05\/Gelbbauchbuelbuel-Sant-Lucia-scaled\/2174426982.jpg\" src=\"data:image\/svg+xml,%3Csvg%20xmlns%3D%22http%3A%2F%2Fwww.w3.org%2F2000%2Fsvg%22%20width%3D%22750%22%20height%3D%22500%22%20viewBox%3D%220%200%20750%20500%22%3E%3C%2Fsvg%3E\" loading=\"eager\"><\/span><span class=\"fg-image-overlay\"><\/span><\/a><figcaption class=\"fg-caption\"><div class=\"fg-caption-inner\"><div class=\"fg-caption-title\">Gelbbauchb\u00fclb\u00fcl \r\n(ssp. Chlorocichla flaviventris flaviventris)<\/div><div class=\"fg-caption-desc\">Sant Lucia (SA), 2022<\/div><\/div><\/figcaption><\/figure><div class=\"fg-loader\"><\/div><\/div><div class=\"fg-item fg-type-image fg-idle\"><figure class=\"fg-item-inner\"><a href=\"https:\/\/goetzens-auf-reisen.com\/wp-content\/uploads\/2023\/07\/vielleicht-Laubbuelbuel-Caprivi-2021-scaled.jpg\" data-caption-title=\"Laubb\u00fclb\u00fcl\" data-caption-desc=\"Caprivi 2021\" data-attachment-id=\"10282\" data-type=\"image\" class=\"fg-thumb\"><span class=\"fg-image-wrap\"><img decoding=\"async\" title=\"Laubb\u00fclb\u00fcl\" width=\"750\" height=\"500\" class=\"skip-lazy fg-image\" data-src-fg=\"https:\/\/goetzens-auf-reisen.com\/wp-content\/uploads\/cache\/2023\/07\/vielleicht-Laubbuelbuel-Caprivi-2021-scaled\/1377756196.jpg\" src=\"data:image\/svg+xml,%3Csvg%20xmlns%3D%22http%3A%2F%2Fwww.w3.org%2F2000%2Fsvg%22%20width%3D%22750%22%20height%3D%22500%22%20viewBox%3D%220%200%20750%20500%22%3E%3C%2Fsvg%3E\" loading=\"eager\"><\/span><span class=\"fg-image-overlay\"><\/span><\/a><figcaption class=\"fg-caption\"><div class=\"fg-caption-inner\"><div class=\"fg-caption-title\">Laubb\u00fclb\u00fcl<\/div><div class=\"fg-caption-desc\">Caprivi 2021<\/div><\/div><\/figcaption><\/figure><div class=\"fg-loader\"><\/div><\/div>\t\t<\/div>\n\t\t<div class=\"fiv-ctrls\">\n\t\t\t<button type=\"button\" class=\"fiv-prev\" title=\"Zur\u00fcck\"><span>Zur\u00fcck<\/span><\/button>\n\t\t\t<label class=\"fiv-count\"><span class=\"fiv-count-current\">1<\/span>von<span class=\"fiv-count-total\">8<\/span><\/label>\n\t\t\t<button type=\"button\" class=\"fiv-next\" title=\"Vor\"><span>Vor<\/span><\/button>\n\t\t<\/div>\n\t<\/div>\n<\/div>\n\n\n<div class=\"wp-block-buttons is-content-justification-center is-layout-flex wp-container-core-buttons-is-layout-16018d1d wp-block-buttons-is-layout-flex\">\n<div class=\"wp-block-button has-custom-width wp-block-button__width-50 is-style-outline is-style-outline--2\"><a class=\"wp-block-button__link has-cyan-bluish-gray-color has-text-color has-custom-font-size wp-element-button\" href=\"https:\/\/goetzens-auf-reisen.com\/?page_id=2832\" style=\"font-size:15px\">&lt;&lt; zur\u00fcck zu V\u00f6gel<\/a><\/div>\n<\/div>\n\n\n\n<div class=\"wp-block-buttons has-custom-font-size is-content-justification-center is-layout-flex wp-container-core-buttons-is-layout-16018d1d wp-block-buttons-is-layout-flex\" style=\"font-size:15px\">\n<div class=\"wp-block-button has-custom-width wp-block-button__width-50 is-style-outline is-style-outline--3\"><a class=\"wp-block-button__link has-cyan-bluish-gray-color has-text-color wp-element-button\" href=\"https:\/\/goetzens-auf-reisen.com\/?page_id=4572\">&lt;&lt; zur\u00fcck zu Sperlingsv\u00f6gel<\/a><\/div>\n<\/div>\n","protected":false},"excerpt":{"rendered":"<p>Gattungen: Echte B\u00fclb\u00fcls (Pycnonotus)ChlorocichlaPhyllastrephus<\/p>\n","protected":false},"author":1,"featured_media":0,"parent":0,"menu_order":0,"comment_status":"closed","ping_status":"closed","template":"","meta":{"footnotes":""},"class_list":["post-9995","page","type-page","status-publish","hentry"],"_links":{"self":[{"href":"https:\/\/goetzens-auf-reisen.com\/index.php?rest_route=\/wp\/v2\/pages\/9995","targetHints":{"allow":["GET"]}}],"collection":[{"href":"https:\/\/goetzens-auf-reisen.com\/index.php?rest_route=\/wp\/v2\/pages"}],"about":[{"href":"https:\/\/goetzens-auf-reisen.com\/index.php?rest_route=\/wp\/v2\/types\/page"}],"author":[{"embeddable":true,"href":"https:\/\/goetzens-auf-reisen.com\/index.php?rest_route=\/wp\/v2\/users\/1"}],"replies":[{"embeddable":true,"href":"https:\/\/goetzens-auf-reisen.com\/index.php?rest_route=%2Fwp%2Fv2%2Fcomments&post=9995"}],"version-history":[{"count":3,"href":"https:\/\/goetzens-auf-reisen.com\/index.php?rest_route=\/wp\/v2\/pages\/9995\/revisions"}],"predecessor-version":[{"id":14187,"href":"https:\/\/goetzens-auf-reisen.com\/index.php?rest_route=\/wp\/v2\/pages\/9995\/revisions\/14187"}],"wp:attachment":[{"href":"https:\/\/goetzens-auf-reisen.com\/index.php?rest_route=%2Fwp%2Fv2%2Fmedia&parent=9995"}],"curies":[{"name":"wp","href":"https:\/\/api.w.org\/{rel}","templated":true}]}}